{"id":1124,"date":"2020-06-03T23:52:59","date_gmt":"2020-06-03T23:52:59","guid":{"rendered":"https:\/\/kompozits.lv\/product\/blue-self-polishing-antifouling-paint-750-ml\/"},"modified":"2023-08-01T00:04:47","modified_gmt":"2023-07-31T21:04:47","slug":"blue-self-polishing-antifouling-paint-750-ml","status":"publish","type":"product","link":"https:\/\/kompozits.lv\/en\/product\/blue-self-polishing-antifouling-paint-750-ml\/","title":{"rendered":"Blue self-polishing antifouling paint; 750 ml"},"content":{"rendered":"<ul class=\"unIndentedList\">\n<li>Suitable for salty and regular water.<\/li>\n<li>Suitable for sailing and motor boats traveling with a maximum speed 40 knots.<\/li>\n<li>For use on steel, wood and laminate hulls.<\/li>\n<li>Do not use aluminum.<\/li>\n<li>Easy to apply.<\/li>\n<li>Fast drying time.<\/li>\n<li>Thinning is not recommended because it reduces the effectiveness of the paint.<\/li>\n<li>Paint is composed of copper oxide and resins. It does not contain tin compounds.<\/li>\n<li>As a primer coat, use Sea-Line\u00ae epoxy primer\u00a0 \u2013 for example:\u00a0 Sea-Line\u00ae Antisorrosiv protection 4:1, Lightprimer 5:1, Universal primer 1K.<\/li>\n<\/ul>\n","protected":false},"excerpt":{"rendered":"<p>Suitable for salty and regular water. Suitable for sailing and motor boats traveling with a maximum speed 40 knots. For use on steel, wood and laminate hulls. Do not use aluminum. Easy to apply. Fast drying time. Thinning is not recommended because it reduces the effectiveness of the paint. Paint is composed of copper oxide [&hellip;]<\/p>\n","protected":false},"featured_media":3781,"comment_status":"closed","ping_status":"closed","template":"","meta":{"_acf_changed":false},"product_brand":[],"product_cat":[179],"product_tag":[],"class_list":{"0":"post-1124","1":"product","2":"type-product","3":"status-publish","4":"has-post-thumbnail","6":"product_cat-antifouling-paints","8":"first","9":"instock","10":"taxable","11":"shipping-taxable","12":"purchasable","13":"product-type-variable"},"acf":[],"yoast_head":"<!-- This site is optimized with the Yoast SEO Premium plugin v23.7 (Yoast SEO v26.9) - https:\/\/yoast.com\/product\/yoast-seo-premium-wordpress\/ -->\n<title>Blue self-polishing antifouling paint; 750 ml &#8211; Kompozits.lv<\/title>\n<meta name=\"robots\" content=\"index, follow, max-snippet:-1, max-image-preview:large, max-video-preview:-1\" \/>\n<link rel=\"canonical\" href=\"https:\/\/kompozits.lv\/en\/product\/blue-self-polishing-antifouling-paint-750-ml\/\" \/>\n<meta property=\"og:locale\" content=\"en_US\" \/>\n<meta property=\"og:type\" content=\"article\" \/>\n<meta property=\"og:title\" content=\"Blue self-polishing antifouling paint; 750 ml\" \/>\n<meta property=\"og:description\" content=\"Suitable for salty and regular water. Suitable for sailing and motor boats traveling with a maximum speed 40 knots. For use on steel, wood and laminate hulls. Do not use aluminum. Easy to apply. Fast drying time. Thinning is not recommended because it reduces the effectiveness of the paint. Paint is composed of copper oxide [&hellip;]\" \/>\n<meta property=\"og:url\" content=\"https:\/\/kompozits.lv\/en\/product\/blue-self-polishing-antifouling-paint-750-ml\/\" \/>\n<meta property=\"og:site_name\" content=\"Kompozits.lv\" \/>\n<meta property=\"article:publisher\" content=\"https:\/\/www.facebook.com\/kompozits\/\" \/>\n<meta property=\"article:modified_time\" content=\"2023-07-31T21:04:47+00:00\" \/>\n<meta property=\"og:image\" content=\"https:\/\/kompozits.lv\/app\/uploads\/2020\/06\/paspulejosa-neapaugosa-krasa-self-polishing-antifouling-paint-Samopolirujushhajasja-neobrastajushhaja-kraska-sea-line-750-ml-min.jpg\" \/>\n\t<meta property=\"og:image:width\" content=\"1000\" \/>\n\t<meta property=\"og:image:height\" content=\"1000\" \/>\n\t<meta property=\"og:image:type\" content=\"image\/jpeg\" \/>\n<meta name=\"twitter:card\" content=\"summary_large_image\" \/>\n<meta name=\"twitter:label1\" content=\"Availability\" \/>\n\t<meta name=\"twitter:data1\" content=\"In stock\" \/>\n<script type=\"application\/ld+json\" class=\"yoast-schema-graph\">{\"@context\":\"https:\/\/schema.org\",\"@graph\":[{\"@type\":\"WebPage\",\"@id\":\"https:\/\/kompozits.lv\/en\/product\/blue-self-polishing-antifouling-paint-750-ml\/\",\"url\":\"https:\/\/kompozits.lv\/en\/product\/blue-self-polishing-antifouling-paint-750-ml\/\",\"name\":\"Blue self-polishing antifouling paint; 750 ml &#8211; Kompozits.lv\",\"isPartOf\":{\"@id\":\"https:\/\/kompozits.lv\/en\/#website\"},\"primaryImageOfPage\":{\"@id\":\"https:\/\/kompozits.lv\/en\/product\/blue-self-polishing-antifouling-paint-750-ml\/#primaryimage\"},\"image\":{\"@id\":\"https:\/\/kompozits.lv\/en\/product\/blue-self-polishing-antifouling-paint-750-ml\/#primaryimage\"},\"thumbnailUrl\":\"https:\/\/kompozits.lv\/app\/uploads\/2020\/06\/paspulejosa-neapaugosa-krasa-self-polishing-antifouling-paint-Samopolirujushhajasja-neobrastajushhaja-kraska-sea-line-750-ml-min.jpg\",\"datePublished\":\"2020-06-03T23:52:59+00:00\",\"dateModified\":\"2023-07-31T21:04:47+00:00\",\"breadcrumb\":{\"@id\":\"https:\/\/kompozits.lv\/en\/product\/blue-self-polishing-antifouling-paint-750-ml\/#breadcrumb\"},\"inLanguage\":\"en-US\",\"potentialAction\":[{\"@type\":\"ReadAction\",\"target\":[\"https:\/\/kompozits.lv\/en\/product\/blue-self-polishing-antifouling-paint-750-ml\/\"]}]},{\"@type\":\"ImageObject\",\"inLanguage\":\"en-US\",\"@id\":\"https:\/\/kompozits.lv\/en\/product\/blue-self-polishing-antifouling-paint-750-ml\/#primaryimage\",\"url\":\"https:\/\/kompozits.lv\/app\/uploads\/2020\/06\/paspulejosa-neapaugosa-krasa-self-polishing-antifouling-paint-Samopolirujushhajasja-neobrastajushhaja-kraska-sea-line-750-ml-min.jpg\",\"contentUrl\":\"https:\/\/kompozits.lv\/app\/uploads\/2020\/06\/paspulejosa-neapaugosa-krasa-self-polishing-antifouling-paint-Samopolirujushhajasja-neobrastajushhaja-kraska-sea-line-750-ml-min.jpg\",\"width\":1000,\"height\":1000,\"caption\":\"Pa\u0161pul\u0113jo\u0161\u0101 neapaugo\u0161\u0101 kr\u0101sa Sea-Line, 750 ml\"},{\"@type\":\"BreadcrumbList\",\"@id\":\"https:\/\/kompozits.lv\/en\/product\/blue-self-polishing-antifouling-paint-750-ml\/#breadcrumb\",\"itemListElement\":[{\"@type\":\"ListItem\",\"position\":1,\"name\":\"Shop\",\"item\":\"https:\/\/kompozits.lv\/en\/shop\/\"},{\"@type\":\"ListItem\",\"position\":2,\"name\":\"Blue self-polishing antifouling paint; 750 ml\"}]},{\"@type\":\"WebSite\",\"@id\":\"https:\/\/kompozits.lv\/en\/#website\",\"url\":\"https:\/\/kompozits.lv\/en\/\",\"name\":\"Kompozits.lv\",\"description\":\"Kompoz\u012btmateri\u0101lu lielveikals\",\"publisher\":{\"@id\":\"https:\/\/kompozits.lv\/en\/#organization\"},\"potentialAction\":[{\"@type\":\"SearchAction\",\"target\":{\"@type\":\"EntryPoint\",\"urlTemplate\":\"https:\/\/kompozits.lv\/en\/?s={search_term_string}\"},\"query-input\":{\"@type\":\"PropertyValueSpecification\",\"valueRequired\":true,\"valueName\":\"search_term_string\"}}],\"inLanguage\":\"en-US\"},{\"@type\":\"Organization\",\"@id\":\"https:\/\/kompozits.lv\/en\/#organization\",\"name\":\"SIA Prestol Kompozits\",\"url\":\"https:\/\/kompozits.lv\/en\/\",\"logo\":{\"@type\":\"ImageObject\",\"inLanguage\":\"en-US\",\"@id\":\"https:\/\/kompozits.lv\/en\/#\/schema\/logo\/image\/\",\"url\":\"https:\/\/kompozits.lv\/app\/uploads\/2020\/03\/kompozits1.svg\",\"contentUrl\":\"https:\/\/kompozits.lv\/app\/uploads\/2020\/03\/kompozits1.svg\",\"width\":1,\"height\":1,\"caption\":\"SIA Prestol Kompozits\"},\"image\":{\"@id\":\"https:\/\/kompozits.lv\/en\/#\/schema\/logo\/image\/\"},\"sameAs\":[\"https:\/\/www.facebook.com\/kompozits\/\"]}]}<\/script>\n<meta property=\"og:availability\" content=\"instock\" \/>\n<meta property=\"product:availability\" content=\"instock\" \/>\n<meta property=\"product:retailer_item_id\" content=\"4040070\" \/>\n<meta property=\"product:condition\" content=\"new\" \/>\n<!-- \/ Yoast SEO Premium plugin. -->","yoast_head_json":{"title":"Blue self-polishing antifouling paint; 750 ml &#8211; Kompozits.lv","robots":{"index":"index","follow":"follow","max-snippet":"max-snippet:-1","max-image-preview":"max-image-preview:large","max-video-preview":"max-video-preview:-1"},"canonical":"https:\/\/kompozits.lv\/en\/product\/blue-self-polishing-antifouling-paint-750-ml\/","og_locale":"en_US","og_type":"article","og_title":"Blue self-polishing antifouling paint; 750 ml","og_description":"Suitable for salty and regular water. Suitable for sailing and motor boats traveling with a maximum speed 40 knots. For use on steel, wood and laminate hulls. Do not use aluminum. Easy to apply. Fast drying time. Thinning is not recommended because it reduces the effectiveness of the paint. Paint is composed of copper oxide [&hellip;]","og_url":"https:\/\/kompozits.lv\/en\/product\/blue-self-polishing-antifouling-paint-750-ml\/","og_site_name":"Kompozits.lv","article_publisher":"https:\/\/www.facebook.com\/kompozits\/","article_modified_time":"2023-07-31T21:04:47+00:00","og_image":[{"width":1000,"height":1000,"url":"https:\/\/kompozits.lv\/app\/uploads\/2020\/06\/paspulejosa-neapaugosa-krasa-self-polishing-antifouling-paint-Samopolirujushhajasja-neobrastajushhaja-kraska-sea-line-750-ml-min.jpg","type":"image\/jpeg"}],"twitter_card":"summary_large_image","twitter_misc":{"Availability":"In stock"},"schema":{"@context":"https:\/\/schema.org","@graph":[{"@type":"WebPage","@id":"https:\/\/kompozits.lv\/en\/product\/blue-self-polishing-antifouling-paint-750-ml\/","url":"https:\/\/kompozits.lv\/en\/product\/blue-self-polishing-antifouling-paint-750-ml\/","name":"Blue self-polishing antifouling paint; 750 ml &#8211; Kompozits.lv","isPartOf":{"@id":"https:\/\/kompozits.lv\/en\/#website"},"primaryImageOfPage":{"@id":"https:\/\/kompozits.lv\/en\/product\/blue-self-polishing-antifouling-paint-750-ml\/#primaryimage"},"image":{"@id":"https:\/\/kompozits.lv\/en\/product\/blue-self-polishing-antifouling-paint-750-ml\/#primaryimage"},"thumbnailUrl":"https:\/\/kompozits.lv\/app\/uploads\/2020\/06\/paspulejosa-neapaugosa-krasa-self-polishing-antifouling-paint-Samopolirujushhajasja-neobrastajushhaja-kraska-sea-line-750-ml-min.jpg","datePublished":"2020-06-03T23:52:59+00:00","dateModified":"2023-07-31T21:04:47+00:00","breadcrumb":{"@id":"https:\/\/kompozits.lv\/en\/product\/blue-self-polishing-antifouling-paint-750-ml\/#breadcrumb"},"inLanguage":"en-US","potentialAction":[{"@type":"ReadAction","target":["https:\/\/kompozits.lv\/en\/product\/blue-self-polishing-antifouling-paint-750-ml\/"]}]},{"@type":"ImageObject","inLanguage":"en-US","@id":"https:\/\/kompozits.lv\/en\/product\/blue-self-polishing-antifouling-paint-750-ml\/#primaryimage","url":"https:\/\/kompozits.lv\/app\/uploads\/2020\/06\/paspulejosa-neapaugosa-krasa-self-polishing-antifouling-paint-Samopolirujushhajasja-neobrastajushhaja-kraska-sea-line-750-ml-min.jpg","contentUrl":"https:\/\/kompozits.lv\/app\/uploads\/2020\/06\/paspulejosa-neapaugosa-krasa-self-polishing-antifouling-paint-Samopolirujushhajasja-neobrastajushhaja-kraska-sea-line-750-ml-min.jpg","width":1000,"height":1000,"caption":"Pa\u0161pul\u0113jo\u0161\u0101 neapaugo\u0161\u0101 kr\u0101sa Sea-Line, 750 ml"},{"@type":"BreadcrumbList","@id":"https:\/\/kompozits.lv\/en\/product\/blue-self-polishing-antifouling-paint-750-ml\/#breadcrumb","itemListElement":[{"@type":"ListItem","position":1,"name":"Shop","item":"https:\/\/kompozits.lv\/en\/shop\/"},{"@type":"ListItem","position":2,"name":"Blue self-polishing antifouling paint; 750 ml"}]},{"@type":"WebSite","@id":"https:\/\/kompozits.lv\/en\/#website","url":"https:\/\/kompozits.lv\/en\/","name":"Kompozits.lv","description":"Kompoz\u012btmateri\u0101lu lielveikals","publisher":{"@id":"https:\/\/kompozits.lv\/en\/#organization"},"potentialAction":[{"@type":"SearchAction","target":{"@type":"EntryPoint","urlTemplate":"https:\/\/kompozits.lv\/en\/?s={search_term_string}"},"query-input":{"@type":"PropertyValueSpecification","valueRequired":true,"valueName":"search_term_string"}}],"inLanguage":"en-US"},{"@type":"Organization","@id":"https:\/\/kompozits.lv\/en\/#organization","name":"SIA Prestol Kompozits","url":"https:\/\/kompozits.lv\/en\/","logo":{"@type":"ImageObject","inLanguage":"en-US","@id":"https:\/\/kompozits.lv\/en\/#\/schema\/logo\/image\/","url":"https:\/\/kompozits.lv\/app\/uploads\/2020\/03\/kompozits1.svg","contentUrl":"https:\/\/kompozits.lv\/app\/uploads\/2020\/03\/kompozits1.svg","width":1,"height":1,"caption":"SIA Prestol Kompozits"},"image":{"@id":"https:\/\/kompozits.lv\/en\/#\/schema\/logo\/image\/"},"sameAs":["https:\/\/www.facebook.com\/kompozits\/"]}]},"og_availability":"instock","product_availability":"instock","product_retailer_item_id":"4040070","product_condition":"new"},"_links":{"self":[{"href":"https:\/\/kompozits.lv\/en\/wp-json\/wp\/v2\/product\/1124","targetHints":{"allow":["GET"]}}],"collection":[{"href":"https:\/\/kompozits.lv\/en\/wp-json\/wp\/v2\/product"}],"about":[{"href":"https:\/\/kompozits.lv\/en\/wp-json\/wp\/v2\/types\/product"}],"replies":[{"embeddable":true,"href":"https:\/\/kompozits.lv\/en\/wp-json\/wp\/v2\/comments?post=1124"}],"wp:featuredmedia":[{"embeddable":true,"href":"https:\/\/kompozits.lv\/en\/wp-json\/wp\/v2\/media\/3781"}],"wp:attachment":[{"href":"https:\/\/kompozits.lv\/en\/wp-json\/wp\/v2\/media?parent=1124"}],"wp:term":[{"taxonomy":"product_brand","embeddable":true,"href":"https:\/\/kompozits.lv\/en\/wp-json\/wp\/v2\/product_brand?post=1124"},{"taxonomy":"product_cat","embeddable":true,"href":"https:\/\/kompozits.lv\/en\/wp-json\/wp\/v2\/product_cat?post=1124"},{"taxonomy":"product_tag","embeddable":true,"href":"https:\/\/kompozits.lv\/en\/wp-json\/wp\/v2\/product_tag?post=1124"}],"curies":[{"name":"wp","href":"https:\/\/api.w.org\/{rel}","templated":true}]}}