{"id":1162,"date":"2020-05-14T19:16:19","date_gmt":"2020-05-14T19:16:19","guid":{"rendered":"https:\/\/kompozits.lv\/product\/vacuum-pump-283-l-min\/"},"modified":"2025-07-11T08:02:46","modified_gmt":"2025-07-11T05:02:46","slug":"vacuum-pump-283-l-min","status":"publish","type":"product","link":"https:\/\/kompozits.lv\/en\/product\/vacuum-pump-283-l-min\/","title":{"rendered":"Vacuum pump &#8211; 283 L\/min"},"content":{"rendered":"<p>High performance dual-stage oil vacuum pump production of large and all composite parts all types, incl. for the production of large composite parts.<\/p>\n<p>Dual-stage<br \/>\nCompact design<br \/>\nGlass for oil level control<br \/>\nAccurate vacuum gauge<br \/>\nVacuum solenoid valve that prevents oil backflow into the system<br \/>\n2x 330 ml lubricant oil included in the set.<\/p>\n<p>Flow rate: 283 l \/ min<br \/>\nVacuum level: 99.997%<br \/>\nMaximum vacuum: 15 microns<br \/>\nPower: 1 KM<br \/>\nInlet: 1\/4 &#8220;SAE<br \/>\nOil capacity: 590 ml<br \/>\nDimensions: 395 x 145 x 330 mm<br \/>\nWeight: 16.7 kg<\/p>\n","protected":false},"excerpt":{"rendered":"<p>High performance dual-stage oil vacuum pump production of large and all composite parts all types, incl. for the production of large composite parts. Dual-stage Compact design Glass for oil level control Accurate vacuum gauge Vacuum solenoid valve that prevents oil backflow into the system 2x 330 ml lubricant oil included in the set. Flow rate: [&hellip;]<\/p>\n","protected":false},"featured_media":3787,"comment_status":"closed","ping_status":"closed","template":"","meta":{"_acf_changed":false},"product_brand":[],"product_cat":[128],"product_tag":[],"class_list":{"0":"post-1162","1":"product","2":"type-product","3":"status-publish","4":"has-post-thumbnail","6":"product_cat-vacuum-pumps","8":"first","9":"instock","10":"taxable","11":"shipping-taxable","12":"purchasable","13":"product-type-simple"},"acf":[],"yoast_head":"<!-- This site is optimized with the Yoast SEO Premium plugin v23.7 (Yoast SEO v26.9) - https:\/\/yoast.com\/product\/yoast-seo-premium-wordpress\/ -->\n<title>Vacuum pump - 283 L\/min &#8211; Kompozits.lv<\/title>\n<meta name=\"robots\" content=\"index, follow, max-snippet:-1, max-image-preview:large, max-video-preview:-1\" \/>\n<link rel=\"canonical\" href=\"https:\/\/kompozits.lv\/en\/product\/vacuum-pump-283-l-min\/\" \/>\n<meta property=\"og:locale\" content=\"en_US\" \/>\n<meta property=\"og:type\" content=\"article\" \/>\n<meta property=\"og:title\" content=\"Vacuum pump - 283 L\/min\" \/>\n<meta property=\"og:description\" content=\"High performance dual-stage oil vacuum pump production of large and all composite parts all types, incl. for the production of large composite parts. Dual-stage Compact design Glass for oil level control Accurate vacuum gauge Vacuum solenoid valve that prevents oil backflow into the system 2x 330 ml lubricant oil included in the set. Flow rate: [&hellip;]\" \/>\n<meta property=\"og:url\" content=\"https:\/\/kompozits.lv\/en\/product\/vacuum-pump-283-l-min\/\" \/>\n<meta property=\"og:site_name\" content=\"Kompozits.lv\" \/>\n<meta property=\"article:publisher\" content=\"https:\/\/www.facebook.com\/kompozits\/\" \/>\n<meta property=\"article:modified_time\" content=\"2025-07-11T05:02:46+00:00\" \/>\n<meta property=\"og:image\" content=\"https:\/\/kompozits.lv\/app\/uploads\/2020\/05\/Divtaktu-ellas-vakuumsuknis-VE2100N-vakuuma-suknis-vacuum-pump-Dvuhtaktnyj-masljanyj-vakuumnyj-nasos-min.jpg\" \/>\n\t<meta property=\"og:image:width\" content=\"1000\" \/>\n\t<meta property=\"og:image:height\" content=\"1000\" \/>\n\t<meta property=\"og:image:type\" content=\"image\/jpeg\" \/>\n<meta name=\"twitter:card\" content=\"summary_large_image\" \/>\n<meta name=\"twitter:label1\" content=\"Price\" \/>\n\t<meta name=\"twitter:data1\" content=\"&euro;&nbsp;462.22\" \/>\n\t<meta name=\"twitter:label2\" content=\"Availability\" \/>\n\t<meta name=\"twitter:data2\" content=\"In stock\" \/>\n<script type=\"application\/ld+json\" class=\"yoast-schema-graph\">{\"@context\":\"https:\/\/schema.org\",\"@graph\":[{\"@type\":\"WebPage\",\"@id\":\"https:\/\/kompozits.lv\/en\/product\/vacuum-pump-283-l-min\/\",\"url\":\"https:\/\/kompozits.lv\/en\/product\/vacuum-pump-283-l-min\/\",\"name\":\"Vacuum pump - 283 L\/min &#8211; Kompozits.lv\",\"isPartOf\":{\"@id\":\"https:\/\/kompozits.lv\/en\/#website\"},\"primaryImageOfPage\":{\"@id\":\"https:\/\/kompozits.lv\/en\/product\/vacuum-pump-283-l-min\/#primaryimage\"},\"image\":{\"@id\":\"https:\/\/kompozits.lv\/en\/product\/vacuum-pump-283-l-min\/#primaryimage\"},\"thumbnailUrl\":\"https:\/\/kompozits.lv\/app\/uploads\/2020\/05\/Divtaktu-ellas-vakuumsuknis-VE2100N-vakuuma-suknis-vacuum-pump-Dvuhtaktnyj-masljanyj-vakuumnyj-nasos-min.jpg\",\"datePublished\":\"2020-05-14T19:16:19+00:00\",\"dateModified\":\"2025-07-11T05:02:46+00:00\",\"breadcrumb\":{\"@id\":\"https:\/\/kompozits.lv\/en\/product\/vacuum-pump-283-l-min\/#breadcrumb\"},\"inLanguage\":\"en-US\",\"potentialAction\":[{\"@type\":\"ReadAction\",\"target\":[\"https:\/\/kompozits.lv\/en\/product\/vacuum-pump-283-l-min\/\"]}]},{\"@type\":\"ImageObject\",\"inLanguage\":\"en-US\",\"@id\":\"https:\/\/kompozits.lv\/en\/product\/vacuum-pump-283-l-min\/#primaryimage\",\"url\":\"https:\/\/kompozits.lv\/app\/uploads\/2020\/05\/Divtaktu-ellas-vakuumsuknis-VE2100N-vakuuma-suknis-vacuum-pump-Dvuhtaktnyj-masljanyj-vakuumnyj-nasos-min.jpg\",\"contentUrl\":\"https:\/\/kompozits.lv\/app\/uploads\/2020\/05\/Divtaktu-ellas-vakuumsuknis-VE2100N-vakuuma-suknis-vacuum-pump-Dvuhtaktnyj-masljanyj-vakuumnyj-nasos-min.jpg\",\"width\":1000,\"height\":1000,\"caption\":\"Divtaktu e\u013c\u013cas vakuuma s\u016bknis VE2100N\"},{\"@type\":\"BreadcrumbList\",\"@id\":\"https:\/\/kompozits.lv\/en\/product\/vacuum-pump-283-l-min\/#breadcrumb\",\"itemListElement\":[{\"@type\":\"ListItem\",\"position\":1,\"name\":\"Shop\",\"item\":\"https:\/\/kompozits.lv\/en\/shop\/\"},{\"@type\":\"ListItem\",\"position\":2,\"name\":\"Vacuum pump &#8211; 283 L\/min\"}]},{\"@type\":\"WebSite\",\"@id\":\"https:\/\/kompozits.lv\/en\/#website\",\"url\":\"https:\/\/kompozits.lv\/en\/\",\"name\":\"Kompozits.lv\",\"description\":\"Kompoz\u012btmateri\u0101lu lielveikals\",\"publisher\":{\"@id\":\"https:\/\/kompozits.lv\/en\/#organization\"},\"potentialAction\":[{\"@type\":\"SearchAction\",\"target\":{\"@type\":\"EntryPoint\",\"urlTemplate\":\"https:\/\/kompozits.lv\/en\/?s={search_term_string}\"},\"query-input\":{\"@type\":\"PropertyValueSpecification\",\"valueRequired\":true,\"valueName\":\"search_term_string\"}}],\"inLanguage\":\"en-US\"},{\"@type\":\"Organization\",\"@id\":\"https:\/\/kompozits.lv\/en\/#organization\",\"name\":\"SIA Prestol Kompozits\",\"url\":\"https:\/\/kompozits.lv\/en\/\",\"logo\":{\"@type\":\"ImageObject\",\"inLanguage\":\"en-US\",\"@id\":\"https:\/\/kompozits.lv\/en\/#\/schema\/logo\/image\/\",\"url\":\"https:\/\/kompozits.lv\/app\/uploads\/2020\/03\/kompozits1.svg\",\"contentUrl\":\"https:\/\/kompozits.lv\/app\/uploads\/2020\/03\/kompozits1.svg\",\"width\":1,\"height\":1,\"caption\":\"SIA Prestol Kompozits\"},\"image\":{\"@id\":\"https:\/\/kompozits.lv\/en\/#\/schema\/logo\/image\/\"},\"sameAs\":[\"https:\/\/www.facebook.com\/kompozits\/\"]}]}<\/script>\n<meta property=\"product:price:amount\" content=\"462.22\" \/>\n<meta property=\"product:price:currency\" content=\"EUR\" \/>\n<meta property=\"og:availability\" content=\"instock\" \/>\n<meta property=\"product:availability\" content=\"instock\" \/>\n<meta property=\"product:retailer_item_id\" content=\"4720030\" \/>\n<meta property=\"product:condition\" content=\"new\" \/>\n<!-- \/ Yoast SEO Premium plugin. -->","yoast_head_json":{"title":"Vacuum pump - 283 L\/min &#8211; Kompozits.lv","robots":{"index":"index","follow":"follow","max-snippet":"max-snippet:-1","max-image-preview":"max-image-preview:large","max-video-preview":"max-video-preview:-1"},"canonical":"https:\/\/kompozits.lv\/en\/product\/vacuum-pump-283-l-min\/","og_locale":"en_US","og_type":"article","og_title":"Vacuum pump - 283 L\/min","og_description":"High performance dual-stage oil vacuum pump production of large and all composite parts all types, incl. for the production of large composite parts. Dual-stage Compact design Glass for oil level control Accurate vacuum gauge Vacuum solenoid valve that prevents oil backflow into the system 2x 330 ml lubricant oil included in the set. Flow rate: [&hellip;]","og_url":"https:\/\/kompozits.lv\/en\/product\/vacuum-pump-283-l-min\/","og_site_name":"Kompozits.lv","article_publisher":"https:\/\/www.facebook.com\/kompozits\/","article_modified_time":"2025-07-11T05:02:46+00:00","og_image":[{"width":1000,"height":1000,"url":"https:\/\/kompozits.lv\/app\/uploads\/2020\/05\/Divtaktu-ellas-vakuumsuknis-VE2100N-vakuuma-suknis-vacuum-pump-Dvuhtaktnyj-masljanyj-vakuumnyj-nasos-min.jpg","type":"image\/jpeg"}],"twitter_card":"summary_large_image","twitter_misc":{"Price":"&euro;&nbsp;462.22","Availability":"In stock"},"schema":{"@context":"https:\/\/schema.org","@graph":[{"@type":"WebPage","@id":"https:\/\/kompozits.lv\/en\/product\/vacuum-pump-283-l-min\/","url":"https:\/\/kompozits.lv\/en\/product\/vacuum-pump-283-l-min\/","name":"Vacuum pump - 283 L\/min &#8211; Kompozits.lv","isPartOf":{"@id":"https:\/\/kompozits.lv\/en\/#website"},"primaryImageOfPage":{"@id":"https:\/\/kompozits.lv\/en\/product\/vacuum-pump-283-l-min\/#primaryimage"},"image":{"@id":"https:\/\/kompozits.lv\/en\/product\/vacuum-pump-283-l-min\/#primaryimage"},"thumbnailUrl":"https:\/\/kompozits.lv\/app\/uploads\/2020\/05\/Divtaktu-ellas-vakuumsuknis-VE2100N-vakuuma-suknis-vacuum-pump-Dvuhtaktnyj-masljanyj-vakuumnyj-nasos-min.jpg","datePublished":"2020-05-14T19:16:19+00:00","dateModified":"2025-07-11T05:02:46+00:00","breadcrumb":{"@id":"https:\/\/kompozits.lv\/en\/product\/vacuum-pump-283-l-min\/#breadcrumb"},"inLanguage":"en-US","potentialAction":[{"@type":"ReadAction","target":["https:\/\/kompozits.lv\/en\/product\/vacuum-pump-283-l-min\/"]}]},{"@type":"ImageObject","inLanguage":"en-US","@id":"https:\/\/kompozits.lv\/en\/product\/vacuum-pump-283-l-min\/#primaryimage","url":"https:\/\/kompozits.lv\/app\/uploads\/2020\/05\/Divtaktu-ellas-vakuumsuknis-VE2100N-vakuuma-suknis-vacuum-pump-Dvuhtaktnyj-masljanyj-vakuumnyj-nasos-min.jpg","contentUrl":"https:\/\/kompozits.lv\/app\/uploads\/2020\/05\/Divtaktu-ellas-vakuumsuknis-VE2100N-vakuuma-suknis-vacuum-pump-Dvuhtaktnyj-masljanyj-vakuumnyj-nasos-min.jpg","width":1000,"height":1000,"caption":"Divtaktu e\u013c\u013cas vakuuma s\u016bknis VE2100N"},{"@type":"BreadcrumbList","@id":"https:\/\/kompozits.lv\/en\/product\/vacuum-pump-283-l-min\/#breadcrumb","itemListElement":[{"@type":"ListItem","position":1,"name":"Shop","item":"https:\/\/kompozits.lv\/en\/shop\/"},{"@type":"ListItem","position":2,"name":"Vacuum pump &#8211; 283 L\/min"}]},{"@type":"WebSite","@id":"https:\/\/kompozits.lv\/en\/#website","url":"https:\/\/kompozits.lv\/en\/","name":"Kompozits.lv","description":"Kompoz\u012btmateri\u0101lu lielveikals","publisher":{"@id":"https:\/\/kompozits.lv\/en\/#organization"},"potentialAction":[{"@type":"SearchAction","target":{"@type":"EntryPoint","urlTemplate":"https:\/\/kompozits.lv\/en\/?s={search_term_string}"},"query-input":{"@type":"PropertyValueSpecification","valueRequired":true,"valueName":"search_term_string"}}],"inLanguage":"en-US"},{"@type":"Organization","@id":"https:\/\/kompozits.lv\/en\/#organization","name":"SIA Prestol Kompozits","url":"https:\/\/kompozits.lv\/en\/","logo":{"@type":"ImageObject","inLanguage":"en-US","@id":"https:\/\/kompozits.lv\/en\/#\/schema\/logo\/image\/","url":"https:\/\/kompozits.lv\/app\/uploads\/2020\/03\/kompozits1.svg","contentUrl":"https:\/\/kompozits.lv\/app\/uploads\/2020\/03\/kompozits1.svg","width":1,"height":1,"caption":"SIA Prestol Kompozits"},"image":{"@id":"https:\/\/kompozits.lv\/en\/#\/schema\/logo\/image\/"},"sameAs":["https:\/\/www.facebook.com\/kompozits\/"]}]},"product_price_amount":"462.22","product_price_currency":"EUR","og_availability":"instock","product_availability":"instock","product_retailer_item_id":"4720030","product_condition":"new"},"_links":{"self":[{"href":"https:\/\/kompozits.lv\/en\/wp-json\/wp\/v2\/product\/1162","targetHints":{"allow":["GET"]}}],"collection":[{"href":"https:\/\/kompozits.lv\/en\/wp-json\/wp\/v2\/product"}],"about":[{"href":"https:\/\/kompozits.lv\/en\/wp-json\/wp\/v2\/types\/product"}],"replies":[{"embeddable":true,"href":"https:\/\/kompozits.lv\/en\/wp-json\/wp\/v2\/comments?post=1162"}],"wp:featuredmedia":[{"embeddable":true,"href":"https:\/\/kompozits.lv\/en\/wp-json\/wp\/v2\/media\/3787"}],"wp:attachment":[{"href":"https:\/\/kompozits.lv\/en\/wp-json\/wp\/v2\/media?parent=1162"}],"wp:term":[{"taxonomy":"product_brand","embeddable":true,"href":"https:\/\/kompozits.lv\/en\/wp-json\/wp\/v2\/product_brand?post=1162"},{"taxonomy":"product_cat","embeddable":true,"href":"https:\/\/kompozits.lv\/en\/wp-json\/wp\/v2\/product_cat?post=1162"},{"taxonomy":"product_tag","embeddable":true,"href":"https:\/\/kompozits.lv\/en\/wp-json\/wp\/v2\/product_tag?post=1162"}],"curies":[{"name":"wp","href":"https:\/\/api.w.org\/{rel}","templated":true}]}}