{"id":1168,"date":"2020-05-14T19:13:02","date_gmt":"2020-05-14T19:13:02","guid":{"rendered":"https:\/\/kompozits.lv\/product\/vacuum-pump-51-l-min\/"},"modified":"2020-05-14T19:13:02","modified_gmt":"2020-05-14T19:13:02","slug":"vacuum-pump-51-l-min","status":"publish","type":"product","link":"https:\/\/kompozits.lv\/en\/product\/vacuum-pump-51-l-min\/","title":{"rendered":"Vacuum pump &#8211; 51 l \/ min"},"content":{"rendered":"<p>High performance dual-stage oil vacuum pump for all small, medium and even bigger composite parts.<\/p>\n<p>Dual-stage<br \/>\nCompact design<br \/>\nGlass for oil level control<br \/>\nAccurate vacuum gauge<br \/>\nVacuum solenoid valve that prevents oil backflow into the system<\/p>\n<p>1x 330 ml lubricant oil included in the set.<\/p>\n<p>Flow rate: 51 l \/ min<br \/>\nVacuum level: 99.997%<br \/>\nMaximum vacuum: 15 microns<br \/>\nPower: 1\/3 KM<br \/>\nInlet: 1\/4 &#8220;SAE<br \/>\nOil capacity: 200 ml<br \/>\nDimensions: 318 x 124 x 265 mm<br \/>\nWeight: 9.0 kg<\/p>\n","protected":false},"excerpt":{"rendered":"<p>High performance dual-stage oil vacuum pump for all small, medium and even bigger composite parts. Dual-stage Compact design Glass for oil level control Accurate vacuum gauge Vacuum solenoid valve that prevents oil backflow into the system 1x 330 ml lubricant oil included in the set. Flow rate: 51 l \/ min Vacuum level: 99.997% Maximum [&hellip;]<\/p>\n","protected":false},"featured_media":897,"comment_status":"closed","ping_status":"closed","template":"","meta":{"_acf_changed":false},"product_brand":[],"product_cat":[128],"product_tag":[],"class_list":{"0":"post-1168","1":"product","2":"type-product","3":"status-publish","4":"has-post-thumbnail","6":"product_cat-vacuum-pumps","8":"first","9":"instock","10":"taxable","11":"shipping-taxable","12":"purchasable","13":"product-type-simple"},"acf":[],"yoast_head":"<!-- This site is optimized with the Yoast SEO Premium plugin v23.7 (Yoast SEO v26.9) - https:\/\/yoast.com\/product\/yoast-seo-premium-wordpress\/ -->\n<title>Vacuum pump - 51 l \/ min &#8211; Kompozits.lv<\/title>\n<meta name=\"robots\" content=\"index, follow, max-snippet:-1, max-image-preview:large, max-video-preview:-1\" \/>\n<link rel=\"canonical\" href=\"https:\/\/kompozits.lv\/en\/product\/vacuum-pump-51-l-min\/\" \/>\n<meta property=\"og:locale\" content=\"en_US\" \/>\n<meta property=\"og:type\" content=\"article\" \/>\n<meta property=\"og:title\" content=\"Vacuum pump - 51 l \/ min\" \/>\n<meta property=\"og:description\" content=\"High performance dual-stage oil vacuum pump for all small, medium and even bigger composite parts. Dual-stage Compact design Glass for oil level control Accurate vacuum gauge Vacuum solenoid valve that prevents oil backflow into the system 1x 330 ml lubricant oil included in the set. Flow rate: 51 l \/ min Vacuum level: 99.997% Maximum [&hellip;]\" \/>\n<meta property=\"og:url\" content=\"https:\/\/kompozits.lv\/en\/product\/vacuum-pump-51-l-min\/\" \/>\n<meta property=\"og:site_name\" content=\"Kompozits.lv\" \/>\n<meta property=\"article:publisher\" content=\"https:\/\/www.facebook.com\/kompozits\/\" \/>\n<meta property=\"og:image\" content=\"https:\/\/kompozits.lv\/app\/uploads\/2020\/05\/Divtaktu_e\u013c\u013cas_vakuums\u016bknis_V-i220SV_vakuuma_suknis_\u0414\u0432\u0443\u0445\u0442\u0430\u043a\u0442\u043d\u044b\u0439_\u043c\u0430\u0441\u043b\u044f\u043d\u044b\u0439_\u0432\u0430\u043a\u0443\u0443\u043c\u043d\u044b\u0439_\u043d\u0430\u0441\u043e\u0441-1.jpg\" \/>\n\t<meta property=\"og:image:width\" content=\"1000\" \/>\n\t<meta property=\"og:image:height\" content=\"1000\" \/>\n\t<meta property=\"og:image:type\" content=\"image\/jpeg\" \/>\n<meta name=\"twitter:card\" content=\"summary_large_image\" \/>\n<meta name=\"twitter:label1\" content=\"Price\" \/>\n\t<meta name=\"twitter:data1\" content=\"&euro;&nbsp;236.41\" \/>\n\t<meta name=\"twitter:label2\" content=\"Availability\" \/>\n\t<meta name=\"twitter:data2\" content=\"In stock\" \/>\n<script type=\"application\/ld+json\" class=\"yoast-schema-graph\">{\"@context\":\"https:\/\/schema.org\",\"@graph\":[{\"@type\":\"WebPage\",\"@id\":\"https:\/\/kompozits.lv\/en\/product\/vacuum-pump-51-l-min\/\",\"url\":\"https:\/\/kompozits.lv\/en\/product\/vacuum-pump-51-l-min\/\",\"name\":\"Vacuum pump - 51 l \/ min &#8211; Kompozits.lv\",\"isPartOf\":{\"@id\":\"https:\/\/kompozits.lv\/en\/#website\"},\"primaryImageOfPage\":{\"@id\":\"https:\/\/kompozits.lv\/en\/product\/vacuum-pump-51-l-min\/#primaryimage\"},\"image\":{\"@id\":\"https:\/\/kompozits.lv\/en\/product\/vacuum-pump-51-l-min\/#primaryimage\"},\"thumbnailUrl\":\"https:\/\/kompozits.lv\/app\/uploads\/2020\/05\/Divtaktu_e\u013c\u013cas_vakuums\u016bknis_V-i220SV_vakuuma_suknis_\u0414\u0432\u0443\u0445\u0442\u0430\u043a\u0442\u043d\u044b\u0439_\u043c\u0430\u0441\u043b\u044f\u043d\u044b\u0439_\u0432\u0430\u043a\u0443\u0443\u043c\u043d\u044b\u0439_\u043d\u0430\u0441\u043e\u0441-1.jpg\",\"datePublished\":\"2020-05-14T19:13:02+00:00\",\"breadcrumb\":{\"@id\":\"https:\/\/kompozits.lv\/en\/product\/vacuum-pump-51-l-min\/#breadcrumb\"},\"inLanguage\":\"en-US\",\"potentialAction\":[{\"@type\":\"ReadAction\",\"target\":[\"https:\/\/kompozits.lv\/en\/product\/vacuum-pump-51-l-min\/\"]}]},{\"@type\":\"ImageObject\",\"inLanguage\":\"en-US\",\"@id\":\"https:\/\/kompozits.lv\/en\/product\/vacuum-pump-51-l-min\/#primaryimage\",\"url\":\"https:\/\/kompozits.lv\/app\/uploads\/2020\/05\/Divtaktu_e\u013c\u013cas_vakuums\u016bknis_V-i220SV_vakuuma_suknis_\u0414\u0432\u0443\u0445\u0442\u0430\u043a\u0442\u043d\u044b\u0439_\u043c\u0430\u0441\u043b\u044f\u043d\u044b\u0439_\u0432\u0430\u043a\u0443\u0443\u043c\u043d\u044b\u0439_\u043d\u0430\u0441\u043e\u0441-1.jpg\",\"contentUrl\":\"https:\/\/kompozits.lv\/app\/uploads\/2020\/05\/Divtaktu_e\u013c\u013cas_vakuums\u016bknis_V-i220SV_vakuuma_suknis_\u0414\u0432\u0443\u0445\u0442\u0430\u043a\u0442\u043d\u044b\u0439_\u043c\u0430\u0441\u043b\u044f\u043d\u044b\u0439_\u0432\u0430\u043a\u0443\u0443\u043c\u043d\u044b\u0439_\u043d\u0430\u0441\u043e\u0441-1.jpg\",\"width\":1000,\"height\":1000},{\"@type\":\"BreadcrumbList\",\"@id\":\"https:\/\/kompozits.lv\/en\/product\/vacuum-pump-51-l-min\/#breadcrumb\",\"itemListElement\":[{\"@type\":\"ListItem\",\"position\":1,\"name\":\"Shop\",\"item\":\"https:\/\/kompozits.lv\/en\/shop\/\"},{\"@type\":\"ListItem\",\"position\":2,\"name\":\"Vacuum pump &#8211; 51 l \/ min\"}]},{\"@type\":\"WebSite\",\"@id\":\"https:\/\/kompozits.lv\/en\/#website\",\"url\":\"https:\/\/kompozits.lv\/en\/\",\"name\":\"Kompozits.lv\",\"description\":\"Kompoz\u012btmateri\u0101lu lielveikals\",\"publisher\":{\"@id\":\"https:\/\/kompozits.lv\/en\/#organization\"},\"potentialAction\":[{\"@type\":\"SearchAction\",\"target\":{\"@type\":\"EntryPoint\",\"urlTemplate\":\"https:\/\/kompozits.lv\/en\/?s={search_term_string}\"},\"query-input\":{\"@type\":\"PropertyValueSpecification\",\"valueRequired\":true,\"valueName\":\"search_term_string\"}}],\"inLanguage\":\"en-US\"},{\"@type\":\"Organization\",\"@id\":\"https:\/\/kompozits.lv\/en\/#organization\",\"name\":\"SIA Prestol Kompozits\",\"url\":\"https:\/\/kompozits.lv\/en\/\",\"logo\":{\"@type\":\"ImageObject\",\"inLanguage\":\"en-US\",\"@id\":\"https:\/\/kompozits.lv\/en\/#\/schema\/logo\/image\/\",\"url\":\"https:\/\/kompozits.lv\/app\/uploads\/2020\/03\/kompozits1.svg\",\"contentUrl\":\"https:\/\/kompozits.lv\/app\/uploads\/2020\/03\/kompozits1.svg\",\"width\":1,\"height\":1,\"caption\":\"SIA Prestol Kompozits\"},\"image\":{\"@id\":\"https:\/\/kompozits.lv\/en\/#\/schema\/logo\/image\/\"},\"sameAs\":[\"https:\/\/www.facebook.com\/kompozits\/\"]}]}<\/script>\n<meta property=\"product:price:amount\" content=\"236.41\" \/>\n<meta property=\"product:price:currency\" content=\"EUR\" \/>\n<meta property=\"og:availability\" content=\"instock\" \/>\n<meta property=\"product:availability\" content=\"instock\" \/>\n<meta property=\"product:retailer_item_id\" content=\"4720010\" \/>\n<meta property=\"product:condition\" content=\"new\" \/>\n<!-- \/ Yoast SEO Premium plugin. -->","yoast_head_json":{"title":"Vacuum pump - 51 l \/ min &#8211; Kompozits.lv","robots":{"index":"index","follow":"follow","max-snippet":"max-snippet:-1","max-image-preview":"max-image-preview:large","max-video-preview":"max-video-preview:-1"},"canonical":"https:\/\/kompozits.lv\/en\/product\/vacuum-pump-51-l-min\/","og_locale":"en_US","og_type":"article","og_title":"Vacuum pump - 51 l \/ min","og_description":"High performance dual-stage oil vacuum pump for all small, medium and even bigger composite parts. Dual-stage Compact design Glass for oil level control Accurate vacuum gauge Vacuum solenoid valve that prevents oil backflow into the system 1x 330 ml lubricant oil included in the set. Flow rate: 51 l \/ min Vacuum level: 99.997% Maximum [&hellip;]","og_url":"https:\/\/kompozits.lv\/en\/product\/vacuum-pump-51-l-min\/","og_site_name":"Kompozits.lv","article_publisher":"https:\/\/www.facebook.com\/kompozits\/","og_image":[{"width":1000,"height":1000,"url":"https:\/\/kompozits.lv\/app\/uploads\/2020\/05\/Divtaktu_e\u013c\u013cas_vakuums\u016bknis_V-i220SV_vakuuma_suknis_\u0414\u0432\u0443\u0445\u0442\u0430\u043a\u0442\u043d\u044b\u0439_\u043c\u0430\u0441\u043b\u044f\u043d\u044b\u0439_\u0432\u0430\u043a\u0443\u0443\u043c\u043d\u044b\u0439_\u043d\u0430\u0441\u043e\u0441-1.jpg","type":"image\/jpeg"}],"twitter_card":"summary_large_image","twitter_misc":{"Price":"&euro;&nbsp;236.41","Availability":"In stock"},"schema":{"@context":"https:\/\/schema.org","@graph":[{"@type":"WebPage","@id":"https:\/\/kompozits.lv\/en\/product\/vacuum-pump-51-l-min\/","url":"https:\/\/kompozits.lv\/en\/product\/vacuum-pump-51-l-min\/","name":"Vacuum pump - 51 l \/ min &#8211; Kompozits.lv","isPartOf":{"@id":"https:\/\/kompozits.lv\/en\/#website"},"primaryImageOfPage":{"@id":"https:\/\/kompozits.lv\/en\/product\/vacuum-pump-51-l-min\/#primaryimage"},"image":{"@id":"https:\/\/kompozits.lv\/en\/product\/vacuum-pump-51-l-min\/#primaryimage"},"thumbnailUrl":"https:\/\/kompozits.lv\/app\/uploads\/2020\/05\/Divtaktu_e\u013c\u013cas_vakuums\u016bknis_V-i220SV_vakuuma_suknis_\u0414\u0432\u0443\u0445\u0442\u0430\u043a\u0442\u043d\u044b\u0439_\u043c\u0430\u0441\u043b\u044f\u043d\u044b\u0439_\u0432\u0430\u043a\u0443\u0443\u043c\u043d\u044b\u0439_\u043d\u0430\u0441\u043e\u0441-1.jpg","datePublished":"2020-05-14T19:13:02+00:00","breadcrumb":{"@id":"https:\/\/kompozits.lv\/en\/product\/vacuum-pump-51-l-min\/#breadcrumb"},"inLanguage":"en-US","potentialAction":[{"@type":"ReadAction","target":["https:\/\/kompozits.lv\/en\/product\/vacuum-pump-51-l-min\/"]}]},{"@type":"ImageObject","inLanguage":"en-US","@id":"https:\/\/kompozits.lv\/en\/product\/vacuum-pump-51-l-min\/#primaryimage","url":"https:\/\/kompozits.lv\/app\/uploads\/2020\/05\/Divtaktu_e\u013c\u013cas_vakuums\u016bknis_V-i220SV_vakuuma_suknis_\u0414\u0432\u0443\u0445\u0442\u0430\u043a\u0442\u043d\u044b\u0439_\u043c\u0430\u0441\u043b\u044f\u043d\u044b\u0439_\u0432\u0430\u043a\u0443\u0443\u043c\u043d\u044b\u0439_\u043d\u0430\u0441\u043e\u0441-1.jpg","contentUrl":"https:\/\/kompozits.lv\/app\/uploads\/2020\/05\/Divtaktu_e\u013c\u013cas_vakuums\u016bknis_V-i220SV_vakuuma_suknis_\u0414\u0432\u0443\u0445\u0442\u0430\u043a\u0442\u043d\u044b\u0439_\u043c\u0430\u0441\u043b\u044f\u043d\u044b\u0439_\u0432\u0430\u043a\u0443\u0443\u043c\u043d\u044b\u0439_\u043d\u0430\u0441\u043e\u0441-1.jpg","width":1000,"height":1000},{"@type":"BreadcrumbList","@id":"https:\/\/kompozits.lv\/en\/product\/vacuum-pump-51-l-min\/#breadcrumb","itemListElement":[{"@type":"ListItem","position":1,"name":"Shop","item":"https:\/\/kompozits.lv\/en\/shop\/"},{"@type":"ListItem","position":2,"name":"Vacuum pump &#8211; 51 l \/ min"}]},{"@type":"WebSite","@id":"https:\/\/kompozits.lv\/en\/#website","url":"https:\/\/kompozits.lv\/en\/","name":"Kompozits.lv","description":"Kompoz\u012btmateri\u0101lu lielveikals","publisher":{"@id":"https:\/\/kompozits.lv\/en\/#organization"},"potentialAction":[{"@type":"SearchAction","target":{"@type":"EntryPoint","urlTemplate":"https:\/\/kompozits.lv\/en\/?s={search_term_string}"},"query-input":{"@type":"PropertyValueSpecification","valueRequired":true,"valueName":"search_term_string"}}],"inLanguage":"en-US"},{"@type":"Organization","@id":"https:\/\/kompozits.lv\/en\/#organization","name":"SIA Prestol Kompozits","url":"https:\/\/kompozits.lv\/en\/","logo":{"@type":"ImageObject","inLanguage":"en-US","@id":"https:\/\/kompozits.lv\/en\/#\/schema\/logo\/image\/","url":"https:\/\/kompozits.lv\/app\/uploads\/2020\/03\/kompozits1.svg","contentUrl":"https:\/\/kompozits.lv\/app\/uploads\/2020\/03\/kompozits1.svg","width":1,"height":1,"caption":"SIA Prestol Kompozits"},"image":{"@id":"https:\/\/kompozits.lv\/en\/#\/schema\/logo\/image\/"},"sameAs":["https:\/\/www.facebook.com\/kompozits\/"]}]},"product_price_amount":"236.41","product_price_currency":"EUR","og_availability":"instock","product_availability":"instock","product_retailer_item_id":"4720010","product_condition":"new"},"_links":{"self":[{"href":"https:\/\/kompozits.lv\/en\/wp-json\/wp\/v2\/product\/1168","targetHints":{"allow":["GET"]}}],"collection":[{"href":"https:\/\/kompozits.lv\/en\/wp-json\/wp\/v2\/product"}],"about":[{"href":"https:\/\/kompozits.lv\/en\/wp-json\/wp\/v2\/types\/product"}],"replies":[{"embeddable":true,"href":"https:\/\/kompozits.lv\/en\/wp-json\/wp\/v2\/comments?post=1168"}],"wp:featuredmedia":[{"embeddable":true,"href":"https:\/\/kompozits.lv\/en\/wp-json\/wp\/v2\/media\/897"}],"wp:attachment":[{"href":"https:\/\/kompozits.lv\/en\/wp-json\/wp\/v2\/media?parent=1168"}],"wp:term":[{"taxonomy":"product_brand","embeddable":true,"href":"https:\/\/kompozits.lv\/en\/wp-json\/wp\/v2\/product_brand?post=1168"},{"taxonomy":"product_cat","embeddable":true,"href":"https:\/\/kompozits.lv\/en\/wp-json\/wp\/v2\/product_cat?post=1168"},{"taxonomy":"product_tag","embeddable":true,"href":"https:\/\/kompozits.lv\/en\/wp-json\/wp\/v2\/product_tag?post=1168"}],"curies":[{"name":"wp","href":"https:\/\/api.w.org\/{rel}","templated":true}]}}