{"id":2434,"date":"2020-04-29T13:35:20","date_gmt":"2020-04-29T10:35:20","guid":{"rendered":"https:\/\/kompozits.lv\/product\/moulding-gelcoat-spray-crestamould-15pas\/"},"modified":"2026-02-05T14:45:19","modified_gmt":"2026-02-05T12:45:19","slug":"moulding-gelcoat-spray-crestamould-15pas","status":"publish","type":"product","link":"https:\/\/kompozits.lv\/en\/product\/moulding-gelcoat-spray-crestamould-15pas\/","title":{"rendered":"Crestamould\u00ae 15PA(S) spray gelcoat"},"content":{"rendered":"<p><strong>Crestamould\u00ae 15PA<\/strong> is a spayable urethane modified vinyl ester gelcoat. It has excellent gloss properties with excellent strength. High heat resistance, very good chemical resistance, leaving no &#8216;water marks&#8217; or stains. Using Crestamould\u00ae 15PA for mould or laminate also reduces fabric bulging. Crestamould\u00ae 15PA is recommended for high quality moulds. It is also excellent for epoxy, polyester and vinyl ester laminates.<br \/>\n<\/br><\/p>\n<h3>Use<\/h3>\n<p>Crestamould\u00ae 15PA should have an application thickness of approximately 0.5-0.6mm, which is approximately 500-750g of gelcoat per square metre. Crestamould\u00ae 15PA can be used as a topcoat by adding 2% Crystic\u00ae Solution MW paraffin. <\/p>\n<p>Application time using 2% Butanox M50 (or alternative) hardener is 29min (15\u00baC), 22min (20\u00baC), 14min (25\u00baC).<br \/>\n<\/br><\/p>\n<h3>To produce an optimal or technologically correct mould, you need:<\/h3>\n<ol>\n<li><a href=\"https:\/\/kompozits.lv\/produkts\/pusams-formu-gelkouts-crestamould-15pas\/\"><strong>Crestamould\u00ae 15PA<\/strong><\/a><br \/>\nApply Crestamould\u00ae 15PA to the waxed surface.<\/li>\n<li><strong><a href=\"https:\/\/kompozits.lv\/produkts\/vinilestera-sveki-crestamould-ve-679pa\/\">Crestamould\u00ae 679PA<\/a> + 1 coat <a href=\"https:\/\/kompozits.lv\/produkts\/150-g-m2-stikla-skiedras-mats\/\">150 g\/m2 fibreglass hair<\/a><\/strong><br \/>\n<em>After 2-8 hours<\/em> &#8211; apply 1 coat of Crestamould\u00ae 679PA vinyl ester resin and 1 coat 150 g\/m2 fibreglass hair.<br \/>\nWhen laminating it is preferable to press it against the gelcoat and squeeze bubbles out of it with a bubble squeezing roller.<\/li>\n<li><strong><a href=\"https:\/\/kompozits.lv\/produkts\/formu-sveki-crestamould-4010pa\/\">Crestamould\u00ae 4010PA<\/a> + 4 coats <a href=\"https:\/\/kompozits.lv\/produkts\/450-g-m2-stikla-skiedras-mats\/\">450 g\/m2 fibreglass mat<\/a><\/strong><br \/>\n<em>After 8-16 hours<\/em> &#8211; apply one coat 450 g\/m2 fibreglass mat at a time, laminating with Crestamould\u00ae 4010PA<strong> to <\/strong>form a 4-layer laminate.<br \/>\nPlease note that the resin application time is ~30 minutes and all 4 coats must be applied within this time.<\/li>\n<\/ol>\n<h3>Approximate quantity of materials needed to make the mould:<\/h3>\n<p>&nbsp;<\/p>\n<table class=\" alignleft\" style=\"width: 73.2079%; border-collapse: collapse;\">\n<tbody>\n<tr>\n<td style=\"width: 36.2971%;\"><span style=\"font-size: 8pt;\">Material<\/span><\/td>\n<td style=\"width: 8.4634%;\"><span style=\"font-size: 8pt;\">1 m2<\/span><\/td>\n<td style=\"width: 7.65413%;\"><span style=\"font-size: 8pt;\">5 m2<\/span><\/td>\n<\/tr>\n<tr>\n<td style=\"width: 36.2971%;\"><span style=\"font-size: 8pt;\">Crestamould\u00ae 15PA gelcoat moulds<\/span><\/td>\n<td style=\"width: 8.4634%;\"><span style=\"font-size: 8pt;\">1 kg<\/span><\/td>\n<td style=\"width: 7.65413%;\"><span style=\"font-size: 8pt;\">5 kg<\/span><\/td>\n<\/tr>\n<tr>\n<td style=\"width: 36.2971%;\"><span style=\"font-size: 8pt;\">Glass fibre mat 150 g\/m2<\/span><\/td>\n<td style=\"width: 8.4634%;\"><span style=\"font-size: 8pt;\">1 m2<\/span><\/td>\n<td style=\"width: 7.65413%;\"><span style=\"font-size: 8pt;\">5 m2<\/span><\/td>\n<\/tr>\n<tr>\n<td style=\"width: 36.2971%;\"><span style=\"font-size: 8pt;\">Crestamould\u00ae 679PA vinylester resin<\/span><\/td>\n<td style=\"width: 8.4634%;\"><span style=\"font-size: 8pt;\">0.5 kg<\/span><\/td>\n<td style=\"width: 7.65413%;\"><span style=\"font-size: 8pt;\">2.5 kg<\/span><\/td>\n<\/tr>\n<tr>\n<td style=\"width: 36.2971%;\"><span style=\"font-size: 8pt;\">Glass fibre mat 450 g\/m2<\/span><\/td>\n<td style=\"width: 8.4634%;\"><span style=\"font-size: 8pt;\">4 m2<\/span><\/td>\n<td style=\"width: 7.65413%;\"><span style=\"font-size: 8pt;\">20 m2<\/span><\/td>\n<\/tr>\n<tr>\n<td style=\"width: 36.2971%;\"><span style=\"font-size: 8pt;\">Crestamould\u00ae 4010PA moulding resin<\/span><\/td>\n<td style=\"width: 8.4634%;\"><span style=\"font-size: 8pt;\">5 kg<\/span><\/td>\n<td style=\"width: 7.65413%;\"><span style=\"font-size: 8pt;\">25 kg<\/span><\/td>\n<\/tr>\n<\/tbody>\n<\/table>\n<p>&nbsp;<\/p>\n<h3>Storage<\/h3>\n<p>Store Crestamould\u00ae 15PA in a closed container and do not expose to direct sunlight. The recommended storage temperature is below 20\u00baC if possible, but should not exceed 30\u00baC. Ideally, the container should only be opened immediately before use.  <\/p>\n","protected":false},"excerpt":{"rendered":"<p>Moulding spray gelcoat with high durability for mould making.<\/p>\n","protected":false},"featured_media":13639,"comment_status":"closed","ping_status":"closed","template":"","meta":{"_acf_changed":false},"product_brand":[],"product_cat":[116,93],"product_tag":[],"class_list":{"0":"post-2434","1":"product","2":"type-product","3":"status-publish","4":"has-post-thumbnail","6":"product_cat-spray-gelcoat","7":"product_cat-mould-making-materials","9":"first","10":"outofstock","11":"taxable","12":"shipping-taxable","13":"purchasable","14":"product-type-simple"},"acf":[],"yoast_head":"<!-- This site is optimized with the Yoast SEO Premium plugin v23.7 (Yoast SEO v26.9) - https:\/\/yoast.com\/product\/yoast-seo-premium-wordpress\/ -->\n<title>Crestamould\u00ae 15PA(S) spray gelcoat &#8211; Kompozits.lv<\/title>\n<meta name=\"description\" content=\"Crestamould\u00ae 15PA(S) is a urethane modified vinyl ester spray gelcoat designed as a first surface layer for the production of glass fibre moulds.\" \/>\n<meta name=\"robots\" content=\"index, follow, max-snippet:-1, max-image-preview:large, max-video-preview:-1\" \/>\n<link rel=\"canonical\" href=\"https:\/\/kompozits.lv\/en\/product\/moulding-gelcoat-spray-crestamould-15pas\/\" \/>\n<meta property=\"og:locale\" content=\"en_US\" \/>\n<meta property=\"og:type\" content=\"article\" \/>\n<meta property=\"og:title\" content=\"Crestamould\u00ae 15PA(S) spray gelcoat\" \/>\n<meta property=\"og:description\" content=\"Crestamould\u00ae 15PA(S) is a urethane modified vinyl ester spray gelcoat designed as a first surface layer for the production of glass fibre moulds.\" \/>\n<meta property=\"og:url\" content=\"https:\/\/kompozits.lv\/en\/product\/moulding-gelcoat-spray-crestamould-15pas\/\" \/>\n<meta property=\"og:site_name\" content=\"Kompozits.lv\" \/>\n<meta property=\"article:publisher\" content=\"https:\/\/www.facebook.com\/kompozits\/\" \/>\n<meta property=\"article:modified_time\" content=\"2026-02-05T12:45:19+00:00\" \/>\n<meta property=\"og:image\" content=\"https:\/\/kompozits.lv\/app\/uploads\/2020\/04\/scott-bader-crestamould-15pa-spray-tooling-gelcoat-01.jpg\" \/>\n\t<meta property=\"og:image:width\" content=\"1000\" \/>\n\t<meta property=\"og:image:height\" content=\"1000\" \/>\n\t<meta property=\"og:image:type\" content=\"image\/jpeg\" \/>\n<meta name=\"twitter:card\" content=\"summary_large_image\" \/>\n<meta name=\"twitter:label1\" content=\"Price\" \/>\n\t<meta name=\"twitter:data1\" content=\"&euro;&nbsp;20.57\" \/>\n\t<meta name=\"twitter:label2\" content=\"Availability\" \/>\n\t<meta name=\"twitter:data2\" content=\"Out of stock\" \/>\n<script type=\"application\/ld+json\" class=\"yoast-schema-graph\">{\"@context\":\"https:\/\/schema.org\",\"@graph\":[{\"@type\":\"WebPage\",\"@id\":\"https:\/\/kompozits.lv\/en\/product\/moulding-gelcoat-spray-crestamould-15pas\/\",\"url\":\"https:\/\/kompozits.lv\/en\/product\/moulding-gelcoat-spray-crestamould-15pas\/\",\"name\":\"Crestamould\u00ae 15PA(S) spray gelcoat &#8211; Kompozits.lv\",\"isPartOf\":{\"@id\":\"https:\/\/kompozits.lv\/en\/#website\"},\"primaryImageOfPage\":{\"@id\":\"https:\/\/kompozits.lv\/en\/product\/moulding-gelcoat-spray-crestamould-15pas\/#primaryimage\"},\"image\":{\"@id\":\"https:\/\/kompozits.lv\/en\/product\/moulding-gelcoat-spray-crestamould-15pas\/#primaryimage\"},\"thumbnailUrl\":\"https:\/\/kompozits.lv\/app\/uploads\/2020\/04\/scott-bader-crestamould-15pa-spray-tooling-gelcoat-01.jpg\",\"datePublished\":\"2020-04-29T10:35:20+00:00\",\"dateModified\":\"2026-02-05T12:45:19+00:00\",\"description\":\"Crestamould\u00ae 15PA(S) is a urethane modified vinyl ester spray gelcoat designed as a first surface layer for the production of glass fibre moulds.\",\"breadcrumb\":{\"@id\":\"https:\/\/kompozits.lv\/en\/product\/moulding-gelcoat-spray-crestamould-15pas\/#breadcrumb\"},\"inLanguage\":\"en-US\",\"potentialAction\":[{\"@type\":\"ReadAction\",\"target\":[\"https:\/\/kompozits.lv\/en\/product\/moulding-gelcoat-spray-crestamould-15pas\/\"]}]},{\"@type\":\"ImageObject\",\"inLanguage\":\"en-US\",\"@id\":\"https:\/\/kompozits.lv\/en\/product\/moulding-gelcoat-spray-crestamould-15pas\/#primaryimage\",\"url\":\"https:\/\/kompozits.lv\/app\/uploads\/2020\/04\/scott-bader-crestamould-15pa-spray-tooling-gelcoat-01.jpg\",\"contentUrl\":\"https:\/\/kompozits.lv\/app\/uploads\/2020\/04\/scott-bader-crestamould-15pa-spray-tooling-gelcoat-01.jpg\",\"width\":1000,\"height\":1000,\"caption\":\"Crestamould\u00ae Gelcoat 15PA \u2014 p\u016b\u0161ams formu gelkouts kompoz\u012bta laivu veid\u0146u izgatavo\u0161anai (za\u013cas veidnes piem\u0113rs)\"},{\"@type\":\"BreadcrumbList\",\"@id\":\"https:\/\/kompozits.lv\/en\/product\/moulding-gelcoat-spray-crestamould-15pas\/#breadcrumb\",\"itemListElement\":[{\"@type\":\"ListItem\",\"position\":1,\"name\":\"Shop\",\"item\":\"https:\/\/kompozits.lv\/en\/shop\/\"},{\"@type\":\"ListItem\",\"position\":2,\"name\":\"Crestamould\u00ae 15PA(S) spray gelcoat\"}]},{\"@type\":\"WebSite\",\"@id\":\"https:\/\/kompozits.lv\/en\/#website\",\"url\":\"https:\/\/kompozits.lv\/en\/\",\"name\":\"Kompozits.lv\",\"description\":\"Kompoz\u012btmateri\u0101lu lielveikals\",\"publisher\":{\"@id\":\"https:\/\/kompozits.lv\/en\/#organization\"},\"potentialAction\":[{\"@type\":\"SearchAction\",\"target\":{\"@type\":\"EntryPoint\",\"urlTemplate\":\"https:\/\/kompozits.lv\/en\/?s={search_term_string}\"},\"query-input\":{\"@type\":\"PropertyValueSpecification\",\"valueRequired\":true,\"valueName\":\"search_term_string\"}}],\"inLanguage\":\"en-US\"},{\"@type\":\"Organization\",\"@id\":\"https:\/\/kompozits.lv\/en\/#organization\",\"name\":\"SIA Prestol Kompozits\",\"url\":\"https:\/\/kompozits.lv\/en\/\",\"logo\":{\"@type\":\"ImageObject\",\"inLanguage\":\"en-US\",\"@id\":\"https:\/\/kompozits.lv\/en\/#\/schema\/logo\/image\/\",\"url\":\"https:\/\/kompozits.lv\/app\/uploads\/2020\/03\/kompozits1.svg\",\"contentUrl\":\"https:\/\/kompozits.lv\/app\/uploads\/2020\/03\/kompozits1.svg\",\"width\":1,\"height\":1,\"caption\":\"SIA Prestol Kompozits\"},\"image\":{\"@id\":\"https:\/\/kompozits.lv\/en\/#\/schema\/logo\/image\/\"},\"sameAs\":[\"https:\/\/www.facebook.com\/kompozits\/\"]}]}<\/script>\n<meta property=\"product:price:amount\" content=\"20.57\" \/>\n<meta property=\"product:price:currency\" content=\"EUR\" \/>\n<meta property=\"og:availability\" content=\"out of stock\" \/>\n<meta property=\"product:availability\" content=\"out of stock\" \/>\n<meta property=\"product:retailer_item_id\" content=\"3012605\" \/>\n<meta property=\"product:condition\" content=\"new\" \/>\n<!-- \/ Yoast SEO Premium plugin. -->","yoast_head_json":{"title":"Crestamould\u00ae 15PA(S) spray gelcoat &#8211; Kompozits.lv","description":"Crestamould\u00ae 15PA(S) is a urethane modified vinyl ester spray gelcoat designed as a first surface layer for the production of glass fibre moulds.","robots":{"index":"index","follow":"follow","max-snippet":"max-snippet:-1","max-image-preview":"max-image-preview:large","max-video-preview":"max-video-preview:-1"},"canonical":"https:\/\/kompozits.lv\/en\/product\/moulding-gelcoat-spray-crestamould-15pas\/","og_locale":"en_US","og_type":"article","og_title":"Crestamould\u00ae 15PA(S) spray gelcoat","og_description":"Crestamould\u00ae 15PA(S) is a urethane modified vinyl ester spray gelcoat designed as a first surface layer for the production of glass fibre moulds.","og_url":"https:\/\/kompozits.lv\/en\/product\/moulding-gelcoat-spray-crestamould-15pas\/","og_site_name":"Kompozits.lv","article_publisher":"https:\/\/www.facebook.com\/kompozits\/","article_modified_time":"2026-02-05T12:45:19+00:00","og_image":[{"width":1000,"height":1000,"url":"https:\/\/kompozits.lv\/app\/uploads\/2020\/04\/scott-bader-crestamould-15pa-spray-tooling-gelcoat-01.jpg","type":"image\/jpeg"}],"twitter_card":"summary_large_image","twitter_misc":{"Price":"&euro;&nbsp;20.57","Availability":"Out of stock"},"schema":{"@context":"https:\/\/schema.org","@graph":[{"@type":"WebPage","@id":"https:\/\/kompozits.lv\/en\/product\/moulding-gelcoat-spray-crestamould-15pas\/","url":"https:\/\/kompozits.lv\/en\/product\/moulding-gelcoat-spray-crestamould-15pas\/","name":"Crestamould\u00ae 15PA(S) spray gelcoat &#8211; Kompozits.lv","isPartOf":{"@id":"https:\/\/kompozits.lv\/en\/#website"},"primaryImageOfPage":{"@id":"https:\/\/kompozits.lv\/en\/product\/moulding-gelcoat-spray-crestamould-15pas\/#primaryimage"},"image":{"@id":"https:\/\/kompozits.lv\/en\/product\/moulding-gelcoat-spray-crestamould-15pas\/#primaryimage"},"thumbnailUrl":"https:\/\/kompozits.lv\/app\/uploads\/2020\/04\/scott-bader-crestamould-15pa-spray-tooling-gelcoat-01.jpg","datePublished":"2020-04-29T10:35:20+00:00","dateModified":"2026-02-05T12:45:19+00:00","description":"Crestamould\u00ae 15PA(S) is a urethane modified vinyl ester spray gelcoat designed as a first surface layer for the production of glass fibre moulds.","breadcrumb":{"@id":"https:\/\/kompozits.lv\/en\/product\/moulding-gelcoat-spray-crestamould-15pas\/#breadcrumb"},"inLanguage":"en-US","potentialAction":[{"@type":"ReadAction","target":["https:\/\/kompozits.lv\/en\/product\/moulding-gelcoat-spray-crestamould-15pas\/"]}]},{"@type":"ImageObject","inLanguage":"en-US","@id":"https:\/\/kompozits.lv\/en\/product\/moulding-gelcoat-spray-crestamould-15pas\/#primaryimage","url":"https:\/\/kompozits.lv\/app\/uploads\/2020\/04\/scott-bader-crestamould-15pa-spray-tooling-gelcoat-01.jpg","contentUrl":"https:\/\/kompozits.lv\/app\/uploads\/2020\/04\/scott-bader-crestamould-15pa-spray-tooling-gelcoat-01.jpg","width":1000,"height":1000,"caption":"Crestamould\u00ae Gelcoat 15PA \u2014 p\u016b\u0161ams formu gelkouts kompoz\u012bta laivu veid\u0146u izgatavo\u0161anai (za\u013cas veidnes piem\u0113rs)"},{"@type":"BreadcrumbList","@id":"https:\/\/kompozits.lv\/en\/product\/moulding-gelcoat-spray-crestamould-15pas\/#breadcrumb","itemListElement":[{"@type":"ListItem","position":1,"name":"Shop","item":"https:\/\/kompozits.lv\/en\/shop\/"},{"@type":"ListItem","position":2,"name":"Crestamould\u00ae 15PA(S) spray gelcoat"}]},{"@type":"WebSite","@id":"https:\/\/kompozits.lv\/en\/#website","url":"https:\/\/kompozits.lv\/en\/","name":"Kompozits.lv","description":"Kompoz\u012btmateri\u0101lu lielveikals","publisher":{"@id":"https:\/\/kompozits.lv\/en\/#organization"},"potentialAction":[{"@type":"SearchAction","target":{"@type":"EntryPoint","urlTemplate":"https:\/\/kompozits.lv\/en\/?s={search_term_string}"},"query-input":{"@type":"PropertyValueSpecification","valueRequired":true,"valueName":"search_term_string"}}],"inLanguage":"en-US"},{"@type":"Organization","@id":"https:\/\/kompozits.lv\/en\/#organization","name":"SIA Prestol Kompozits","url":"https:\/\/kompozits.lv\/en\/","logo":{"@type":"ImageObject","inLanguage":"en-US","@id":"https:\/\/kompozits.lv\/en\/#\/schema\/logo\/image\/","url":"https:\/\/kompozits.lv\/app\/uploads\/2020\/03\/kompozits1.svg","contentUrl":"https:\/\/kompozits.lv\/app\/uploads\/2020\/03\/kompozits1.svg","width":1,"height":1,"caption":"SIA Prestol Kompozits"},"image":{"@id":"https:\/\/kompozits.lv\/en\/#\/schema\/logo\/image\/"},"sameAs":["https:\/\/www.facebook.com\/kompozits\/"]}]},"product_price_amount":"20.57","product_price_currency":"EUR","og_availability":"out of stock","product_availability":"out of stock","product_retailer_item_id":"3012605","product_condition":"new"},"_links":{"self":[{"href":"https:\/\/kompozits.lv\/en\/wp-json\/wp\/v2\/product\/2434","targetHints":{"allow":["GET"]}}],"collection":[{"href":"https:\/\/kompozits.lv\/en\/wp-json\/wp\/v2\/product"}],"about":[{"href":"https:\/\/kompozits.lv\/en\/wp-json\/wp\/v2\/types\/product"}],"replies":[{"embeddable":true,"href":"https:\/\/kompozits.lv\/en\/wp-json\/wp\/v2\/comments?post=2434"}],"wp:featuredmedia":[{"embeddable":true,"href":"https:\/\/kompozits.lv\/en\/wp-json\/wp\/v2\/media\/13639"}],"wp:attachment":[{"href":"https:\/\/kompozits.lv\/en\/wp-json\/wp\/v2\/media?parent=2434"}],"wp:term":[{"taxonomy":"product_brand","embeddable":true,"href":"https:\/\/kompozits.lv\/en\/wp-json\/wp\/v2\/product_brand?post=2434"},{"taxonomy":"product_cat","embeddable":true,"href":"https:\/\/kompozits.lv\/en\/wp-json\/wp\/v2\/product_cat?post=2434"},{"taxonomy":"product_tag","embeddable":true,"href":"https:\/\/kompozits.lv\/en\/wp-json\/wp\/v2\/product_tag?post=2434"}],"curies":[{"name":"wp","href":"https:\/\/api.w.org\/{rel}","templated":true}]}}