{"id":2752,"date":"2020-04-29T14:08:58","date_gmt":"2020-04-29T11:08:58","guid":{"rendered":"https:\/\/kompozits.lv\/product\/cotton-flakes\/"},"modified":"2023-11-30T16:57:35","modified_gmt":"2023-11-30T14:57:35","slug":"kokvilnas-parslas","status":"publish","type":"product","link":"https:\/\/kompozits.lv\/en\/product\/kokvilnas-parslas\/","title":{"rendered":"Kokvilnas p\u0101rslas"},"content":{"rendered":"<p>Kokvilnas p\u0101rslas galvenol\u0101rt izmanto k\u0101 pildvielu kop\u0101 ar epoks\u012bda sve\u0137iem, lai izveidotu l\u012bmes masu visp\u0101r\u0113jiem pielietojumiem.<br \/>\n<\/br>Kad pievienotas epoks\u012bda sve\u0137iem, tie saglab\u0101 savas mitrino\u0161\u0101s sa\u0137eres \u012bpa\u0161\u012bbas, piem\u0113rotas da\u017e\u0101diem l\u012bm\u0113\u0161anas un remonta darbiem.<br \/>\n<\/br>Kokvilnas p\u0101rslas ar\u012b izmanto kop\u0101 ar da\u017e\u0101d\u0101m sve\u0137u sist\u0113m\u0101m k\u0101 pildvielu, stipr\u012bbas un citu meh\u0101nisko \u012bpa\u0161\u012bbu paaukstin\u0101\u0161anai.<br \/>\n<\/br><\/p>\n<table style=\"border-collapse: collapse; width: 100%;\">\n<tbody>\n<tr>\n<td style=\"width: 50%;\">Kr\u0101sa<\/td>\n<td style=\"width: 50%;\">Balta<\/td>\n<\/tr>\n<tr>\n<td style=\"width: 50%;\">Bl\u012bvums iepakojum\u0101<\/td>\n<td style=\"width: 50%;\">~160 g uz 1 Litru<\/td>\n<\/tr>\n<tr>\n<td style=\"width: 50%;\">Izple\u0161an\u0101s \u016bden\u012b<\/td>\n<td style=\"width: 50%;\">45-50%<\/td>\n<\/tr>\n<tr>\n<td style=\"width: 50%;\">\u0160\u0137iedru forma<\/td>\n<td style=\"width: 50%;\">Nieru formas<\/td>\n<\/tr>\n<tr>\n<td style=\"width: 50%;\">\u0160\u0137iedru garums<\/td>\n<td style=\"width: 50%;\">~0.4 mm<\/td>\n<\/tr>\n<tr>\n<td style=\"width: 50%;\">\u0160\u0137iedru rupjums<\/td>\n<td style=\"width: 50%;\"><\/td>\n<\/tr>\n<tr>\n<td style=\"width: 50%;\">Maz\u0101k\u0101s \u0161\u0137iedras<\/td>\n<td style=\"width: 50%;\">3-12 \u00b5m<\/td>\n<\/tr>\n<tr>\n<td style=\"width: 50%;\">Liel\u0101k\u0101s \u0161\u0137iedras<\/td>\n<td style=\"width: 50%;\">10-40 \u00b5m<\/td>\n<\/tr>\n<\/tbody>\n<\/table>\n<p><\/br><em><strong><span style=\"color: #0000ff;\">Cena nor\u0101d\u012bta par 1 L jeb 160 gramiem kokvilnas p\u0101rslu pildvielas.<\/span><\/strong><\/em><\/p>\n","protected":false},"excerpt":{"rendered":"<p>Kokvilnas p\u0101rslas galvenol\u0101rt izmanto k\u0101 pildvielu kop\u0101 ar epoks\u012bda sve\u0137iem, lai izveidotu l\u012bmes masu visp\u0101r\u0113jiem pielietojumiem. Kad pievienotas epoks\u012bda sve\u0137iem, tie saglab\u0101 savas mitrino\u0161\u0101s sa\u0137eres \u012bpa\u0161\u012bbas, piem\u0113rotas da\u017e\u0101diem l\u012bm\u0113\u0161anas un remonta darbiem. Kokvilnas p\u0101rslas ar\u012b izmanto kop\u0101 ar da\u017e\u0101d\u0101m sve\u0137u sist\u0113m\u0101m k\u0101 pildvielu, stipr\u012bbas un citu meh\u0101nisko \u012bpa\u0161\u012bbu paaukstin\u0101\u0161anai. Kr\u0101sa Balta Bl\u012bvums iepakojum\u0101 ~160 g [&hellip;]<\/p>\n","protected":false},"featured_media":2129,"comment_status":"closed","ping_status":"closed","template":"","meta":{"_acf_changed":false},"product_brand":[],"product_cat":[102],"product_tag":[],"class_list":{"0":"post-2752","1":"product","2":"type-product","3":"status-publish","4":"has-post-thumbnail","6":"product_cat-filler-powders","8":"first","9":"instock","10":"taxable","11":"shipping-taxable","12":"purchasable","13":"product-type-simple"},"acf":[],"yoast_head":"<!-- This site is optimized with the Yoast SEO Premium plugin v23.7 (Yoast SEO v26.9) - https:\/\/yoast.com\/product\/yoast-seo-premium-wordpress\/ -->\n<title>Kokvilnas p\u0101rslas &#8211; Kompozits.lv<\/title>\n<meta name=\"robots\" content=\"index, follow, max-snippet:-1, max-image-preview:large, max-video-preview:-1\" \/>\n<link rel=\"canonical\" href=\"https:\/\/kompozits.lv\/en\/product\/kokvilnas-parslas\/\" \/>\n<meta property=\"og:locale\" content=\"en_US\" \/>\n<meta property=\"og:type\" content=\"article\" \/>\n<meta property=\"og:title\" content=\"Kokvilnas p\u0101rslas\" \/>\n<meta property=\"og:description\" content=\"Kokvilnas p\u0101rslas galvenol\u0101rt izmanto k\u0101 pildvielu kop\u0101 ar epoks\u012bda sve\u0137iem, lai izveidotu l\u012bmes masu visp\u0101r\u0113jiem pielietojumiem. Kad pievienotas epoks\u012bda sve\u0137iem, tie saglab\u0101 savas mitrino\u0161\u0101s sa\u0137eres \u012bpa\u0161\u012bbas, piem\u0113rotas da\u017e\u0101diem l\u012bm\u0113\u0161anas un remonta darbiem. Kokvilnas p\u0101rslas ar\u012b izmanto kop\u0101 ar da\u017e\u0101d\u0101m sve\u0137u sist\u0113m\u0101m k\u0101 pildvielu, stipr\u012bbas un citu meh\u0101nisko \u012bpa\u0161\u012bbu paaukstin\u0101\u0161anai. Kr\u0101sa Balta Bl\u012bvums iepakojum\u0101 ~160 g [&hellip;]\" \/>\n<meta property=\"og:url\" content=\"https:\/\/kompozits.lv\/en\/product\/kokvilnas-parslas\/\" \/>\n<meta property=\"og:site_name\" content=\"Kompozits.lv\" \/>\n<meta property=\"article:publisher\" content=\"https:\/\/www.facebook.com\/kompozits\/\" \/>\n<meta property=\"article:modified_time\" content=\"2023-11-30T14:57:35+00:00\" \/>\n<meta property=\"og:image\" content=\"https:\/\/kompozits.lv\/app\/uploads\/2020\/04\/Cotton.jpg\" \/>\n\t<meta property=\"og:image:width\" content=\"378\" \/>\n\t<meta property=\"og:image:height\" content=\"378\" \/>\n\t<meta property=\"og:image:type\" content=\"image\/jpeg\" \/>\n<meta name=\"twitter:card\" content=\"summary_large_image\" \/>\n<meta name=\"twitter:label1\" content=\"Price\" \/>\n\t<meta name=\"twitter:data1\" content=\"&euro;&nbsp;5.47\" \/>\n\t<meta name=\"twitter:label2\" content=\"Availability\" \/>\n\t<meta name=\"twitter:data2\" content=\"In stock\" \/>\n<script type=\"application\/ld+json\" class=\"yoast-schema-graph\">{\"@context\":\"https:\/\/schema.org\",\"@graph\":[{\"@type\":\"WebPage\",\"@id\":\"https:\/\/kompozits.lv\/en\/product\/kokvilnas-parslas\/\",\"url\":\"https:\/\/kompozits.lv\/en\/product\/kokvilnas-parslas\/\",\"name\":\"Kokvilnas p\u0101rslas &#8211; Kompozits.lv\",\"isPartOf\":{\"@id\":\"https:\/\/kompozits.lv\/en\/#website\"},\"primaryImageOfPage\":{\"@id\":\"https:\/\/kompozits.lv\/en\/product\/kokvilnas-parslas\/#primaryimage\"},\"image\":{\"@id\":\"https:\/\/kompozits.lv\/en\/product\/kokvilnas-parslas\/#primaryimage\"},\"thumbnailUrl\":\"https:\/\/kompozits.lv\/app\/uploads\/2020\/04\/Cotton.jpg\",\"datePublished\":\"2020-04-29T11:08:58+00:00\",\"dateModified\":\"2023-11-30T14:57:35+00:00\",\"breadcrumb\":{\"@id\":\"https:\/\/kompozits.lv\/en\/product\/kokvilnas-parslas\/#breadcrumb\"},\"inLanguage\":\"en-US\",\"potentialAction\":[{\"@type\":\"ReadAction\",\"target\":[\"https:\/\/kompozits.lv\/en\/product\/kokvilnas-parslas\/\"]}]},{\"@type\":\"ImageObject\",\"inLanguage\":\"en-US\",\"@id\":\"https:\/\/kompozits.lv\/en\/product\/kokvilnas-parslas\/#primaryimage\",\"url\":\"https:\/\/kompozits.lv\/app\/uploads\/2020\/04\/Cotton.jpg\",\"contentUrl\":\"https:\/\/kompozits.lv\/app\/uploads\/2020\/04\/Cotton.jpg\",\"width\":378,\"height\":378},{\"@type\":\"BreadcrumbList\",\"@id\":\"https:\/\/kompozits.lv\/en\/product\/kokvilnas-parslas\/#breadcrumb\",\"itemListElement\":[{\"@type\":\"ListItem\",\"position\":1,\"name\":\"Shop\",\"item\":\"https:\/\/kompozits.lv\/en\/shop\/\"},{\"@type\":\"ListItem\",\"position\":2,\"name\":\"Kokvilnas p\u0101rslas\"}]},{\"@type\":\"WebSite\",\"@id\":\"https:\/\/kompozits.lv\/en\/#website\",\"url\":\"https:\/\/kompozits.lv\/en\/\",\"name\":\"Kompozits.lv\",\"description\":\"Kompoz\u012btmateri\u0101lu lielveikals\",\"publisher\":{\"@id\":\"https:\/\/kompozits.lv\/en\/#organization\"},\"potentialAction\":[{\"@type\":\"SearchAction\",\"target\":{\"@type\":\"EntryPoint\",\"urlTemplate\":\"https:\/\/kompozits.lv\/en\/?s={search_term_string}\"},\"query-input\":{\"@type\":\"PropertyValueSpecification\",\"valueRequired\":true,\"valueName\":\"search_term_string\"}}],\"inLanguage\":\"en-US\"},{\"@type\":\"Organization\",\"@id\":\"https:\/\/kompozits.lv\/en\/#organization\",\"name\":\"SIA Prestol Kompozits\",\"url\":\"https:\/\/kompozits.lv\/en\/\",\"logo\":{\"@type\":\"ImageObject\",\"inLanguage\":\"en-US\",\"@id\":\"https:\/\/kompozits.lv\/en\/#\/schema\/logo\/image\/\",\"url\":\"https:\/\/kompozits.lv\/app\/uploads\/2020\/03\/kompozits1.svg\",\"contentUrl\":\"https:\/\/kompozits.lv\/app\/uploads\/2020\/03\/kompozits1.svg\",\"width\":1,\"height\":1,\"caption\":\"SIA Prestol Kompozits\"},\"image\":{\"@id\":\"https:\/\/kompozits.lv\/en\/#\/schema\/logo\/image\/\"},\"sameAs\":[\"https:\/\/www.facebook.com\/kompozits\/\"]}]}<\/script>\n<meta property=\"product:price:amount\" content=\"5.47\" \/>\n<meta property=\"product:price:currency\" content=\"EUR\" \/>\n<meta property=\"og:availability\" content=\"instock\" \/>\n<meta property=\"product:availability\" content=\"instock\" \/>\n<meta property=\"product:retailer_item_id\" content=\"2012020\" \/>\n<meta property=\"product:condition\" content=\"new\" \/>\n<!-- \/ Yoast SEO Premium plugin. -->","yoast_head_json":{"title":"Kokvilnas p\u0101rslas &#8211; Kompozits.lv","robots":{"index":"index","follow":"follow","max-snippet":"max-snippet:-1","max-image-preview":"max-image-preview:large","max-video-preview":"max-video-preview:-1"},"canonical":"https:\/\/kompozits.lv\/en\/product\/kokvilnas-parslas\/","og_locale":"en_US","og_type":"article","og_title":"Kokvilnas p\u0101rslas","og_description":"Kokvilnas p\u0101rslas galvenol\u0101rt izmanto k\u0101 pildvielu kop\u0101 ar epoks\u012bda sve\u0137iem, lai izveidotu l\u012bmes masu visp\u0101r\u0113jiem pielietojumiem. Kad pievienotas epoks\u012bda sve\u0137iem, tie saglab\u0101 savas mitrino\u0161\u0101s sa\u0137eres \u012bpa\u0161\u012bbas, piem\u0113rotas da\u017e\u0101diem l\u012bm\u0113\u0161anas un remonta darbiem. Kokvilnas p\u0101rslas ar\u012b izmanto kop\u0101 ar da\u017e\u0101d\u0101m sve\u0137u sist\u0113m\u0101m k\u0101 pildvielu, stipr\u012bbas un citu meh\u0101nisko \u012bpa\u0161\u012bbu paaukstin\u0101\u0161anai. Kr\u0101sa Balta Bl\u012bvums iepakojum\u0101 ~160 g [&hellip;]","og_url":"https:\/\/kompozits.lv\/en\/product\/kokvilnas-parslas\/","og_site_name":"Kompozits.lv","article_publisher":"https:\/\/www.facebook.com\/kompozits\/","article_modified_time":"2023-11-30T14:57:35+00:00","og_image":[{"width":378,"height":378,"url":"https:\/\/kompozits.lv\/app\/uploads\/2020\/04\/Cotton.jpg","type":"image\/jpeg"}],"twitter_card":"summary_large_image","twitter_misc":{"Price":"&euro;&nbsp;5.47","Availability":"In stock"},"schema":{"@context":"https:\/\/schema.org","@graph":[{"@type":"WebPage","@id":"https:\/\/kompozits.lv\/en\/product\/kokvilnas-parslas\/","url":"https:\/\/kompozits.lv\/en\/product\/kokvilnas-parslas\/","name":"Kokvilnas p\u0101rslas &#8211; Kompozits.lv","isPartOf":{"@id":"https:\/\/kompozits.lv\/en\/#website"},"primaryImageOfPage":{"@id":"https:\/\/kompozits.lv\/en\/product\/kokvilnas-parslas\/#primaryimage"},"image":{"@id":"https:\/\/kompozits.lv\/en\/product\/kokvilnas-parslas\/#primaryimage"},"thumbnailUrl":"https:\/\/kompozits.lv\/app\/uploads\/2020\/04\/Cotton.jpg","datePublished":"2020-04-29T11:08:58+00:00","dateModified":"2023-11-30T14:57:35+00:00","breadcrumb":{"@id":"https:\/\/kompozits.lv\/en\/product\/kokvilnas-parslas\/#breadcrumb"},"inLanguage":"en-US","potentialAction":[{"@type":"ReadAction","target":["https:\/\/kompozits.lv\/en\/product\/kokvilnas-parslas\/"]}]},{"@type":"ImageObject","inLanguage":"en-US","@id":"https:\/\/kompozits.lv\/en\/product\/kokvilnas-parslas\/#primaryimage","url":"https:\/\/kompozits.lv\/app\/uploads\/2020\/04\/Cotton.jpg","contentUrl":"https:\/\/kompozits.lv\/app\/uploads\/2020\/04\/Cotton.jpg","width":378,"height":378},{"@type":"BreadcrumbList","@id":"https:\/\/kompozits.lv\/en\/product\/kokvilnas-parslas\/#breadcrumb","itemListElement":[{"@type":"ListItem","position":1,"name":"Shop","item":"https:\/\/kompozits.lv\/en\/shop\/"},{"@type":"ListItem","position":2,"name":"Kokvilnas p\u0101rslas"}]},{"@type":"WebSite","@id":"https:\/\/kompozits.lv\/en\/#website","url":"https:\/\/kompozits.lv\/en\/","name":"Kompozits.lv","description":"Kompoz\u012btmateri\u0101lu lielveikals","publisher":{"@id":"https:\/\/kompozits.lv\/en\/#organization"},"potentialAction":[{"@type":"SearchAction","target":{"@type":"EntryPoint","urlTemplate":"https:\/\/kompozits.lv\/en\/?s={search_term_string}"},"query-input":{"@type":"PropertyValueSpecification","valueRequired":true,"valueName":"search_term_string"}}],"inLanguage":"en-US"},{"@type":"Organization","@id":"https:\/\/kompozits.lv\/en\/#organization","name":"SIA Prestol Kompozits","url":"https:\/\/kompozits.lv\/en\/","logo":{"@type":"ImageObject","inLanguage":"en-US","@id":"https:\/\/kompozits.lv\/en\/#\/schema\/logo\/image\/","url":"https:\/\/kompozits.lv\/app\/uploads\/2020\/03\/kompozits1.svg","contentUrl":"https:\/\/kompozits.lv\/app\/uploads\/2020\/03\/kompozits1.svg","width":1,"height":1,"caption":"SIA Prestol Kompozits"},"image":{"@id":"https:\/\/kompozits.lv\/en\/#\/schema\/logo\/image\/"},"sameAs":["https:\/\/www.facebook.com\/kompozits\/"]}]},"product_price_amount":"5.47","product_price_currency":"EUR","og_availability":"instock","product_availability":"instock","product_retailer_item_id":"2012020","product_condition":"new"},"_links":{"self":[{"href":"https:\/\/kompozits.lv\/en\/wp-json\/wp\/v2\/product\/2752","targetHints":{"allow":["GET"]}}],"collection":[{"href":"https:\/\/kompozits.lv\/en\/wp-json\/wp\/v2\/product"}],"about":[{"href":"https:\/\/kompozits.lv\/en\/wp-json\/wp\/v2\/types\/product"}],"replies":[{"embeddable":true,"href":"https:\/\/kompozits.lv\/en\/wp-json\/wp\/v2\/comments?post=2752"}],"wp:featuredmedia":[{"embeddable":true,"href":"https:\/\/kompozits.lv\/en\/wp-json\/wp\/v2\/media\/2129"}],"wp:attachment":[{"href":"https:\/\/kompozits.lv\/en\/wp-json\/wp\/v2\/media?parent=2752"}],"wp:term":[{"taxonomy":"product_brand","embeddable":true,"href":"https:\/\/kompozits.lv\/en\/wp-json\/wp\/v2\/product_brand?post=2752"},{"taxonomy":"product_cat","embeddable":true,"href":"https:\/\/kompozits.lv\/en\/wp-json\/wp\/v2\/product_cat?post=2752"},{"taxonomy":"product_tag","embeddable":true,"href":"https:\/\/kompozits.lv\/en\/wp-json\/wp\/v2\/product_tag?post=2752"}],"curies":[{"name":"wp","href":"https:\/\/api.w.org\/{rel}","templated":true}]}}