{"id":2781,"date":"2020-04-29T13:57:34","date_gmt":"2020-04-29T10:57:34","guid":{"rendered":"https:\/\/kompozits.lv\/product\/s2-extra-shine-hologram-remover-polishing-paste-500-ml\/"},"modified":"2024-08-06T18:33:39","modified_gmt":"2024-08-06T15:33:39","slug":"s2-extra-shine-hologram-remover-polishing-paste-500-ml","status":"publish","type":"product","link":"https:\/\/kompozits.lv\/en\/product\/s2-extra-shine-hologram-remover-polishing-paste-500-ml\/","title":{"rendered":"Polishing paste S2 (for hologram removal); 500 ml"},"content":{"rendered":"<p style=\"font-weight: 400;\"><strong>SEA-LINE\u00ae S2<\/strong> polishing paste is universal for all types of finishing coatings. Prevents defects after polishing and ensures an excellent mirror shine finish.<\/p>\n<p><\/br><strong>SEA-LINE\u00ae S2 EXTRA SHINE HOLOGRAM REMOVER<\/strong> can be used by both professionals and DIYers as a finishing product in the polishing process. With S2, we will get a higher surface gloss and remove holograms.  <\/br><\/p>\n<h3><strong>Surface preparation:<\/strong><\/h3>\n<ul>\n<li>  Wash the surface using Sea-Line S3 FINISH CLEANER SHINE CONTROL.<\/li>\n<li>If it is necessary to remove defects from the surface, sand it and finish sanding with a minimum gradation of P3000.<\/li>\n<li>Remove dust after sanding.<\/li>\n<li>Wash the surface again using S3.<\/li>\n<\/ul>\n<h3><strong>Polishing:<\/strong><\/h3>\n<ul>\n<li>Apply finishing paste S2 to the surface or applicator.<\/li>\n<li>Start polishing at the lowest rotation speed (800-1000 rpm) until the paste starts to change colour.<\/li>\n<li>Slowly increase the rotation speed to a maximum of 2000 rpm.<\/li>\n<li>Polish until all defects are removed and a full gloss is achieved.<\/li>\n<li>Remove dust and any residue left after the polishing process using S3 FINISH CLEANER.<\/li>\n<li>If necessary, repeat the polishing process.<\/li>\n<\/ul>\n<h4>To protect the surface, it is recommended to use:<\/h4>\n<ul>\n<li>Sea-Line\u00ae S4 WAX<\/li>\n<li>Sea-Line\u00ae S5 QUICK WAX<\/li>\n<\/ul>\n<h4>For daily maintenance, use:<\/h4>\n<ul>\n<li>Sea-Line C3 SHAMPOO WITH WAX<\/li>\n<\/ul>\n<p><strong>Packaging:<\/strong> 500 ml<\/p>\n","protected":false},"excerpt":{"rendered":"<p>Very fine polishing paste for maximum shine and hologram removal.<\/p>\n","protected":false},"featured_media":932,"comment_status":"closed","ping_status":"closed","template":"","meta":{"_acf_changed":false},"product_brand":[],"product_cat":[118],"product_tag":[],"class_list":{"0":"post-2781","1":"product","2":"type-product","3":"status-publish","4":"has-post-thumbnail","6":"product_cat-polishing-compounds-pastes","8":"first","9":"instock","10":"taxable","11":"shipping-taxable","12":"purchasable","13":"product-type-simple"},"acf":[],"yoast_head":"<!-- This site is optimized with the Yoast SEO Premium plugin v23.7 (Yoast SEO v26.9) - https:\/\/yoast.com\/product\/yoast-seo-premium-wordpress\/ -->\n<title>Polishing paste S2 (for hologram removal); 500 ml &#8211; Kompozits.lv<\/title>\n<meta name=\"description\" content=\"SEA-LINE\u00ae S2 polishing paste for final gloss and hologram removal. Eliminates defects after polishing and ensures an excellent mirror shine.\" \/>\n<meta name=\"robots\" content=\"index, follow, max-snippet:-1, max-image-preview:large, max-video-preview:-1\" \/>\n<link rel=\"canonical\" href=\"https:\/\/kompozits.lv\/en\/product\/s2-extra-shine-hologram-remover-polishing-paste-500-ml\/\" \/>\n<meta property=\"og:locale\" content=\"en_US\" \/>\n<meta property=\"og:type\" content=\"article\" \/>\n<meta property=\"og:title\" content=\"Polishing paste S2 (for hologram removal); 500 ml\" \/>\n<meta property=\"og:description\" content=\"SEA-LINE\u00ae S2 polishing paste for final gloss and hologram removal. Eliminates defects after polishing and ensures an excellent mirror shine.\" \/>\n<meta property=\"og:url\" content=\"https:\/\/kompozits.lv\/en\/product\/s2-extra-shine-hologram-remover-polishing-paste-500-ml\/\" \/>\n<meta property=\"og:site_name\" content=\"Kompozits.lv\" \/>\n<meta property=\"article:publisher\" content=\"https:\/\/www.facebook.com\/kompozits\/\" \/>\n<meta property=\"article:modified_time\" content=\"2024-08-06T15:33:39+00:00\" \/>\n<meta property=\"og:image\" content=\"https:\/\/kompozits.lv\/app\/uploads\/2020\/04\/pulesanas-pasta-hologrammas-nonemsanai-S2.jpg\" \/>\n\t<meta property=\"og:image:width\" content=\"1000\" \/>\n\t<meta property=\"og:image:height\" content=\"1000\" \/>\n\t<meta property=\"og:image:type\" content=\"image\/jpeg\" \/>\n<meta name=\"twitter:card\" content=\"summary_large_image\" \/>\n<meta name=\"twitter:label1\" content=\"Price\" \/>\n\t<meta name=\"twitter:data1\" content=\"&euro;&nbsp;19.76\" \/>\n\t<meta name=\"twitter:label2\" content=\"Availability\" \/>\n\t<meta name=\"twitter:data2\" content=\"In stock\" \/>\n<script type=\"application\/ld+json\" class=\"yoast-schema-graph\">{\"@context\":\"https:\/\/schema.org\",\"@graph\":[{\"@type\":\"WebPage\",\"@id\":\"https:\/\/kompozits.lv\/en\/product\/s2-extra-shine-hologram-remover-polishing-paste-500-ml\/\",\"url\":\"https:\/\/kompozits.lv\/en\/product\/s2-extra-shine-hologram-remover-polishing-paste-500-ml\/\",\"name\":\"Polishing paste S2 (for hologram removal); 500 ml &#8211; Kompozits.lv\",\"isPartOf\":{\"@id\":\"https:\/\/kompozits.lv\/en\/#website\"},\"primaryImageOfPage\":{\"@id\":\"https:\/\/kompozits.lv\/en\/product\/s2-extra-shine-hologram-remover-polishing-paste-500-ml\/#primaryimage\"},\"image\":{\"@id\":\"https:\/\/kompozits.lv\/en\/product\/s2-extra-shine-hologram-remover-polishing-paste-500-ml\/#primaryimage\"},\"thumbnailUrl\":\"https:\/\/kompozits.lv\/app\/uploads\/2020\/04\/pulesanas-pasta-hologrammas-nonemsanai-S2.jpg\",\"datePublished\":\"2020-04-29T10:57:34+00:00\",\"dateModified\":\"2024-08-06T15:33:39+00:00\",\"description\":\"SEA-LINE\u00ae S2 polishing paste for final gloss and hologram removal. Eliminates defects after polishing and ensures an excellent mirror shine.\",\"breadcrumb\":{\"@id\":\"https:\/\/kompozits.lv\/en\/product\/s2-extra-shine-hologram-remover-polishing-paste-500-ml\/#breadcrumb\"},\"inLanguage\":\"en-US\",\"potentialAction\":[{\"@type\":\"ReadAction\",\"target\":[\"https:\/\/kompozits.lv\/en\/product\/s2-extra-shine-hologram-remover-polishing-paste-500-ml\/\"]}]},{\"@type\":\"ImageObject\",\"inLanguage\":\"en-US\",\"@id\":\"https:\/\/kompozits.lv\/en\/product\/s2-extra-shine-hologram-remover-polishing-paste-500-ml\/#primaryimage\",\"url\":\"https:\/\/kompozits.lv\/app\/uploads\/2020\/04\/pulesanas-pasta-hologrammas-nonemsanai-S2.jpg\",\"contentUrl\":\"https:\/\/kompozits.lv\/app\/uploads\/2020\/04\/pulesanas-pasta-hologrammas-nonemsanai-S2.jpg\",\"width\":1000,\"height\":1000,\"caption\":\"Pul\u0113\u0161anas pasta S2 (hologrammu no\u0146em\u0161anai); 500 ml\"},{\"@type\":\"BreadcrumbList\",\"@id\":\"https:\/\/kompozits.lv\/en\/product\/s2-extra-shine-hologram-remover-polishing-paste-500-ml\/#breadcrumb\",\"itemListElement\":[{\"@type\":\"ListItem\",\"position\":1,\"name\":\"Shop\",\"item\":\"https:\/\/kompozits.lv\/en\/shop\/\"},{\"@type\":\"ListItem\",\"position\":2,\"name\":\"Polishing paste S2 (for hologram removal); 500 ml\"}]},{\"@type\":\"WebSite\",\"@id\":\"https:\/\/kompozits.lv\/en\/#website\",\"url\":\"https:\/\/kompozits.lv\/en\/\",\"name\":\"Kompozits.lv\",\"description\":\"Kompoz\u012btmateri\u0101lu lielveikals\",\"publisher\":{\"@id\":\"https:\/\/kompozits.lv\/en\/#organization\"},\"potentialAction\":[{\"@type\":\"SearchAction\",\"target\":{\"@type\":\"EntryPoint\",\"urlTemplate\":\"https:\/\/kompozits.lv\/en\/?s={search_term_string}\"},\"query-input\":{\"@type\":\"PropertyValueSpecification\",\"valueRequired\":true,\"valueName\":\"search_term_string\"}}],\"inLanguage\":\"en-US\"},{\"@type\":\"Organization\",\"@id\":\"https:\/\/kompozits.lv\/en\/#organization\",\"name\":\"SIA Prestol Kompozits\",\"url\":\"https:\/\/kompozits.lv\/en\/\",\"logo\":{\"@type\":\"ImageObject\",\"inLanguage\":\"en-US\",\"@id\":\"https:\/\/kompozits.lv\/en\/#\/schema\/logo\/image\/\",\"url\":\"https:\/\/kompozits.lv\/app\/uploads\/2020\/03\/kompozits1.svg\",\"contentUrl\":\"https:\/\/kompozits.lv\/app\/uploads\/2020\/03\/kompozits1.svg\",\"width\":1,\"height\":1,\"caption\":\"SIA Prestol Kompozits\"},\"image\":{\"@id\":\"https:\/\/kompozits.lv\/en\/#\/schema\/logo\/image\/\"},\"sameAs\":[\"https:\/\/www.facebook.com\/kompozits\/\"]}]}<\/script>\n<meta property=\"product:price:amount\" content=\"19.76\" \/>\n<meta property=\"product:price:currency\" content=\"EUR\" \/>\n<meta property=\"og:availability\" content=\"instock\" \/>\n<meta property=\"product:availability\" content=\"instock\" \/>\n<meta property=\"product:retailer_item_id\" content=\"4050140\" \/>\n<meta property=\"product:condition\" content=\"new\" \/>\n<!-- \/ Yoast SEO Premium plugin. -->","yoast_head_json":{"title":"Polishing paste S2 (for hologram removal); 500 ml &#8211; Kompozits.lv","description":"SEA-LINE\u00ae S2 polishing paste for final gloss and hologram removal. Eliminates defects after polishing and ensures an excellent mirror shine.","robots":{"index":"index","follow":"follow","max-snippet":"max-snippet:-1","max-image-preview":"max-image-preview:large","max-video-preview":"max-video-preview:-1"},"canonical":"https:\/\/kompozits.lv\/en\/product\/s2-extra-shine-hologram-remover-polishing-paste-500-ml\/","og_locale":"en_US","og_type":"article","og_title":"Polishing paste S2 (for hologram removal); 500 ml","og_description":"SEA-LINE\u00ae S2 polishing paste for final gloss and hologram removal. Eliminates defects after polishing and ensures an excellent mirror shine.","og_url":"https:\/\/kompozits.lv\/en\/product\/s2-extra-shine-hologram-remover-polishing-paste-500-ml\/","og_site_name":"Kompozits.lv","article_publisher":"https:\/\/www.facebook.com\/kompozits\/","article_modified_time":"2024-08-06T15:33:39+00:00","og_image":[{"width":1000,"height":1000,"url":"https:\/\/kompozits.lv\/app\/uploads\/2020\/04\/pulesanas-pasta-hologrammas-nonemsanai-S2.jpg","type":"image\/jpeg"}],"twitter_card":"summary_large_image","twitter_misc":{"Price":"&euro;&nbsp;19.76","Availability":"In stock"},"schema":{"@context":"https:\/\/schema.org","@graph":[{"@type":"WebPage","@id":"https:\/\/kompozits.lv\/en\/product\/s2-extra-shine-hologram-remover-polishing-paste-500-ml\/","url":"https:\/\/kompozits.lv\/en\/product\/s2-extra-shine-hologram-remover-polishing-paste-500-ml\/","name":"Polishing paste S2 (for hologram removal); 500 ml &#8211; Kompozits.lv","isPartOf":{"@id":"https:\/\/kompozits.lv\/en\/#website"},"primaryImageOfPage":{"@id":"https:\/\/kompozits.lv\/en\/product\/s2-extra-shine-hologram-remover-polishing-paste-500-ml\/#primaryimage"},"image":{"@id":"https:\/\/kompozits.lv\/en\/product\/s2-extra-shine-hologram-remover-polishing-paste-500-ml\/#primaryimage"},"thumbnailUrl":"https:\/\/kompozits.lv\/app\/uploads\/2020\/04\/pulesanas-pasta-hologrammas-nonemsanai-S2.jpg","datePublished":"2020-04-29T10:57:34+00:00","dateModified":"2024-08-06T15:33:39+00:00","description":"SEA-LINE\u00ae S2 polishing paste for final gloss and hologram removal. Eliminates defects after polishing and ensures an excellent mirror shine.","breadcrumb":{"@id":"https:\/\/kompozits.lv\/en\/product\/s2-extra-shine-hologram-remover-polishing-paste-500-ml\/#breadcrumb"},"inLanguage":"en-US","potentialAction":[{"@type":"ReadAction","target":["https:\/\/kompozits.lv\/en\/product\/s2-extra-shine-hologram-remover-polishing-paste-500-ml\/"]}]},{"@type":"ImageObject","inLanguage":"en-US","@id":"https:\/\/kompozits.lv\/en\/product\/s2-extra-shine-hologram-remover-polishing-paste-500-ml\/#primaryimage","url":"https:\/\/kompozits.lv\/app\/uploads\/2020\/04\/pulesanas-pasta-hologrammas-nonemsanai-S2.jpg","contentUrl":"https:\/\/kompozits.lv\/app\/uploads\/2020\/04\/pulesanas-pasta-hologrammas-nonemsanai-S2.jpg","width":1000,"height":1000,"caption":"Pul\u0113\u0161anas pasta S2 (hologrammu no\u0146em\u0161anai); 500 ml"},{"@type":"BreadcrumbList","@id":"https:\/\/kompozits.lv\/en\/product\/s2-extra-shine-hologram-remover-polishing-paste-500-ml\/#breadcrumb","itemListElement":[{"@type":"ListItem","position":1,"name":"Shop","item":"https:\/\/kompozits.lv\/en\/shop\/"},{"@type":"ListItem","position":2,"name":"Polishing paste S2 (for hologram removal); 500 ml"}]},{"@type":"WebSite","@id":"https:\/\/kompozits.lv\/en\/#website","url":"https:\/\/kompozits.lv\/en\/","name":"Kompozits.lv","description":"Kompoz\u012btmateri\u0101lu lielveikals","publisher":{"@id":"https:\/\/kompozits.lv\/en\/#organization"},"potentialAction":[{"@type":"SearchAction","target":{"@type":"EntryPoint","urlTemplate":"https:\/\/kompozits.lv\/en\/?s={search_term_string}"},"query-input":{"@type":"PropertyValueSpecification","valueRequired":true,"valueName":"search_term_string"}}],"inLanguage":"en-US"},{"@type":"Organization","@id":"https:\/\/kompozits.lv\/en\/#organization","name":"SIA Prestol Kompozits","url":"https:\/\/kompozits.lv\/en\/","logo":{"@type":"ImageObject","inLanguage":"en-US","@id":"https:\/\/kompozits.lv\/en\/#\/schema\/logo\/image\/","url":"https:\/\/kompozits.lv\/app\/uploads\/2020\/03\/kompozits1.svg","contentUrl":"https:\/\/kompozits.lv\/app\/uploads\/2020\/03\/kompozits1.svg","width":1,"height":1,"caption":"SIA Prestol Kompozits"},"image":{"@id":"https:\/\/kompozits.lv\/en\/#\/schema\/logo\/image\/"},"sameAs":["https:\/\/www.facebook.com\/kompozits\/"]}]},"product_price_amount":"19.76","product_price_currency":"EUR","og_availability":"instock","product_availability":"instock","product_retailer_item_id":"4050140","product_condition":"new"},"_links":{"self":[{"href":"https:\/\/kompozits.lv\/en\/wp-json\/wp\/v2\/product\/2781","targetHints":{"allow":["GET"]}}],"collection":[{"href":"https:\/\/kompozits.lv\/en\/wp-json\/wp\/v2\/product"}],"about":[{"href":"https:\/\/kompozits.lv\/en\/wp-json\/wp\/v2\/types\/product"}],"replies":[{"embeddable":true,"href":"https:\/\/kompozits.lv\/en\/wp-json\/wp\/v2\/comments?post=2781"}],"wp:featuredmedia":[{"embeddable":true,"href":"https:\/\/kompozits.lv\/en\/wp-json\/wp\/v2\/media\/932"}],"wp:attachment":[{"href":"https:\/\/kompozits.lv\/en\/wp-json\/wp\/v2\/media?parent=2781"}],"wp:term":[{"taxonomy":"product_brand","embeddable":true,"href":"https:\/\/kompozits.lv\/en\/wp-json\/wp\/v2\/product_brand?post=2781"},{"taxonomy":"product_cat","embeddable":true,"href":"https:\/\/kompozits.lv\/en\/wp-json\/wp\/v2\/product_cat?post=2781"},{"taxonomy":"product_tag","embeddable":true,"href":"https:\/\/kompozits.lv\/en\/wp-json\/wp\/v2\/product_tag?post=2781"}],"curies":[{"name":"wp","href":"https:\/\/api.w.org\/{rel}","templated":true}]}}