{"id":2944,"date":"2020-04-24T10:25:15","date_gmt":"2020-04-24T07:25:15","guid":{"rendered":"https:\/\/kompozits.lv\/product\/cobalt\/"},"modified":"2020-04-24T10:25:15","modified_gmt":"2020-04-24T07:25:15","slug":"cobalt","status":"publish","type":"product","link":"https:\/\/kompozits.lv\/en\/product\/cobalt\/","title":{"rendered":"Cobalt"},"content":{"rendered":"","protected":false},"excerpt":{"rendered":"","protected":false},"featured_media":7663,"comment_status":"closed","ping_status":"closed","template":"","meta":{"_acf_changed":false},"product_brand":[],"product_cat":[107],"product_tag":[],"class_list":{"0":"post-2944","1":"product","2":"type-product","3":"status-publish","4":"has-post-thumbnail","6":"product_cat-urethane-acylate-resin","8":"first","9":"outofstock","10":"taxable","11":"shipping-taxable","12":"purchasable","13":"product-type-simple"},"acf":[],"yoast_head":"<!-- This site is optimized with the Yoast SEO Premium plugin v23.7 (Yoast SEO v26.9) - https:\/\/yoast.com\/product\/yoast-seo-premium-wordpress\/ -->\n<title>Cobalt &#8211; Kompozits.lv<\/title>\n<meta name=\"robots\" content=\"index, follow, max-snippet:-1, max-image-preview:large, max-video-preview:-1\" \/>\n<link rel=\"canonical\" href=\"https:\/\/kompozits.lv\/en\/product\/cobalt\/\" \/>\n<meta property=\"og:locale\" content=\"en_US\" \/>\n<meta property=\"og:type\" content=\"article\" \/>\n<meta property=\"og:title\" content=\"Cobalt\" \/>\n<meta property=\"og:url\" content=\"https:\/\/kompozits.lv\/en\/product\/cobalt\/\" \/>\n<meta property=\"og:site_name\" content=\"Kompozits.lv\" \/>\n<meta property=\"article:publisher\" content=\"https:\/\/www.facebook.com\/kompozits\/\" \/>\n<meta name=\"twitter:card\" content=\"summary_large_image\" \/>\n<meta name=\"twitter:label1\" content=\"Price\" \/>\n\t<meta name=\"twitter:data1\" content=\"&euro;&nbsp;12.67\" \/>\n\t<meta name=\"twitter:label2\" content=\"Availability\" \/>\n\t<meta name=\"twitter:data2\" content=\"Out of stock\" \/>\n<script type=\"application\/ld+json\" class=\"yoast-schema-graph\">{\"@context\":\"https:\/\/schema.org\",\"@graph\":[{\"@type\":\"WebPage\",\"@id\":\"https:\/\/kompozits.lv\/en\/product\/cobalt\/\",\"url\":\"https:\/\/kompozits.lv\/en\/product\/cobalt\/\",\"name\":\"Cobalt &#8211; Kompozits.lv\",\"isPartOf\":{\"@id\":\"https:\/\/kompozits.lv\/en\/#website\"},\"primaryImageOfPage\":{\"@id\":\"https:\/\/kompozits.lv\/en\/product\/cobalt\/#primaryimage\"},\"image\":{\"@id\":\"https:\/\/kompozits.lv\/en\/product\/cobalt\/#primaryimage\"},\"thumbnailUrl\":\"https:\/\/kompozits.lv\/app\/uploads\/2020\/04\/aksererators-svekiem-accelerator-g-cobalt-1-_edited.jpg\",\"datePublished\":\"2020-04-24T07:25:15+00:00\",\"breadcrumb\":{\"@id\":\"https:\/\/kompozits.lv\/en\/product\/cobalt\/#breadcrumb\"},\"inLanguage\":\"en-US\",\"potentialAction\":[{\"@type\":\"ReadAction\",\"target\":[\"https:\/\/kompozits.lv\/en\/product\/cobalt\/\"]}]},{\"@type\":\"ImageObject\",\"inLanguage\":\"en-US\",\"@id\":\"https:\/\/kompozits.lv\/en\/product\/cobalt\/#primaryimage\",\"url\":\"https:\/\/kompozits.lv\/app\/uploads\/2020\/04\/aksererators-svekiem-accelerator-g-cobalt-1-_edited.jpg\",\"contentUrl\":\"https:\/\/kompozits.lv\/app\/uploads\/2020\/04\/aksererators-svekiem-accelerator-g-cobalt-1-_edited.jpg\",\"width\":1000,\"height\":1000,\"caption\":\"Sve\u0137u pa\u0101trin\u0101t\u0101js Accelerator G 1% Cobalt\"},{\"@type\":\"BreadcrumbList\",\"@id\":\"https:\/\/kompozits.lv\/en\/product\/cobalt\/#breadcrumb\",\"itemListElement\":[{\"@type\":\"ListItem\",\"position\":1,\"name\":\"Shop\",\"item\":\"https:\/\/kompozits.lv\/en\/shop\/\"},{\"@type\":\"ListItem\",\"position\":2,\"name\":\"Cobalt\"}]},{\"@type\":\"WebSite\",\"@id\":\"https:\/\/kompozits.lv\/en\/#website\",\"url\":\"https:\/\/kompozits.lv\/en\/\",\"name\":\"Kompozits.lv\",\"description\":\"Kompoz\u012btmateri\u0101lu lielveikals\",\"publisher\":{\"@id\":\"https:\/\/kompozits.lv\/en\/#organization\"},\"potentialAction\":[{\"@type\":\"SearchAction\",\"target\":{\"@type\":\"EntryPoint\",\"urlTemplate\":\"https:\/\/kompozits.lv\/en\/?s={search_term_string}\"},\"query-input\":{\"@type\":\"PropertyValueSpecification\",\"valueRequired\":true,\"valueName\":\"search_term_string\"}}],\"inLanguage\":\"en-US\"},{\"@type\":\"Organization\",\"@id\":\"https:\/\/kompozits.lv\/en\/#organization\",\"name\":\"SIA Prestol Kompozits\",\"url\":\"https:\/\/kompozits.lv\/en\/\",\"logo\":{\"@type\":\"ImageObject\",\"inLanguage\":\"en-US\",\"@id\":\"https:\/\/kompozits.lv\/en\/#\/schema\/logo\/image\/\",\"url\":\"https:\/\/kompozits.lv\/app\/uploads\/2020\/03\/kompozits1.svg\",\"contentUrl\":\"https:\/\/kompozits.lv\/app\/uploads\/2020\/03\/kompozits1.svg\",\"width\":1,\"height\":1,\"caption\":\"SIA Prestol Kompozits\"},\"image\":{\"@id\":\"https:\/\/kompozits.lv\/en\/#\/schema\/logo\/image\/\"},\"sameAs\":[\"https:\/\/www.facebook.com\/kompozits\/\"]}]}<\/script>\n<meta property=\"product:price:amount\" content=\"12.67\" \/>\n<meta property=\"product:price:currency\" content=\"EUR\" \/>\n<meta property=\"og:availability\" content=\"out of stock\" \/>\n<meta property=\"product:availability\" content=\"out of stock\" \/>\n<meta property=\"product:retailer_item_id\" content=\"1040000\" \/>\n<meta property=\"product:condition\" content=\"new\" \/>\n<!-- \/ Yoast SEO Premium plugin. -->","yoast_head_json":{"title":"Cobalt &#8211; Kompozits.lv","robots":{"index":"index","follow":"follow","max-snippet":"max-snippet:-1","max-image-preview":"max-image-preview:large","max-video-preview":"max-video-preview:-1"},"canonical":"https:\/\/kompozits.lv\/en\/product\/cobalt\/","og_locale":"en_US","og_type":"article","og_title":"Cobalt","og_url":"https:\/\/kompozits.lv\/en\/product\/cobalt\/","og_site_name":"Kompozits.lv","article_publisher":"https:\/\/www.facebook.com\/kompozits\/","twitter_card":"summary_large_image","twitter_misc":{"Price":"&euro;&nbsp;12.67","Availability":"Out of stock"},"schema":{"@context":"https:\/\/schema.org","@graph":[{"@type":"WebPage","@id":"https:\/\/kompozits.lv\/en\/product\/cobalt\/","url":"https:\/\/kompozits.lv\/en\/product\/cobalt\/","name":"Cobalt &#8211; Kompozits.lv","isPartOf":{"@id":"https:\/\/kompozits.lv\/en\/#website"},"primaryImageOfPage":{"@id":"https:\/\/kompozits.lv\/en\/product\/cobalt\/#primaryimage"},"image":{"@id":"https:\/\/kompozits.lv\/en\/product\/cobalt\/#primaryimage"},"thumbnailUrl":"https:\/\/kompozits.lv\/app\/uploads\/2020\/04\/aksererators-svekiem-accelerator-g-cobalt-1-_edited.jpg","datePublished":"2020-04-24T07:25:15+00:00","breadcrumb":{"@id":"https:\/\/kompozits.lv\/en\/product\/cobalt\/#breadcrumb"},"inLanguage":"en-US","potentialAction":[{"@type":"ReadAction","target":["https:\/\/kompozits.lv\/en\/product\/cobalt\/"]}]},{"@type":"ImageObject","inLanguage":"en-US","@id":"https:\/\/kompozits.lv\/en\/product\/cobalt\/#primaryimage","url":"https:\/\/kompozits.lv\/app\/uploads\/2020\/04\/aksererators-svekiem-accelerator-g-cobalt-1-_edited.jpg","contentUrl":"https:\/\/kompozits.lv\/app\/uploads\/2020\/04\/aksererators-svekiem-accelerator-g-cobalt-1-_edited.jpg","width":1000,"height":1000,"caption":"Sve\u0137u pa\u0101trin\u0101t\u0101js Accelerator G 1% Cobalt"},{"@type":"BreadcrumbList","@id":"https:\/\/kompozits.lv\/en\/product\/cobalt\/#breadcrumb","itemListElement":[{"@type":"ListItem","position":1,"name":"Shop","item":"https:\/\/kompozits.lv\/en\/shop\/"},{"@type":"ListItem","position":2,"name":"Cobalt"}]},{"@type":"WebSite","@id":"https:\/\/kompozits.lv\/en\/#website","url":"https:\/\/kompozits.lv\/en\/","name":"Kompozits.lv","description":"Kompoz\u012btmateri\u0101lu lielveikals","publisher":{"@id":"https:\/\/kompozits.lv\/en\/#organization"},"potentialAction":[{"@type":"SearchAction","target":{"@type":"EntryPoint","urlTemplate":"https:\/\/kompozits.lv\/en\/?s={search_term_string}"},"query-input":{"@type":"PropertyValueSpecification","valueRequired":true,"valueName":"search_term_string"}}],"inLanguage":"en-US"},{"@type":"Organization","@id":"https:\/\/kompozits.lv\/en\/#organization","name":"SIA Prestol Kompozits","url":"https:\/\/kompozits.lv\/en\/","logo":{"@type":"ImageObject","inLanguage":"en-US","@id":"https:\/\/kompozits.lv\/en\/#\/schema\/logo\/image\/","url":"https:\/\/kompozits.lv\/app\/uploads\/2020\/03\/kompozits1.svg","contentUrl":"https:\/\/kompozits.lv\/app\/uploads\/2020\/03\/kompozits1.svg","width":1,"height":1,"caption":"SIA Prestol Kompozits"},"image":{"@id":"https:\/\/kompozits.lv\/en\/#\/schema\/logo\/image\/"},"sameAs":["https:\/\/www.facebook.com\/kompozits\/"]}]},"product_price_amount":"12.67","product_price_currency":"EUR","og_availability":"out of stock","product_availability":"out of stock","product_retailer_item_id":"1040000","product_condition":"new"},"_links":{"self":[{"href":"https:\/\/kompozits.lv\/en\/wp-json\/wp\/v2\/product\/2944","targetHints":{"allow":["GET"]}}],"collection":[{"href":"https:\/\/kompozits.lv\/en\/wp-json\/wp\/v2\/product"}],"about":[{"href":"https:\/\/kompozits.lv\/en\/wp-json\/wp\/v2\/types\/product"}],"replies":[{"embeddable":true,"href":"https:\/\/kompozits.lv\/en\/wp-json\/wp\/v2\/comments?post=2944"}],"wp:featuredmedia":[{"embeddable":true,"href":"https:\/\/kompozits.lv\/en\/wp-json\/wp\/v2\/media\/7663"}],"wp:attachment":[{"href":"https:\/\/kompozits.lv\/en\/wp-json\/wp\/v2\/media?parent=2944"}],"wp:term":[{"taxonomy":"product_brand","embeddable":true,"href":"https:\/\/kompozits.lv\/en\/wp-json\/wp\/v2\/product_brand?post=2944"},{"taxonomy":"product_cat","embeddable":true,"href":"https:\/\/kompozits.lv\/en\/wp-json\/wp\/v2\/product_cat?post=2944"},{"taxonomy":"product_tag","embeddable":true,"href":"https:\/\/kompozits.lv\/en\/wp-json\/wp\/v2\/product_tag?post=2944"}],"curies":[{"name":"wp","href":"https:\/\/api.w.org\/{rel}","templated":true}]}}