{"id":8972,"date":"2023-05-20T12:44:19","date_gmt":"2023-05-31T14:29:58","guid":{"rendered":"https:\/\/kompozits.lv\/product\/mixing-cup-with-proportions-4-sizes\/"},"modified":"2023-05-31T17:29:58","modified_gmt":"2023-05-31T14:29:58","slug":"mixing-cup-with-proportions","status":"publish","type":"product","link":"https:\/\/kompozits.lv\/en\/product\/mixing-cup-with-proportions\/","title":{"rendered":"Mixing cup with proportions (4 sizes)"},"content":{"rendered":"<p>Mixing cup with divisions, 10 different proportions for convenient dosing of paints, varnishes, resins and various substances.<br \/>\n<\/br><\/p>\n<h3><strong>Properties<\/strong><\/h3>\n<ul>\n<li>10 different mixing proportions<\/li>\n<li>Optimized measuring cup height and width for more precise mixing<\/li>\n<li>Clearly legible sections printed on the inside of the container for easy use<\/li>\n<li>Feet at the bottom of the measuring cup provide distance and protection from cold surfaces<\/li>\n<li>Very durable, flexible plastic designed for winter conditions<\/li>\n<\/ul>\n<p><\/br><\/p>\n<table style=\"border-collapse: collapse; width: 100%;\">\n<tbody>\n<tr>\n<td style=\"width: 50%;\" rowspan=\"4\">Available sizes<\/td>\n<td style=\"width: 50%;\">400 ml<\/td>\n<\/tr>\n<tr>\n<td style=\"width: 50%;\">650 ml<\/td>\n<\/tr>\n<tr>\n<td style=\"width: 50%;\">1300 ml<\/td>\n<\/tr>\n<tr>\n<td style=\"width: 50%;\">2240 ml<\/td>\n<\/tr>\n<\/tbody>\n<\/table>\n","protected":false},"excerpt":{"rendered":"<p>400 ml, 650 ml, 1300 ml, 2240 ml mixing cups with proportions for dosing.<\/p>\n","protected":false},"featured_media":8893,"comment_status":"closed","ping_status":"closed","template":"","meta":{"_acf_changed":false},"product_brand":[],"product_cat":[130],"product_tag":[],"class_list":{"0":"post-8972","1":"product","2":"type-product","3":"status-publish","4":"has-post-thumbnail","6":"product_cat-tools","8":"first","9":"instock","10":"taxable","11":"shipping-taxable","12":"purchasable","13":"product-type-variable"},"acf":[],"yoast_head":"<!-- This site is optimized with the Yoast SEO Premium plugin v23.7 (Yoast SEO v26.9) - https:\/\/yoast.com\/product\/yoast-seo-premium-wordpress\/ -->\n<title>Mixing cup with proportions (4 sizes) | FINIXA &#8211; Kompozits.lv<\/title>\n<meta name=\"description\" content=\"Mixing cup with divisions, 10 different proportions for convenient dosing of paints, varnishes, resins and various substances. Made of durable and flexible plastic. 4 sizes.\" \/>\n<meta name=\"robots\" content=\"index, follow, max-snippet:-1, max-image-preview:large, max-video-preview:-1\" \/>\n<link rel=\"canonical\" href=\"https:\/\/kompozits.lv\/en\/product\/mixing-cup-with-proportions\/\" \/>\n<meta property=\"og:locale\" content=\"en_US\" \/>\n<meta property=\"og:type\" content=\"article\" \/>\n<meta property=\"og:title\" content=\"Mixing cup with proportions (4 sizes)\" \/>\n<meta property=\"og:description\" content=\"Mixing cup with divisions, 10 different proportions for convenient dosing of paints, varnishes, resins and various substances. Made of durable and flexible plastic. 4 sizes.\" \/>\n<meta property=\"og:url\" content=\"https:\/\/kompozits.lv\/en\/product\/mixing-cup-with-proportions\/\" \/>\n<meta property=\"og:site_name\" content=\"Kompozits.lv\" \/>\n<meta property=\"article:publisher\" content=\"https:\/\/www.facebook.com\/kompozits\/\" \/>\n<meta property=\"og:image\" content=\"https:\/\/kompozits.lv\/app\/uploads\/2023\/05\/Mertrauks-ar-iedalam-2240-ml.jpg\" \/>\n\t<meta property=\"og:image:width\" content=\"1000\" \/>\n\t<meta property=\"og:image:height\" content=\"1000\" \/>\n\t<meta property=\"og:image:type\" content=\"image\/jpeg\" \/>\n<meta name=\"twitter:card\" content=\"summary_large_image\" \/>\n<meta name=\"twitter:label1\" content=\"Availability\" \/>\n\t<meta name=\"twitter:data1\" content=\"In stock\" \/>\n<script type=\"application\/ld+json\" class=\"yoast-schema-graph\">{\"@context\":\"https:\/\/schema.org\",\"@graph\":[{\"@type\":\"WebPage\",\"@id\":\"https:\/\/kompozits.lv\/en\/product\/mixing-cup-with-proportions\/\",\"url\":\"https:\/\/kompozits.lv\/en\/product\/mixing-cup-with-proportions\/\",\"name\":\"Mixing cup with proportions (4 sizes) | FINIXA &#8211; Kompozits.lv\",\"isPartOf\":{\"@id\":\"https:\/\/kompozits.lv\/en\/#website\"},\"primaryImageOfPage\":{\"@id\":\"https:\/\/kompozits.lv\/en\/product\/mixing-cup-with-proportions\/#primaryimage\"},\"image\":{\"@id\":\"https:\/\/kompozits.lv\/en\/product\/mixing-cup-with-proportions\/#primaryimage\"},\"thumbnailUrl\":\"https:\/\/kompozits.lv\/app\/uploads\/2023\/05\/Mertrauks-ar-iedalam-2240-ml.jpg\",\"datePublished\":\"2023-05-31T14:29:58+00:00\",\"description\":\"Mixing cup with divisions, 10 different proportions for convenient dosing of paints, varnishes, resins and various substances. Made of durable and flexible plastic. 4 sizes.\",\"breadcrumb\":{\"@id\":\"https:\/\/kompozits.lv\/en\/product\/mixing-cup-with-proportions\/#breadcrumb\"},\"inLanguage\":\"en-US\",\"potentialAction\":[{\"@type\":\"ReadAction\",\"target\":[\"https:\/\/kompozits.lv\/en\/product\/mixing-cup-with-proportions\/\"]}]},{\"@type\":\"ImageObject\",\"inLanguage\":\"en-US\",\"@id\":\"https:\/\/kompozits.lv\/en\/product\/mixing-cup-with-proportions\/#primaryimage\",\"url\":\"https:\/\/kompozits.lv\/app\/uploads\/2023\/05\/Mertrauks-ar-iedalam-2240-ml.jpg\",\"contentUrl\":\"https:\/\/kompozits.lv\/app\/uploads\/2023\/05\/Mertrauks-ar-iedalam-2240-ml.jpg\",\"width\":1000,\"height\":1000,\"caption\":\"M\u0113rtrauks ar ieda\u013c\u0101m 2240 ml\"},{\"@type\":\"BreadcrumbList\",\"@id\":\"https:\/\/kompozits.lv\/en\/product\/mixing-cup-with-proportions\/#breadcrumb\",\"itemListElement\":[{\"@type\":\"ListItem\",\"position\":1,\"name\":\"Shop\",\"item\":\"https:\/\/kompozits.lv\/en\/shop\/\"},{\"@type\":\"ListItem\",\"position\":2,\"name\":\"Mixing cup with proportions (4 sizes)\"}]},{\"@type\":\"WebSite\",\"@id\":\"https:\/\/kompozits.lv\/en\/#website\",\"url\":\"https:\/\/kompozits.lv\/en\/\",\"name\":\"Kompozits.lv\",\"description\":\"Kompoz\u012btmateri\u0101lu lielveikals\",\"publisher\":{\"@id\":\"https:\/\/kompozits.lv\/en\/#organization\"},\"potentialAction\":[{\"@type\":\"SearchAction\",\"target\":{\"@type\":\"EntryPoint\",\"urlTemplate\":\"https:\/\/kompozits.lv\/en\/?s={search_term_string}\"},\"query-input\":{\"@type\":\"PropertyValueSpecification\",\"valueRequired\":true,\"valueName\":\"search_term_string\"}}],\"inLanguage\":\"en-US\"},{\"@type\":\"Organization\",\"@id\":\"https:\/\/kompozits.lv\/en\/#organization\",\"name\":\"SIA Prestol Kompozits\",\"url\":\"https:\/\/kompozits.lv\/en\/\",\"logo\":{\"@type\":\"ImageObject\",\"inLanguage\":\"en-US\",\"@id\":\"https:\/\/kompozits.lv\/en\/#\/schema\/logo\/image\/\",\"url\":\"https:\/\/kompozits.lv\/app\/uploads\/2020\/03\/kompozits1.svg\",\"contentUrl\":\"https:\/\/kompozits.lv\/app\/uploads\/2020\/03\/kompozits1.svg\",\"width\":1,\"height\":1,\"caption\":\"SIA Prestol Kompozits\"},\"image\":{\"@id\":\"https:\/\/kompozits.lv\/en\/#\/schema\/logo\/image\/\"},\"sameAs\":[\"https:\/\/www.facebook.com\/kompozits\/\"]}]}<\/script>\n<meta property=\"og:availability\" content=\"instock\" \/>\n<meta property=\"product:availability\" content=\"instock\" \/>\n<meta property=\"product:condition\" content=\"new\" \/>\n<!-- \/ Yoast SEO Premium plugin. -->","yoast_head_json":{"title":"Mixing cup with proportions (4 sizes) | FINIXA &#8211; Kompozits.lv","description":"Mixing cup with divisions, 10 different proportions for convenient dosing of paints, varnishes, resins and various substances. Made of durable and flexible plastic. 4 sizes.","robots":{"index":"index","follow":"follow","max-snippet":"max-snippet:-1","max-image-preview":"max-image-preview:large","max-video-preview":"max-video-preview:-1"},"canonical":"https:\/\/kompozits.lv\/en\/product\/mixing-cup-with-proportions\/","og_locale":"en_US","og_type":"article","og_title":"Mixing cup with proportions (4 sizes)","og_description":"Mixing cup with divisions, 10 different proportions for convenient dosing of paints, varnishes, resins and various substances. Made of durable and flexible plastic. 4 sizes.","og_url":"https:\/\/kompozits.lv\/en\/product\/mixing-cup-with-proportions\/","og_site_name":"Kompozits.lv","article_publisher":"https:\/\/www.facebook.com\/kompozits\/","og_image":[{"width":1000,"height":1000,"url":"https:\/\/kompozits.lv\/app\/uploads\/2023\/05\/Mertrauks-ar-iedalam-2240-ml.jpg","type":"image\/jpeg"}],"twitter_card":"summary_large_image","twitter_misc":{"Availability":"In stock"},"schema":{"@context":"https:\/\/schema.org","@graph":[{"@type":"WebPage","@id":"https:\/\/kompozits.lv\/en\/product\/mixing-cup-with-proportions\/","url":"https:\/\/kompozits.lv\/en\/product\/mixing-cup-with-proportions\/","name":"Mixing cup with proportions (4 sizes) | FINIXA &#8211; Kompozits.lv","isPartOf":{"@id":"https:\/\/kompozits.lv\/en\/#website"},"primaryImageOfPage":{"@id":"https:\/\/kompozits.lv\/en\/product\/mixing-cup-with-proportions\/#primaryimage"},"image":{"@id":"https:\/\/kompozits.lv\/en\/product\/mixing-cup-with-proportions\/#primaryimage"},"thumbnailUrl":"https:\/\/kompozits.lv\/app\/uploads\/2023\/05\/Mertrauks-ar-iedalam-2240-ml.jpg","datePublished":"2023-05-31T14:29:58+00:00","description":"Mixing cup with divisions, 10 different proportions for convenient dosing of paints, varnishes, resins and various substances. Made of durable and flexible plastic. 4 sizes.","breadcrumb":{"@id":"https:\/\/kompozits.lv\/en\/product\/mixing-cup-with-proportions\/#breadcrumb"},"inLanguage":"en-US","potentialAction":[{"@type":"ReadAction","target":["https:\/\/kompozits.lv\/en\/product\/mixing-cup-with-proportions\/"]}]},{"@type":"ImageObject","inLanguage":"en-US","@id":"https:\/\/kompozits.lv\/en\/product\/mixing-cup-with-proportions\/#primaryimage","url":"https:\/\/kompozits.lv\/app\/uploads\/2023\/05\/Mertrauks-ar-iedalam-2240-ml.jpg","contentUrl":"https:\/\/kompozits.lv\/app\/uploads\/2023\/05\/Mertrauks-ar-iedalam-2240-ml.jpg","width":1000,"height":1000,"caption":"M\u0113rtrauks ar ieda\u013c\u0101m 2240 ml"},{"@type":"BreadcrumbList","@id":"https:\/\/kompozits.lv\/en\/product\/mixing-cup-with-proportions\/#breadcrumb","itemListElement":[{"@type":"ListItem","position":1,"name":"Shop","item":"https:\/\/kompozits.lv\/en\/shop\/"},{"@type":"ListItem","position":2,"name":"Mixing cup with proportions (4 sizes)"}]},{"@type":"WebSite","@id":"https:\/\/kompozits.lv\/en\/#website","url":"https:\/\/kompozits.lv\/en\/","name":"Kompozits.lv","description":"Kompoz\u012btmateri\u0101lu lielveikals","publisher":{"@id":"https:\/\/kompozits.lv\/en\/#organization"},"potentialAction":[{"@type":"SearchAction","target":{"@type":"EntryPoint","urlTemplate":"https:\/\/kompozits.lv\/en\/?s={search_term_string}"},"query-input":{"@type":"PropertyValueSpecification","valueRequired":true,"valueName":"search_term_string"}}],"inLanguage":"en-US"},{"@type":"Organization","@id":"https:\/\/kompozits.lv\/en\/#organization","name":"SIA Prestol Kompozits","url":"https:\/\/kompozits.lv\/en\/","logo":{"@type":"ImageObject","inLanguage":"en-US","@id":"https:\/\/kompozits.lv\/en\/#\/schema\/logo\/image\/","url":"https:\/\/kompozits.lv\/app\/uploads\/2020\/03\/kompozits1.svg","contentUrl":"https:\/\/kompozits.lv\/app\/uploads\/2020\/03\/kompozits1.svg","width":1,"height":1,"caption":"SIA Prestol Kompozits"},"image":{"@id":"https:\/\/kompozits.lv\/en\/#\/schema\/logo\/image\/"},"sameAs":["https:\/\/www.facebook.com\/kompozits\/"]}]},"og_availability":"instock","product_availability":"instock","product_condition":"new"},"_links":{"self":[{"href":"https:\/\/kompozits.lv\/en\/wp-json\/wp\/v2\/product\/8972","targetHints":{"allow":["GET"]}}],"collection":[{"href":"https:\/\/kompozits.lv\/en\/wp-json\/wp\/v2\/product"}],"about":[{"href":"https:\/\/kompozits.lv\/en\/wp-json\/wp\/v2\/types\/product"}],"replies":[{"embeddable":true,"href":"https:\/\/kompozits.lv\/en\/wp-json\/wp\/v2\/comments?post=8972"}],"wp:featuredmedia":[{"embeddable":true,"href":"https:\/\/kompozits.lv\/en\/wp-json\/wp\/v2\/media\/8893"}],"wp:attachment":[{"href":"https:\/\/kompozits.lv\/en\/wp-json\/wp\/v2\/media?parent=8972"}],"wp:term":[{"taxonomy":"product_brand","embeddable":true,"href":"https:\/\/kompozits.lv\/en\/wp-json\/wp\/v2\/product_brand?post=8972"},{"taxonomy":"product_cat","embeddable":true,"href":"https:\/\/kompozits.lv\/en\/wp-json\/wp\/v2\/product_cat?post=8972"},{"taxonomy":"product_tag","embeddable":true,"href":"https:\/\/kompozits.lv\/en\/wp-json\/wp\/v2\/product_tag?post=8972"}],"curies":[{"name":"wp","href":"https:\/\/api.w.org\/{rel}","templated":true}]}}