{"id":1169,"date":"2020-05-14T19:14:29","date_gmt":"2020-05-14T19:14:29","guid":{"rendered":"https:\/\/kompozits.lv\/product\/vacuum-pump-100-l-min\/"},"modified":"2021-01-03T22:34:56","modified_gmt":"2021-01-03T20:34:56","slug":"vakuumnyj-nasos-100-l-min","status":"publish","type":"product","link":"https:\/\/kompozits.lv\/ru\/produkt\/vakuumnyj-nasos-100-l-min\/","title":{"rendered":"\u0412\u0430\u043a\u0443\u0443\u043c\u043d\u044b\u0439 \u043d\u0430\u0441\u043e\u0441 &#8211; 100 \u043b\/\u043c\u0438\u043d"},"content":{"rendered":"<p>\u0412\u044b\u0441\u043e\u043a\u043e\u043f\u0440\u043e\u0438\u0437\u0432\u043e\u0434\u0438\u0442\u0435\u043b\u044c\u043d\u044b\u0439 \u0434\u0432\u0443\u0445\u0441\u0442\u0443\u043f\u0435\u043d\u0447\u0430\u0442\u044b\u0439 \u043c\u0430\u0441\u043b\u044f\u043d\u044b\u0439 \u0432\u0430\u043a\u0443\u0443\u043c\u043d\u044b\u0439 \u043d\u0430\u0441\u043e\u0441 \u0434\u043b\u044f \u043d\u0435\u0431\u043e\u043b\u044c\u0448\u0438\u0445, \u0441\u0440\u0435\u0434\u043d\u0438\u0445 \u0438 \u0434\u0430\u0436\u0435 \u0431\u043e\u043b\u044c\u0448\u0438\u0445 \u043a\u043e\u043c\u043f\u043e\u0437\u0438\u0442\u043d\u044b\u0445 \u0434\u0435\u0442\u0430\u043b\u0435\u0439.<\/p>\n<p>\u0414\u0432\u0443\u0445\u0441\u0442\u0443\u043f\u0435\u043d\u0447\u0430\u0442\u044b\u0439<br \/>\n\u041a\u043e\u043c\u043f\u0430\u043a\u0442\u043d\u0430\u044f \u043a\u043e\u043d\u0441\u0442\u0440\u0443\u043a\u0446\u0438\u044f<br \/>\n\u0421\u0442\u0435\u043a\u043b\u043e \u0434\u043b\u044f \u043a\u043e\u043d\u0442\u0440\u043e\u043b\u044f \u0443\u0440\u043e\u0432\u043d\u044f \u043c\u0430\u0441\u043b\u0430<br \/>\n\u0422\u043e\u0447\u043d\u044b\u0439 \u0432\u0430\u043a\u0443\u0443\u043c\u043c\u0435\u0442\u0440<br \/>\n\u0412\u0430\u043a\u0443\u0443\u043c\u043d\u044b\u0439 \u044d\u043b\u0435\u043a\u0442\u0440\u043e\u043c\u0430\u0433\u043d\u0438\u0442\u043d\u044b\u0439 \u043a\u043b\u0430\u043f\u0430\u043d, \u043f\u0440\u0435\u0434\u043e\u0442\u0432\u0440\u0430\u0449\u0430\u044e\u0449\u0438\u0439 \u043e\u0431\u0440\u0430\u0442\u043d\u044b\u0439 \u043f\u043e\u0442\u043e\u043a \u043c\u0430\u0441\u043b\u0430 \u0432 \u0441\u0438\u0441\u0442\u0435\u043c\u0443<\/p>\n<p>\u0412 \u043a\u043e\u043c\u043f\u043b\u0435\u043a\u0442\u0435 2 \u0441\u043c\u0430\u0437\u043a\u0438 \u043f\u043e 330 \u043c\u043b.<\/p>\n","protected":false},"excerpt":{"rendered":"<p>\u0412\u044b\u0441\u043e\u043a\u043e\u043f\u0440\u043e\u0438\u0437\u0432\u043e\u0434\u0438\u0442\u0435\u043b\u044c\u043d\u044b\u0439 \u0434\u0432\u0443\u0445\u0441\u0442\u0443\u043f\u0435\u043d\u0447\u0430\u0442\u044b\u0439 \u043c\u0430\u0441\u043b\u044f\u043d\u044b\u0439 \u0432\u0430\u043a\u0443\u0443\u043c\u043d\u044b\u0439 \u043d\u0430\u0441\u043e\u0441 \u0434\u043b\u044f \u043d\u0435\u0431\u043e\u043b\u044c\u0448\u0438\u0445, \u0441\u0440\u0435\u0434\u043d\u0438\u0445 \u0438 \u0434\u0430\u0436\u0435 \u0431\u043e\u043b\u044c\u0448\u0438\u0445 \u043a\u043e\u043c\u043f\u043e\u0437\u0438\u0442\u043d\u044b\u0445 \u0434\u0435\u0442\u0430\u043b\u0435\u0439. \u0414\u0432\u0443\u0445\u0441\u0442\u0443\u043f\u0435\u043d\u0447\u0430\u0442\u044b\u0439 \u041a\u043e\u043c\u043f\u0430\u043a\u0442\u043d\u0430\u044f \u043a\u043e\u043d\u0441\u0442\u0440\u0443\u043a\u0446\u0438\u044f \u0421\u0442\u0435\u043a\u043b\u043e \u0434\u043b\u044f \u043a\u043e\u043d\u0442\u0440\u043e\u043b\u044f \u0443\u0440\u043e\u0432\u043d\u044f \u043c\u0430\u0441\u043b\u0430 \u0422\u043e\u0447\u043d\u044b\u0439 \u0432\u0430\u043a\u0443\u0443\u043c\u043c\u0435\u0442\u0440 \u0412\u0430\u043a\u0443\u0443\u043c\u043d\u044b\u0439 \u044d\u043b\u0435\u043a\u0442\u0440\u043e\u043c\u0430\u0433\u043d\u0438\u0442\u043d\u044b\u0439 \u043a\u043b\u0430\u043f\u0430\u043d, \u043f\u0440\u0435\u0434\u043e\u0442\u0432\u0440\u0430\u0449\u0430\u044e\u0449\u0438\u0439 \u043e\u0431\u0440\u0430\u0442\u043d\u044b\u0439 \u043f\u043e\u0442\u043e\u043a \u043c\u0430\u0441\u043b\u0430 \u0432 \u0441\u0438\u0441\u0442\u0435\u043c\u0443 \u0412 \u043a\u043e\u043c\u043f\u043b\u0435\u043a\u0442\u0435 2 \u0441\u043c\u0430\u0437\u043a\u0438 \u043f\u043e 330 \u043c\u043b.<\/p>\n","protected":false},"featured_media":1165,"comment_status":"closed","ping_status":"closed","template":"","meta":{"_acf_changed":false},"product_brand":[],"product_cat":[175],"product_tag":[],"class_list":{"0":"post-1169","1":"product","2":"type-product","3":"status-publish","4":"has-post-thumbnail","6":"product_cat-vakuumnye-nasosy","8":"first","9":"instock","10":"taxable","11":"shipping-taxable","12":"purchasable","13":"product-type-simple"},"acf":[],"yoast_head":"<!-- This site is optimized with the Yoast SEO Premium plugin v23.7 (Yoast SEO v26.9) - https:\/\/yoast.com\/product\/yoast-seo-premium-wordpress\/ -->\n<title>\u0412\u0430\u043a\u0443\u0443\u043c\u043d\u044b\u0439 \u043d\u0430\u0441\u043e\u0441 - 100 \u043b\/\u043c\u0438\u043d &#8211; Kompozits.lv<\/title>\n<meta name=\"description\" content=\"\u0412\u044b\u0441\u043e\u043a\u043e\u043f\u0440\u043e\u0438\u0437\u0432\u043e\u0434\u0438\u0442\u0435\u043b\u044c\u043d\u044b\u0439 \u0434\u0432\u0443\u0445\u0441\u0442\u0443\u043f\u0435\u043d\u0447\u0430\u0442\u044b\u0439 \u043c\u0430\u0441\u043b\u044f\u043d\u044b\u0439 \u0432\u0430\u043a\u0443\u0443\u043c\u043d\u044b\u0439 \u043d\u0430\u0441\u043e\u0441 \u0434\u043b\u044f \u043d\u0435\u0431\u043e\u043b\u044c\u0448\u0438\u0445, \u0441\u0440\u0435\u0434\u043d\u0438\u0445 \u0438 \u0434\u0430\u0436\u0435 \u0431\u043e\u043b\u044c\u0448\u0438\u0445 \u043a\u043e\u043c\u043f\u043e\u0437\u0438\u0442\u043d\u044b\u0445 \u0434\u0435\u0442\u0430\u043b\u0435\u0439.\" \/>\n<meta name=\"robots\" content=\"index, follow, max-snippet:-1, max-image-preview:large, max-video-preview:-1\" \/>\n<link rel=\"canonical\" href=\"https:\/\/kompozits.lv\/ru\/produkt\/vakuumnyj-nasos-100-l-min\/\" \/>\n<meta property=\"og:locale\" content=\"ru_RU\" \/>\n<meta property=\"og:type\" content=\"article\" \/>\n<meta property=\"og:title\" content=\"\u0412\u0430\u043a\u0443\u0443\u043c\u043d\u044b\u0439 \u043d\u0430\u0441\u043e\u0441 - 100 \u043b\/\u043c\u0438\u043d\" \/>\n<meta property=\"og:description\" content=\"\u0412\u044b\u0441\u043e\u043a\u043e\u043f\u0440\u043e\u0438\u0437\u0432\u043e\u0434\u0438\u0442\u0435\u043b\u044c\u043d\u044b\u0439 \u0434\u0432\u0443\u0445\u0441\u0442\u0443\u043f\u0435\u043d\u0447\u0430\u0442\u044b\u0439 \u043c\u0430\u0441\u043b\u044f\u043d\u044b\u0439 \u0432\u0430\u043a\u0443\u0443\u043c\u043d\u044b\u0439 \u043d\u0430\u0441\u043e\u0441 \u0434\u043b\u044f \u043d\u0435\u0431\u043e\u043b\u044c\u0448\u0438\u0445, \u0441\u0440\u0435\u0434\u043d\u0438\u0445 \u0438 \u0434\u0430\u0436\u0435 \u0431\u043e\u043b\u044c\u0448\u0438\u0445 \u043a\u043e\u043c\u043f\u043e\u0437\u0438\u0442\u043d\u044b\u0445 \u0434\u0435\u0442\u0430\u043b\u0435\u0439.\" \/>\n<meta property=\"og:url\" content=\"https:\/\/kompozits.lv\/ru\/produkt\/vakuumnyj-nasos-100-l-min\/\" \/>\n<meta property=\"og:site_name\" content=\"Kompozits.lv\" \/>\n<meta property=\"article:publisher\" content=\"https:\/\/www.facebook.com\/kompozits\/\" \/>\n<meta property=\"article:modified_time\" content=\"2021-01-03T20:34:56+00:00\" \/>\n<meta property=\"og:image\" content=\"https:\/\/kompozits.lv\/app\/uploads\/2020\/05\/Divtaktu_e\u013c\u013cas_vakuums\u016bknis_V-i240SV_vakuuma_suknis_\u0414\u0432\u0443\u0445\u0442\u0430\u043a\u0442\u043d\u044b\u0439_\u043c\u0430\u0441\u043b\u044f\u043d\u044b\u0439_\u0432\u0430\u043a\u0443\u0443\u043c\u043d\u044b\u0439_\u043d\u0430\u0441\u043e\u0441-1.jpg\" \/>\n\t<meta property=\"og:image:width\" content=\"1000\" \/>\n\t<meta property=\"og:image:height\" content=\"1000\" \/>\n\t<meta property=\"og:image:type\" content=\"image\/jpeg\" \/>\n<meta name=\"twitter:card\" content=\"summary_large_image\" \/>\n<meta name=\"twitter:label1\" content=\"Price\" \/>\n\t<meta name=\"twitter:data1\" content=\"&euro;&nbsp;284.00\" \/>\n\t<meta name=\"twitter:label2\" content=\"Availability\" \/>\n\t<meta name=\"twitter:data2\" content=\"In stock\" \/>\n<script type=\"application\/ld+json\" class=\"yoast-schema-graph\">{\"@context\":\"https:\/\/schema.org\",\"@graph\":[{\"@type\":\"WebPage\",\"@id\":\"https:\/\/kompozits.lv\/ru\/produkt\/vakuumnyj-nasos-100-l-min\/\",\"url\":\"https:\/\/kompozits.lv\/ru\/produkt\/vakuumnyj-nasos-100-l-min\/\",\"name\":\"\u0412\u0430\u043a\u0443\u0443\u043c\u043d\u044b\u0439 \u043d\u0430\u0441\u043e\u0441 - 100 \u043b\/\u043c\u0438\u043d &#8211; Kompozits.lv\",\"isPartOf\":{\"@id\":\"https:\/\/kompozits.lv\/ru\/#website\"},\"primaryImageOfPage\":{\"@id\":\"https:\/\/kompozits.lv\/ru\/produkt\/vakuumnyj-nasos-100-l-min\/#primaryimage\"},\"image\":{\"@id\":\"https:\/\/kompozits.lv\/ru\/produkt\/vakuumnyj-nasos-100-l-min\/#primaryimage\"},\"thumbnailUrl\":\"https:\/\/kompozits.lv\/app\/uploads\/2020\/05\/Divtaktu_e\u013c\u013cas_vakuums\u016bknis_V-i240SV_vakuuma_suknis_\u0414\u0432\u0443\u0445\u0442\u0430\u043a\u0442\u043d\u044b\u0439_\u043c\u0430\u0441\u043b\u044f\u043d\u044b\u0439_\u0432\u0430\u043a\u0443\u0443\u043c\u043d\u044b\u0439_\u043d\u0430\u0441\u043e\u0441-1.jpg\",\"datePublished\":\"2020-05-14T19:14:29+00:00\",\"dateModified\":\"2021-01-03T20:34:56+00:00\",\"description\":\"\u0412\u044b\u0441\u043e\u043a\u043e\u043f\u0440\u043e\u0438\u0437\u0432\u043e\u0434\u0438\u0442\u0435\u043b\u044c\u043d\u044b\u0439 \u0434\u0432\u0443\u0445\u0441\u0442\u0443\u043f\u0435\u043d\u0447\u0430\u0442\u044b\u0439 \u043c\u0430\u0441\u043b\u044f\u043d\u044b\u0439 \u0432\u0430\u043a\u0443\u0443\u043c\u043d\u044b\u0439 \u043d\u0430\u0441\u043e\u0441 \u0434\u043b\u044f \u043d\u0435\u0431\u043e\u043b\u044c\u0448\u0438\u0445, \u0441\u0440\u0435\u0434\u043d\u0438\u0445 \u0438 \u0434\u0430\u0436\u0435 \u0431\u043e\u043b\u044c\u0448\u0438\u0445 \u043a\u043e\u043c\u043f\u043e\u0437\u0438\u0442\u043d\u044b\u0445 \u0434\u0435\u0442\u0430\u043b\u0435\u0439.\",\"breadcrumb\":{\"@id\":\"https:\/\/kompozits.lv\/ru\/produkt\/vakuumnyj-nasos-100-l-min\/#breadcrumb\"},\"inLanguage\":\"ru-RU\",\"potentialAction\":[{\"@type\":\"ReadAction\",\"target\":[\"https:\/\/kompozits.lv\/ru\/produkt\/vakuumnyj-nasos-100-l-min\/\"]}]},{\"@type\":\"ImageObject\",\"inLanguage\":\"ru-RU\",\"@id\":\"https:\/\/kompozits.lv\/ru\/produkt\/vakuumnyj-nasos-100-l-min\/#primaryimage\",\"url\":\"https:\/\/kompozits.lv\/app\/uploads\/2020\/05\/Divtaktu_e\u013c\u013cas_vakuums\u016bknis_V-i240SV_vakuuma_suknis_\u0414\u0432\u0443\u0445\u0442\u0430\u043a\u0442\u043d\u044b\u0439_\u043c\u0430\u0441\u043b\u044f\u043d\u044b\u0439_\u0432\u0430\u043a\u0443\u0443\u043c\u043d\u044b\u0439_\u043d\u0430\u0441\u043e\u0441-1.jpg\",\"contentUrl\":\"https:\/\/kompozits.lv\/app\/uploads\/2020\/05\/Divtaktu_e\u013c\u013cas_vakuums\u016bknis_V-i240SV_vakuuma_suknis_\u0414\u0432\u0443\u0445\u0442\u0430\u043a\u0442\u043d\u044b\u0439_\u043c\u0430\u0441\u043b\u044f\u043d\u044b\u0439_\u0432\u0430\u043a\u0443\u0443\u043c\u043d\u044b\u0439_\u043d\u0430\u0441\u043e\u0441-1.jpg\",\"width\":1000,\"height\":1000},{\"@type\":\"BreadcrumbList\",\"@id\":\"https:\/\/kompozits.lv\/ru\/produkt\/vakuumnyj-nasos-100-l-min\/#breadcrumb\",\"itemListElement\":[{\"@type\":\"ListItem\",\"position\":1,\"name\":\"\u041c\u0430\u0433\u0430\u0437\u0438\u043d\",\"item\":\"https:\/\/kompozits.lv\/ru\/magazin\/\"},{\"@type\":\"ListItem\",\"position\":2,\"name\":\"\u0412\u0430\u043a\u0443\u0443\u043c\u043d\u044b\u0439 \u043d\u0430\u0441\u043e\u0441 &#8211; 100 \u043b\/\u043c\u0438\u043d\"}]},{\"@type\":\"WebSite\",\"@id\":\"https:\/\/kompozits.lv\/ru\/#website\",\"url\":\"https:\/\/kompozits.lv\/ru\/\",\"name\":\"Kompozits.lv\",\"description\":\"Kompoz\u012btmateri\u0101lu lielveikals\",\"publisher\":{\"@id\":\"https:\/\/kompozits.lv\/ru\/#organization\"},\"potentialAction\":[{\"@type\":\"SearchAction\",\"target\":{\"@type\":\"EntryPoint\",\"urlTemplate\":\"https:\/\/kompozits.lv\/ru\/?s={search_term_string}\"},\"query-input\":{\"@type\":\"PropertyValueSpecification\",\"valueRequired\":true,\"valueName\":\"search_term_string\"}}],\"inLanguage\":\"ru-RU\"},{\"@type\":\"Organization\",\"@id\":\"https:\/\/kompozits.lv\/ru\/#organization\",\"name\":\"SIA Prestol Kompozits\",\"url\":\"https:\/\/kompozits.lv\/ru\/\",\"logo\":{\"@type\":\"ImageObject\",\"inLanguage\":\"ru-RU\",\"@id\":\"https:\/\/kompozits.lv\/ru\/#\/schema\/logo\/image\/\",\"url\":\"https:\/\/kompozits.lv\/app\/uploads\/2020\/03\/kompozits1.svg\",\"contentUrl\":\"https:\/\/kompozits.lv\/app\/uploads\/2020\/03\/kompozits1.svg\",\"width\":1,\"height\":1,\"caption\":\"SIA Prestol Kompozits\"},\"image\":{\"@id\":\"https:\/\/kompozits.lv\/ru\/#\/schema\/logo\/image\/\"},\"sameAs\":[\"https:\/\/www.facebook.com\/kompozits\/\"]}]}<\/script>\n<meta property=\"product:price:amount\" content=\"284.00\" \/>\n<meta property=\"product:price:currency\" content=\"EUR\" \/>\n<meta property=\"og:availability\" content=\"instock\" \/>\n<meta property=\"product:availability\" content=\"instock\" \/>\n<meta property=\"product:retailer_item_id\" content=\"4720020\" \/>\n<meta property=\"product:condition\" content=\"new\" \/>\n<!-- \/ Yoast SEO Premium plugin. -->","yoast_head_json":{"title":"\u0412\u0430\u043a\u0443\u0443\u043c\u043d\u044b\u0439 \u043d\u0430\u0441\u043e\u0441 - 100 \u043b\/\u043c\u0438\u043d &#8211; Kompozits.lv","description":"\u0412\u044b\u0441\u043e\u043a\u043e\u043f\u0440\u043e\u0438\u0437\u0432\u043e\u0434\u0438\u0442\u0435\u043b\u044c\u043d\u044b\u0439 \u0434\u0432\u0443\u0445\u0441\u0442\u0443\u043f\u0435\u043d\u0447\u0430\u0442\u044b\u0439 \u043c\u0430\u0441\u043b\u044f\u043d\u044b\u0439 \u0432\u0430\u043a\u0443\u0443\u043c\u043d\u044b\u0439 \u043d\u0430\u0441\u043e\u0441 \u0434\u043b\u044f \u043d\u0435\u0431\u043e\u043b\u044c\u0448\u0438\u0445, \u0441\u0440\u0435\u0434\u043d\u0438\u0445 \u0438 \u0434\u0430\u0436\u0435 \u0431\u043e\u043b\u044c\u0448\u0438\u0445 \u043a\u043e\u043c\u043f\u043e\u0437\u0438\u0442\u043d\u044b\u0445 \u0434\u0435\u0442\u0430\u043b\u0435\u0439.","robots":{"index":"index","follow":"follow","max-snippet":"max-snippet:-1","max-image-preview":"max-image-preview:large","max-video-preview":"max-video-preview:-1"},"canonical":"https:\/\/kompozits.lv\/ru\/produkt\/vakuumnyj-nasos-100-l-min\/","og_locale":"ru_RU","og_type":"article","og_title":"\u0412\u0430\u043a\u0443\u0443\u043c\u043d\u044b\u0439 \u043d\u0430\u0441\u043e\u0441 - 100 \u043b\/\u043c\u0438\u043d","og_description":"\u0412\u044b\u0441\u043e\u043a\u043e\u043f\u0440\u043e\u0438\u0437\u0432\u043e\u0434\u0438\u0442\u0435\u043b\u044c\u043d\u044b\u0439 \u0434\u0432\u0443\u0445\u0441\u0442\u0443\u043f\u0435\u043d\u0447\u0430\u0442\u044b\u0439 \u043c\u0430\u0441\u043b\u044f\u043d\u044b\u0439 \u0432\u0430\u043a\u0443\u0443\u043c\u043d\u044b\u0439 \u043d\u0430\u0441\u043e\u0441 \u0434\u043b\u044f \u043d\u0435\u0431\u043e\u043b\u044c\u0448\u0438\u0445, \u0441\u0440\u0435\u0434\u043d\u0438\u0445 \u0438 \u0434\u0430\u0436\u0435 \u0431\u043e\u043b\u044c\u0448\u0438\u0445 \u043a\u043e\u043c\u043f\u043e\u0437\u0438\u0442\u043d\u044b\u0445 \u0434\u0435\u0442\u0430\u043b\u0435\u0439.","og_url":"https:\/\/kompozits.lv\/ru\/produkt\/vakuumnyj-nasos-100-l-min\/","og_site_name":"Kompozits.lv","article_publisher":"https:\/\/www.facebook.com\/kompozits\/","article_modified_time":"2021-01-03T20:34:56+00:00","og_image":[{"width":1000,"height":1000,"url":"https:\/\/kompozits.lv\/app\/uploads\/2020\/05\/Divtaktu_e\u013c\u013cas_vakuums\u016bknis_V-i240SV_vakuuma_suknis_\u0414\u0432\u0443\u0445\u0442\u0430\u043a\u0442\u043d\u044b\u0439_\u043c\u0430\u0441\u043b\u044f\u043d\u044b\u0439_\u0432\u0430\u043a\u0443\u0443\u043c\u043d\u044b\u0439_\u043d\u0430\u0441\u043e\u0441-1.jpg","type":"image\/jpeg"}],"twitter_card":"summary_large_image","twitter_misc":{"Price":"&euro;&nbsp;284.00","Availability":"In stock"},"schema":{"@context":"https:\/\/schema.org","@graph":[{"@type":"WebPage","@id":"https:\/\/kompozits.lv\/ru\/produkt\/vakuumnyj-nasos-100-l-min\/","url":"https:\/\/kompozits.lv\/ru\/produkt\/vakuumnyj-nasos-100-l-min\/","name":"\u0412\u0430\u043a\u0443\u0443\u043c\u043d\u044b\u0439 \u043d\u0430\u0441\u043e\u0441 - 100 \u043b\/\u043c\u0438\u043d &#8211; Kompozits.lv","isPartOf":{"@id":"https:\/\/kompozits.lv\/ru\/#website"},"primaryImageOfPage":{"@id":"https:\/\/kompozits.lv\/ru\/produkt\/vakuumnyj-nasos-100-l-min\/#primaryimage"},"image":{"@id":"https:\/\/kompozits.lv\/ru\/produkt\/vakuumnyj-nasos-100-l-min\/#primaryimage"},"thumbnailUrl":"https:\/\/kompozits.lv\/app\/uploads\/2020\/05\/Divtaktu_e\u013c\u013cas_vakuums\u016bknis_V-i240SV_vakuuma_suknis_\u0414\u0432\u0443\u0445\u0442\u0430\u043a\u0442\u043d\u044b\u0439_\u043c\u0430\u0441\u043b\u044f\u043d\u044b\u0439_\u0432\u0430\u043a\u0443\u0443\u043c\u043d\u044b\u0439_\u043d\u0430\u0441\u043e\u0441-1.jpg","datePublished":"2020-05-14T19:14:29+00:00","dateModified":"2021-01-03T20:34:56+00:00","description":"\u0412\u044b\u0441\u043e\u043a\u043e\u043f\u0440\u043e\u0438\u0437\u0432\u043e\u0434\u0438\u0442\u0435\u043b\u044c\u043d\u044b\u0439 \u0434\u0432\u0443\u0445\u0441\u0442\u0443\u043f\u0435\u043d\u0447\u0430\u0442\u044b\u0439 \u043c\u0430\u0441\u043b\u044f\u043d\u044b\u0439 \u0432\u0430\u043a\u0443\u0443\u043c\u043d\u044b\u0439 \u043d\u0430\u0441\u043e\u0441 \u0434\u043b\u044f \u043d\u0435\u0431\u043e\u043b\u044c\u0448\u0438\u0445, \u0441\u0440\u0435\u0434\u043d\u0438\u0445 \u0438 \u0434\u0430\u0436\u0435 \u0431\u043e\u043b\u044c\u0448\u0438\u0445 \u043a\u043e\u043c\u043f\u043e\u0437\u0438\u0442\u043d\u044b\u0445 \u0434\u0435\u0442\u0430\u043b\u0435\u0439.","breadcrumb":{"@id":"https:\/\/kompozits.lv\/ru\/produkt\/vakuumnyj-nasos-100-l-min\/#breadcrumb"},"inLanguage":"ru-RU","potentialAction":[{"@type":"ReadAction","target":["https:\/\/kompozits.lv\/ru\/produkt\/vakuumnyj-nasos-100-l-min\/"]}]},{"@type":"ImageObject","inLanguage":"ru-RU","@id":"https:\/\/kompozits.lv\/ru\/produkt\/vakuumnyj-nasos-100-l-min\/#primaryimage","url":"https:\/\/kompozits.lv\/app\/uploads\/2020\/05\/Divtaktu_e\u013c\u013cas_vakuums\u016bknis_V-i240SV_vakuuma_suknis_\u0414\u0432\u0443\u0445\u0442\u0430\u043a\u0442\u043d\u044b\u0439_\u043c\u0430\u0441\u043b\u044f\u043d\u044b\u0439_\u0432\u0430\u043a\u0443\u0443\u043c\u043d\u044b\u0439_\u043d\u0430\u0441\u043e\u0441-1.jpg","contentUrl":"https:\/\/kompozits.lv\/app\/uploads\/2020\/05\/Divtaktu_e\u013c\u013cas_vakuums\u016bknis_V-i240SV_vakuuma_suknis_\u0414\u0432\u0443\u0445\u0442\u0430\u043a\u0442\u043d\u044b\u0439_\u043c\u0430\u0441\u043b\u044f\u043d\u044b\u0439_\u0432\u0430\u043a\u0443\u0443\u043c\u043d\u044b\u0439_\u043d\u0430\u0441\u043e\u0441-1.jpg","width":1000,"height":1000},{"@type":"BreadcrumbList","@id":"https:\/\/kompozits.lv\/ru\/produkt\/vakuumnyj-nasos-100-l-min\/#breadcrumb","itemListElement":[{"@type":"ListItem","position":1,"name":"\u041c\u0430\u0433\u0430\u0437\u0438\u043d","item":"https:\/\/kompozits.lv\/ru\/magazin\/"},{"@type":"ListItem","position":2,"name":"\u0412\u0430\u043a\u0443\u0443\u043c\u043d\u044b\u0439 \u043d\u0430\u0441\u043e\u0441 &#8211; 100 \u043b\/\u043c\u0438\u043d"}]},{"@type":"WebSite","@id":"https:\/\/kompozits.lv\/ru\/#website","url":"https:\/\/kompozits.lv\/ru\/","name":"Kompozits.lv","description":"Kompoz\u012btmateri\u0101lu lielveikals","publisher":{"@id":"https:\/\/kompozits.lv\/ru\/#organization"},"potentialAction":[{"@type":"SearchAction","target":{"@type":"EntryPoint","urlTemplate":"https:\/\/kompozits.lv\/ru\/?s={search_term_string}"},"query-input":{"@type":"PropertyValueSpecification","valueRequired":true,"valueName":"search_term_string"}}],"inLanguage":"ru-RU"},{"@type":"Organization","@id":"https:\/\/kompozits.lv\/ru\/#organization","name":"SIA Prestol Kompozits","url":"https:\/\/kompozits.lv\/ru\/","logo":{"@type":"ImageObject","inLanguage":"ru-RU","@id":"https:\/\/kompozits.lv\/ru\/#\/schema\/logo\/image\/","url":"https:\/\/kompozits.lv\/app\/uploads\/2020\/03\/kompozits1.svg","contentUrl":"https:\/\/kompozits.lv\/app\/uploads\/2020\/03\/kompozits1.svg","width":1,"height":1,"caption":"SIA Prestol Kompozits"},"image":{"@id":"https:\/\/kompozits.lv\/ru\/#\/schema\/logo\/image\/"},"sameAs":["https:\/\/www.facebook.com\/kompozits\/"]}]},"product_price_amount":"284.00","product_price_currency":"EUR","og_availability":"instock","product_availability":"instock","product_retailer_item_id":"4720020","product_condition":"new"},"_links":{"self":[{"href":"https:\/\/kompozits.lv\/ru\/wp-json\/wp\/v2\/product\/1169","targetHints":{"allow":["GET"]}}],"collection":[{"href":"https:\/\/kompozits.lv\/ru\/wp-json\/wp\/v2\/product"}],"about":[{"href":"https:\/\/kompozits.lv\/ru\/wp-json\/wp\/v2\/types\/product"}],"replies":[{"embeddable":true,"href":"https:\/\/kompozits.lv\/ru\/wp-json\/wp\/v2\/comments?post=1169"}],"wp:featuredmedia":[{"embeddable":true,"href":"https:\/\/kompozits.lv\/ru\/wp-json\/wp\/v2\/media\/1165"}],"wp:attachment":[{"href":"https:\/\/kompozits.lv\/ru\/wp-json\/wp\/v2\/media?parent=1169"}],"wp:term":[{"taxonomy":"product_brand","embeddable":true,"href":"https:\/\/kompozits.lv\/ru\/wp-json\/wp\/v2\/product_brand?post=1169"},{"taxonomy":"product_cat","embeddable":true,"href":"https:\/\/kompozits.lv\/ru\/wp-json\/wp\/v2\/product_cat?post=1169"},{"taxonomy":"product_tag","embeddable":true,"href":"https:\/\/kompozits.lv\/ru\/wp-json\/wp\/v2\/product_tag?post=1169"}],"curies":[{"name":"wp","href":"https:\/\/api.w.org\/{rel}","templated":true}]}}