{"id":2580,"date":"2020-04-29T13:39:25","date_gmt":"2020-04-29T13:39:25","guid":{"rendered":"https:\/\/kompozits.lv\/product\/%d1%80%d0%b0%d1%81%d1%82%d0%b2%d0%be%d1%80%d0%b8%d1%82%d0%b5%d0%bb%d1%8c-%d0%b4%d0%bb%d1%8f-%d0%be%d0%ba%d1%80%d0%b0%d1%81%d0%ba%d0%b8\/"},"modified":"2021-01-16T01:10:31","modified_gmt":"2021-01-15T23:10:31","slug":"razbavitel-poliuretana-sea-line","status":"publish","type":"product","link":"https:\/\/kompozits.lv\/ru\/produkt\/razbavitel-poliuretana-sea-line\/","title":{"rendered":"\u0420\u0430\u0437\u0431\u0430\u0432\u0438\u0442\u0435\u043b\u044c \u043f\u043e\u043b\u0438\u0443\u0440\u0435\u0442\u0430\u043d\u0430 \u0434\u043b\u044f \u043e\u043a\u0440\u0430\u0441\u043a\u0438 \u043a\u0438\u0441\u0442\u044c\u044e"},"content":{"rendered":"<p><span class=\"JLqJ4b ChMk0b\" data-language-for-alternatives=\"ru\" data-language-to-translate-into=\"en\" data-phrase-index=\"0\">\u0420\u0430\u0437\u0431\u0430\u0432\u0438\u0442\u0435\u043b\u044c \u0434\u043b\u044f \u043d\u0430\u043d\u0435\u0441\u0435\u043d\u0438\u044f \u043a\u0438\u0441\u0442\u044c\u044e \u0438 \u0432\u0430\u043b\u0438\u043a\u043e\u043c \u043f\u043e\u043b\u0438\u0443\u0440\u0435\u0442\u0430\u043d\u043e\u0432\u044b\u0445 \u0444\u0438\u043d\u0438\u0448\u043d\u044b\u0445 \u043f\u043e\u043a\u0440\u044b\u0442\u0438\u0439 &#8211; \u0446\u0432\u0435\u0442\u043d\u044b\u0445 \u0438 \u0431\u0435\u0441\u0446\u0432\u0435\u0442\u043d\u044b\u0445.<\/span> <span class=\"JLqJ4b ChMk0b\" data-language-for-alternatives=\"ru\" data-language-to-translate-into=\"en\" data-phrase-index=\"2\">\u041e\u0447\u0435\u043d\u044c \u0432\u0430\u0436\u043d\u043e \u0438\u0441\u043f\u043e\u043b\u044c\u0437\u043e\u0432\u0430\u0442\u044c \u0440\u0430\u0437\u0431\u0430\u0432\u0438\u0442\u0435\u043b\u0438 \u0434\u043b\u044f \u043a\u0440\u0430\u0441\u043a\u0438, \u043a\u043e\u0442\u043e\u0440\u044b\u0435 \u043e\u0431\u0435\u0441\u043f\u0435\u0447\u0438\u0432\u0430\u044e\u0442 \u0441\u043e\u043e\u0442\u0432\u0435\u0442\u0441\u0442\u0432\u0443\u044e\u0449\u0438\u0435 \u043f\u0430\u0440\u0430\u043c\u0435\u0442\u0440\u044b \u043a\u0440\u0430\u0441\u043a\u0438 &#8211; \u0442\u0435\u043a\u0443\u0447\u0435\u0441\u0442\u044c, \u0436\u0438\u0437\u043d\u0435\u0441\u043f\u043e\u0441\u043e\u0431\u043d\u043e\u0441\u0442\u044c, \u0432\u0440\u0435\u043c\u044f \u0432\u044b\u0441\u044b\u0445\u0430\u043d\u0438\u044f.<\/span><\/p>\n<ul>\n<li><span class=\"JLqJ4b ChMk0b\" data-language-for-alternatives=\"ru\" data-language-to-translate-into=\"en\" data-phrase-index=\"4\">\u0423\u043f\u0430\u043a\u043e\u0432\u043a\u0430: 250 \u043c\u043b 1 \u043b<\/span><\/li>\n<li><span class=\"JLqJ4b ChMk0b\" data-language-for-alternatives=\"ru\" data-language-to-translate-into=\"en\" data-phrase-index=\"6\">\u041a\u043e\u0434 \u043e\u0431\u044a\u044f\u0432\u043b\u0435\u043d\u0438\u044f: 7115 5746<\/span><\/li>\n<li><span class=\"JLqJ4b ChMk0b\" data-language-for-alternatives=\"ru\" data-language-to-translate-into=\"en\" data-phrase-index=\"8\">\u041f\u0440\u0438\u043c\u0435\u043d\u0435\u043d\u0438\u0435: \u043a\u0438\u0441\u0442\u044c \/ \u0440\u0443\u043b\u043e\u043d<\/span><\/li>\n<li><span class=\"JLqJ4b ChMk0b\" data-language-for-alternatives=\"ru\" data-language-to-translate-into=\"en\" data-phrase-index=\"10\">\u0426\u0432\u0435\u0442: RAL<\/span><\/li>\n<li><span class=\"JLqJ4b ChMk0b\" data-language-for-alternatives=\"ru\" data-language-to-translate-into=\"en\" data-phrase-index=\"12\">\u0411\u0435\u043b\u044b\u0439 20\u201325%<\/span><\/li>\n<li><span class=\"JLqJ4b ChMk0b\" data-language-for-alternatives=\"ru\" data-language-to-translate-into=\"en\" data-phrase-index=\"14\">\u0421\u0432\u0435\u0442\u043b\u0430\u044f \u0441\u043b\u043e\u043d\u043e\u0432\u0430\u044f \u043a\u043e\u0441\u0442\u044c 1015 20\u201325%<\/span><\/li>\n<li><span class=\"JLqJ4b ChMk0b\" data-language-for-alternatives=\"ru\" data-language-to-translate-into=\"en\" data-phrase-index=\"16\">\u0420\u0443\u0431\u0438\u043d \u043a\u0440\u0430\u0441\u043d\u044b\u0439 3003 15-20%<\/span><\/li>\n<li><span class=\"JLqJ4b ChMk0b\" data-language-for-alternatives=\"ru\" data-language-to-translate-into=\"en\" data-phrase-index=\"18\">\u0421\u0430\u043f\u0444\u0438\u0440\u043e\u0432\u043e-\u0441\u0438\u043d\u0438\u0439 5003 15-20%<\/span><\/li>\n<li><span class=\"JLqJ4b ChMk0b\" data-language-for-alternatives=\"ru\" data-language-to-translate-into=\"en\" data-phrase-index=\"20\">Sky blu 5015 15-20%<\/span><\/li>\n<li><span class=\"JLqJ4b ChMk0b\" data-language-for-alternatives=\"ru\" data-language-to-translate-into=\"en\" data-phrase-index=\"22\">\u0417\u0435\u043b\u0435\u043d\u0430\u044f \u043c\u044f\u0442\u0430 6029 15\u201320%<\/span><\/li>\n<li><span class=\"JLqJ4b ChMk0b\" data-language-for-alternatives=\"ru\" data-language-to-translate-into=\"en\" data-phrase-index=\"24\">\u0411\u0435\u043b\u043a\u0430 \u0441\u0435\u0440\u0430\u044f 7000 15\u201320%<\/span><\/li>\n<li><span class=\"JLqJ4b ChMk0b\" data-language-for-alternatives=\"ru\" data-language-to-translate-into=\"en\" data-phrase-index=\"26\">\u0423\u0433\u043e\u043b\u044c\u043d\u043e-\u0447\u0435\u0440\u043d\u044b\u0439 9005 15\u201320%<\/span><\/li>\n<li><span class=\"JLqJ4b ChMk0b\" data-language-for-alternatives=\"ru\" data-language-to-translate-into=\"en\" data-phrase-index=\"28\">\u0424\u0443\u043d\u043a\u0446\u0438\u044f High Gloss PRIMER x 15-20%<\/span><\/li>\n<li><span class=\"JLqJ4b ChMk0b\" data-language-for-alternatives=\"ru\" data-language-to-translate-into=\"en\" data-phrase-index=\"30\">\u0424\u0443\u043d\u043a\u0446\u0438\u044f High Gloss TOPCOAT x 0-5%<\/span><\/li>\n<\/ul>\n","protected":false},"excerpt":{"rendered":"<p>\u0420\u0430\u0437\u0431\u0430\u0432\u0438\u0442\u0435\u043b\u044c \u0434\u043b\u044f \u043d\u0430\u043d\u0435\u0441\u0435\u043d\u0438\u044f \u043a\u0438\u0441\u0442\u044c\u044e \u0438 \u0432\u0430\u043b\u0438\u043a\u043e\u043c \u043f\u043e\u043b\u0438\u0443\u0440\u0435\u0442\u0430\u043d\u043e\u0432\u044b\u0445 \u0444\u0438\u043d\u0438\u0448\u043d\u044b\u0445 \u043f\u043e\u043a\u0440\u044b\u0442\u0438\u0439 &#8211; \u0446\u0432\u0435\u0442\u043d\u044b\u0445 \u0438 \u0431\u0435\u0441\u0446\u0432\u0435\u0442\u043d\u044b\u0445. \u041e\u0447\u0435\u043d\u044c \u0432\u0430\u0436\u043d\u043e \u0438\u0441\u043f\u043e\u043b\u044c\u0437\u043e\u0432\u0430\u0442\u044c \u0440\u0430\u0437\u0431\u0430\u0432\u0438\u0442\u0435\u043b\u0438 \u0434\u043b\u044f \u043a\u0440\u0430\u0441\u043a\u0438, \u043a\u043e\u0442\u043e\u0440\u044b\u0435 \u043e\u0431\u0435\u0441\u043f\u0435\u0447\u0438\u0432\u0430\u044e\u0442 \u0441\u043e\u043e\u0442\u0432\u0435\u0442\u0441\u0442\u0432\u0443\u044e\u0449\u0438\u0435 \u043f\u0430\u0440\u0430\u043c\u0435\u0442\u0440\u044b \u043a\u0440\u0430\u0441\u043a\u0438 &#8211; \u0442\u0435\u043a\u0443\u0447\u0435\u0441\u0442\u044c, \u0436\u0438\u0437\u043d\u0435\u0441\u043f\u043e\u0441\u043e\u0431\u043d\u043e\u0441\u0442\u044c, \u0432\u0440\u0435\u043c\u044f \u0432\u044b\u0441\u044b\u0445\u0430\u043d\u0438\u044f. \u0423\u043f\u0430\u043a\u043e\u0432\u043a\u0430: 250 \u043c\u043b 1 \u043b \u041a\u043e\u0434 \u043e\u0431\u044a\u044f\u0432\u043b\u0435\u043d\u0438\u044f: 7115 5746 \u041f\u0440\u0438\u043c\u0435\u043d\u0435\u043d\u0438\u0435: \u043a\u0438\u0441\u0442\u044c \/ \u0440\u0443\u043b\u043e\u043d \u0426\u0432\u0435\u0442: RAL \u0411\u0435\u043b\u044b\u0439 20\u201325% \u0421\u0432\u0435\u0442\u043b\u0430\u044f \u0441\u043b\u043e\u043d\u043e\u0432\u0430\u044f \u043a\u043e\u0441\u0442\u044c 1015 20\u201325% \u0420\u0443\u0431\u0438\u043d \u043a\u0440\u0430\u0441\u043d\u044b\u0439 3003 15-20% [&hellip;]<\/p>\n","protected":false},"featured_media":4347,"comment_status":"open","ping_status":"closed","template":"","meta":{"_acf_changed":false},"product_brand":[],"product_cat":[150],"product_tag":[],"class_list":{"0":"post-2580","1":"product","2":"type-product","3":"status-publish","4":"has-post-thumbnail","6":"product_cat-poliuretanovye-laki-i-kraski","8":"first","9":"instock","10":"taxable","11":"shipping-taxable","12":"purchasable","13":"product-type-simple"},"acf":[],"yoast_head":"<!-- This site is optimized with the Yoast SEO Premium plugin v23.7 (Yoast SEO v26.9) - https:\/\/yoast.com\/product\/yoast-seo-premium-wordpress\/ -->\n<title>\u0420\u0430\u0437\u0431\u0430\u0432\u0438\u0442\u0435\u043b\u044c \u043f\u043e\u043b\u0438\u0443\u0440\u0435\u0442\u0430\u043d\u0430 \u0434\u043b\u044f \u043e\u043a\u0440\u0430\u0441\u043a\u0438 \u043a\u0438\u0441\u0442\u044c\u044e &#8211; Kompozits.lv<\/title>\n<meta name=\"robots\" content=\"index, follow, max-snippet:-1, max-image-preview:large, max-video-preview:-1\" \/>\n<link rel=\"canonical\" href=\"https:\/\/kompozits.lv\/ru\/produkt\/razbavitel-poliuretana-sea-line\/\" \/>\n<meta property=\"og:locale\" content=\"ru_RU\" \/>\n<meta property=\"og:type\" content=\"article\" \/>\n<meta property=\"og:title\" content=\"\u0420\u0430\u0437\u0431\u0430\u0432\u0438\u0442\u0435\u043b\u044c \u043f\u043e\u043b\u0438\u0443\u0440\u0435\u0442\u0430\u043d\u0430 \u0434\u043b\u044f \u043e\u043a\u0440\u0430\u0441\u043a\u0438 \u043a\u0438\u0441\u0442\u044c\u044e\" \/>\n<meta property=\"og:description\" content=\"\u0420\u0430\u0437\u0431\u0430\u0432\u0438\u0442\u0435\u043b\u044c \u0434\u043b\u044f \u043d\u0430\u043d\u0435\u0441\u0435\u043d\u0438\u044f \u043a\u0438\u0441\u0442\u044c\u044e \u0438 \u0432\u0430\u043b\u0438\u043a\u043e\u043c \u043f\u043e\u043b\u0438\u0443\u0440\u0435\u0442\u0430\u043d\u043e\u0432\u044b\u0445 \u0444\u0438\u043d\u0438\u0448\u043d\u044b\u0445 \u043f\u043e\u043a\u0440\u044b\u0442\u0438\u0439 &#8211; \u0446\u0432\u0435\u0442\u043d\u044b\u0445 \u0438 \u0431\u0435\u0441\u0446\u0432\u0435\u0442\u043d\u044b\u0445. \u041e\u0447\u0435\u043d\u044c \u0432\u0430\u0436\u043d\u043e \u0438\u0441\u043f\u043e\u043b\u044c\u0437\u043e\u0432\u0430\u0442\u044c \u0440\u0430\u0437\u0431\u0430\u0432\u0438\u0442\u0435\u043b\u0438 \u0434\u043b\u044f \u043a\u0440\u0430\u0441\u043a\u0438, \u043a\u043e\u0442\u043e\u0440\u044b\u0435 \u043e\u0431\u0435\u0441\u043f\u0435\u0447\u0438\u0432\u0430\u044e\u0442 \u0441\u043e\u043e\u0442\u0432\u0435\u0442\u0441\u0442\u0432\u0443\u044e\u0449\u0438\u0435 \u043f\u0430\u0440\u0430\u043c\u0435\u0442\u0440\u044b \u043a\u0440\u0430\u0441\u043a\u0438 &#8211; \u0442\u0435\u043a\u0443\u0447\u0435\u0441\u0442\u044c, \u0436\u0438\u0437\u043d\u0435\u0441\u043f\u043e\u0441\u043e\u0431\u043d\u043e\u0441\u0442\u044c, \u0432\u0440\u0435\u043c\u044f \u0432\u044b\u0441\u044b\u0445\u0430\u043d\u0438\u044f. \u0423\u043f\u0430\u043a\u043e\u0432\u043a\u0430: 250 \u043c\u043b 1 \u043b \u041a\u043e\u0434 \u043e\u0431\u044a\u044f\u0432\u043b\u0435\u043d\u0438\u044f: 7115 5746 \u041f\u0440\u0438\u043c\u0435\u043d\u0435\u043d\u0438\u0435: \u043a\u0438\u0441\u0442\u044c \/ \u0440\u0443\u043b\u043e\u043d \u0426\u0432\u0435\u0442: RAL \u0411\u0435\u043b\u044b\u0439 20\u201325% \u0421\u0432\u0435\u0442\u043b\u0430\u044f \u0441\u043b\u043e\u043d\u043e\u0432\u0430\u044f \u043a\u043e\u0441\u0442\u044c 1015 20\u201325% \u0420\u0443\u0431\u0438\u043d \u043a\u0440\u0430\u0441\u043d\u044b\u0439 3003 15-20% [&hellip;]\" \/>\n<meta property=\"og:url\" content=\"https:\/\/kompozits.lv\/ru\/produkt\/razbavitel-poliuretana-sea-line\/\" \/>\n<meta property=\"og:site_name\" content=\"Kompozits.lv\" \/>\n<meta property=\"article:publisher\" content=\"https:\/\/www.facebook.com\/kompozits\/\" \/>\n<meta property=\"article:modified_time\" content=\"2021-01-15T23:10:31+00:00\" \/>\n<meta property=\"og:image\" content=\"https:\/\/kompozits.lv\/app\/uploads\/2020\/04\/poliuretana-lakas-skidinatajs-sea-line-thinner-250-ml-razbavitel.jpg\" \/>\n\t<meta property=\"og:image:width\" content=\"1000\" \/>\n\t<meta property=\"og:image:height\" content=\"1000\" \/>\n\t<meta property=\"og:image:type\" content=\"image\/jpeg\" \/>\n<meta name=\"twitter:card\" content=\"summary_large_image\" \/>\n<meta name=\"twitter:label1\" content=\"Price\" \/>\n\t<meta name=\"twitter:data1\" content=\"&euro;&nbsp;8.47\" \/>\n\t<meta name=\"twitter:label2\" content=\"Availability\" \/>\n\t<meta name=\"twitter:data2\" content=\"In stock\" \/>\n<script type=\"application\/ld+json\" class=\"yoast-schema-graph\">{\"@context\":\"https:\/\/schema.org\",\"@graph\":[{\"@type\":\"WebPage\",\"@id\":\"https:\/\/kompozits.lv\/ru\/produkt\/razbavitel-poliuretana-sea-line\/\",\"url\":\"https:\/\/kompozits.lv\/ru\/produkt\/razbavitel-poliuretana-sea-line\/\",\"name\":\"\u0420\u0430\u0437\u0431\u0430\u0432\u0438\u0442\u0435\u043b\u044c \u043f\u043e\u043b\u0438\u0443\u0440\u0435\u0442\u0430\u043d\u0430 \u0434\u043b\u044f \u043e\u043a\u0440\u0430\u0441\u043a\u0438 \u043a\u0438\u0441\u0442\u044c\u044e &#8211; Kompozits.lv\",\"isPartOf\":{\"@id\":\"https:\/\/kompozits.lv\/ru\/#website\"},\"primaryImageOfPage\":{\"@id\":\"https:\/\/kompozits.lv\/ru\/produkt\/razbavitel-poliuretana-sea-line\/#primaryimage\"},\"image\":{\"@id\":\"https:\/\/kompozits.lv\/ru\/produkt\/razbavitel-poliuretana-sea-line\/#primaryimage\"},\"thumbnailUrl\":\"https:\/\/kompozits.lv\/app\/uploads\/2020\/04\/poliuretana-lakas-skidinatajs-sea-line-thinner-250-ml-razbavitel.jpg\",\"datePublished\":\"2020-04-29T13:39:25+00:00\",\"dateModified\":\"2021-01-15T23:10:31+00:00\",\"breadcrumb\":{\"@id\":\"https:\/\/kompozits.lv\/ru\/produkt\/razbavitel-poliuretana-sea-line\/#breadcrumb\"},\"inLanguage\":\"ru-RU\",\"potentialAction\":[{\"@type\":\"ReadAction\",\"target\":[\"https:\/\/kompozits.lv\/ru\/produkt\/razbavitel-poliuretana-sea-line\/\"]}]},{\"@type\":\"ImageObject\",\"inLanguage\":\"ru-RU\",\"@id\":\"https:\/\/kompozits.lv\/ru\/produkt\/razbavitel-poliuretana-sea-line\/#primaryimage\",\"url\":\"https:\/\/kompozits.lv\/app\/uploads\/2020\/04\/poliuretana-lakas-skidinatajs-sea-line-thinner-250-ml-razbavitel.jpg\",\"contentUrl\":\"https:\/\/kompozits.lv\/app\/uploads\/2020\/04\/poliuretana-lakas-skidinatajs-sea-line-thinner-250-ml-razbavitel.jpg\",\"width\":1000,\"height\":1000,\"caption\":\"Poliurte\u0101na kr\u0101sas - lakas \u0161\u0137\u012bdin\u0101t\u0101js Sea-Line\u00ae 250 ml\"},{\"@type\":\"BreadcrumbList\",\"@id\":\"https:\/\/kompozits.lv\/ru\/produkt\/razbavitel-poliuretana-sea-line\/#breadcrumb\",\"itemListElement\":[{\"@type\":\"ListItem\",\"position\":1,\"name\":\"\u041c\u0430\u0433\u0430\u0437\u0438\u043d\",\"item\":\"https:\/\/kompozits.lv\/ru\/magazin\/\"},{\"@type\":\"ListItem\",\"position\":2,\"name\":\"\u0420\u0430\u0437\u0431\u0430\u0432\u0438\u0442\u0435\u043b\u044c \u043f\u043e\u043b\u0438\u0443\u0440\u0435\u0442\u0430\u043d\u0430 \u0434\u043b\u044f \u043e\u043a\u0440\u0430\u0441\u043a\u0438 \u043a\u0438\u0441\u0442\u044c\u044e\"}]},{\"@type\":\"WebSite\",\"@id\":\"https:\/\/kompozits.lv\/ru\/#website\",\"url\":\"https:\/\/kompozits.lv\/ru\/\",\"name\":\"Kompozits.lv\",\"description\":\"Kompoz\u012btmateri\u0101lu lielveikals\",\"publisher\":{\"@id\":\"https:\/\/kompozits.lv\/ru\/#organization\"},\"potentialAction\":[{\"@type\":\"SearchAction\",\"target\":{\"@type\":\"EntryPoint\",\"urlTemplate\":\"https:\/\/kompozits.lv\/ru\/?s={search_term_string}\"},\"query-input\":{\"@type\":\"PropertyValueSpecification\",\"valueRequired\":true,\"valueName\":\"search_term_string\"}}],\"inLanguage\":\"ru-RU\"},{\"@type\":\"Organization\",\"@id\":\"https:\/\/kompozits.lv\/ru\/#organization\",\"name\":\"SIA Prestol Kompozits\",\"url\":\"https:\/\/kompozits.lv\/ru\/\",\"logo\":{\"@type\":\"ImageObject\",\"inLanguage\":\"ru-RU\",\"@id\":\"https:\/\/kompozits.lv\/ru\/#\/schema\/logo\/image\/\",\"url\":\"https:\/\/kompozits.lv\/app\/uploads\/2020\/03\/kompozits1.svg\",\"contentUrl\":\"https:\/\/kompozits.lv\/app\/uploads\/2020\/03\/kompozits1.svg\",\"width\":1,\"height\":1,\"caption\":\"SIA Prestol Kompozits\"},\"image\":{\"@id\":\"https:\/\/kompozits.lv\/ru\/#\/schema\/logo\/image\/\"},\"sameAs\":[\"https:\/\/www.facebook.com\/kompozits\/\"]}]}<\/script>\n<meta property=\"product:price:amount\" content=\"8.47\" \/>\n<meta property=\"product:price:currency\" content=\"EUR\" \/>\n<meta property=\"og:availability\" content=\"instock\" \/>\n<meta property=\"product:availability\" content=\"instock\" \/>\n<meta property=\"product:retailer_item_id\" content=\"4030110\" \/>\n<meta property=\"product:condition\" content=\"new\" \/>\n<!-- \/ Yoast SEO Premium plugin. -->","yoast_head_json":{"title":"\u0420\u0430\u0437\u0431\u0430\u0432\u0438\u0442\u0435\u043b\u044c \u043f\u043e\u043b\u0438\u0443\u0440\u0435\u0442\u0430\u043d\u0430 \u0434\u043b\u044f \u043e\u043a\u0440\u0430\u0441\u043a\u0438 \u043a\u0438\u0441\u0442\u044c\u044e &#8211; Kompozits.lv","robots":{"index":"index","follow":"follow","max-snippet":"max-snippet:-1","max-image-preview":"max-image-preview:large","max-video-preview":"max-video-preview:-1"},"canonical":"https:\/\/kompozits.lv\/ru\/produkt\/razbavitel-poliuretana-sea-line\/","og_locale":"ru_RU","og_type":"article","og_title":"\u0420\u0430\u0437\u0431\u0430\u0432\u0438\u0442\u0435\u043b\u044c \u043f\u043e\u043b\u0438\u0443\u0440\u0435\u0442\u0430\u043d\u0430 \u0434\u043b\u044f \u043e\u043a\u0440\u0430\u0441\u043a\u0438 \u043a\u0438\u0441\u0442\u044c\u044e","og_description":"\u0420\u0430\u0437\u0431\u0430\u0432\u0438\u0442\u0435\u043b\u044c \u0434\u043b\u044f \u043d\u0430\u043d\u0435\u0441\u0435\u043d\u0438\u044f \u043a\u0438\u0441\u0442\u044c\u044e \u0438 \u0432\u0430\u043b\u0438\u043a\u043e\u043c \u043f\u043e\u043b\u0438\u0443\u0440\u0435\u0442\u0430\u043d\u043e\u0432\u044b\u0445 \u0444\u0438\u043d\u0438\u0448\u043d\u044b\u0445 \u043f\u043e\u043a\u0440\u044b\u0442\u0438\u0439 &#8211; \u0446\u0432\u0435\u0442\u043d\u044b\u0445 \u0438 \u0431\u0435\u0441\u0446\u0432\u0435\u0442\u043d\u044b\u0445. \u041e\u0447\u0435\u043d\u044c \u0432\u0430\u0436\u043d\u043e \u0438\u0441\u043f\u043e\u043b\u044c\u0437\u043e\u0432\u0430\u0442\u044c \u0440\u0430\u0437\u0431\u0430\u0432\u0438\u0442\u0435\u043b\u0438 \u0434\u043b\u044f \u043a\u0440\u0430\u0441\u043a\u0438, \u043a\u043e\u0442\u043e\u0440\u044b\u0435 \u043e\u0431\u0435\u0441\u043f\u0435\u0447\u0438\u0432\u0430\u044e\u0442 \u0441\u043e\u043e\u0442\u0432\u0435\u0442\u0441\u0442\u0432\u0443\u044e\u0449\u0438\u0435 \u043f\u0430\u0440\u0430\u043c\u0435\u0442\u0440\u044b \u043a\u0440\u0430\u0441\u043a\u0438 &#8211; \u0442\u0435\u043a\u0443\u0447\u0435\u0441\u0442\u044c, \u0436\u0438\u0437\u043d\u0435\u0441\u043f\u043e\u0441\u043e\u0431\u043d\u043e\u0441\u0442\u044c, \u0432\u0440\u0435\u043c\u044f \u0432\u044b\u0441\u044b\u0445\u0430\u043d\u0438\u044f. \u0423\u043f\u0430\u043a\u043e\u0432\u043a\u0430: 250 \u043c\u043b 1 \u043b \u041a\u043e\u0434 \u043e\u0431\u044a\u044f\u0432\u043b\u0435\u043d\u0438\u044f: 7115 5746 \u041f\u0440\u0438\u043c\u0435\u043d\u0435\u043d\u0438\u0435: \u043a\u0438\u0441\u0442\u044c \/ \u0440\u0443\u043b\u043e\u043d \u0426\u0432\u0435\u0442: RAL \u0411\u0435\u043b\u044b\u0439 20\u201325% \u0421\u0432\u0435\u0442\u043b\u0430\u044f \u0441\u043b\u043e\u043d\u043e\u0432\u0430\u044f \u043a\u043e\u0441\u0442\u044c 1015 20\u201325% \u0420\u0443\u0431\u0438\u043d \u043a\u0440\u0430\u0441\u043d\u044b\u0439 3003 15-20% [&hellip;]","og_url":"https:\/\/kompozits.lv\/ru\/produkt\/razbavitel-poliuretana-sea-line\/","og_site_name":"Kompozits.lv","article_publisher":"https:\/\/www.facebook.com\/kompozits\/","article_modified_time":"2021-01-15T23:10:31+00:00","og_image":[{"width":1000,"height":1000,"url":"https:\/\/kompozits.lv\/app\/uploads\/2020\/04\/poliuretana-lakas-skidinatajs-sea-line-thinner-250-ml-razbavitel.jpg","type":"image\/jpeg"}],"twitter_card":"summary_large_image","twitter_misc":{"Price":"&euro;&nbsp;8.47","Availability":"In stock"},"schema":{"@context":"https:\/\/schema.org","@graph":[{"@type":"WebPage","@id":"https:\/\/kompozits.lv\/ru\/produkt\/razbavitel-poliuretana-sea-line\/","url":"https:\/\/kompozits.lv\/ru\/produkt\/razbavitel-poliuretana-sea-line\/","name":"\u0420\u0430\u0437\u0431\u0430\u0432\u0438\u0442\u0435\u043b\u044c \u043f\u043e\u043b\u0438\u0443\u0440\u0435\u0442\u0430\u043d\u0430 \u0434\u043b\u044f \u043e\u043a\u0440\u0430\u0441\u043a\u0438 \u043a\u0438\u0441\u0442\u044c\u044e &#8211; Kompozits.lv","isPartOf":{"@id":"https:\/\/kompozits.lv\/ru\/#website"},"primaryImageOfPage":{"@id":"https:\/\/kompozits.lv\/ru\/produkt\/razbavitel-poliuretana-sea-line\/#primaryimage"},"image":{"@id":"https:\/\/kompozits.lv\/ru\/produkt\/razbavitel-poliuretana-sea-line\/#primaryimage"},"thumbnailUrl":"https:\/\/kompozits.lv\/app\/uploads\/2020\/04\/poliuretana-lakas-skidinatajs-sea-line-thinner-250-ml-razbavitel.jpg","datePublished":"2020-04-29T13:39:25+00:00","dateModified":"2021-01-15T23:10:31+00:00","breadcrumb":{"@id":"https:\/\/kompozits.lv\/ru\/produkt\/razbavitel-poliuretana-sea-line\/#breadcrumb"},"inLanguage":"ru-RU","potentialAction":[{"@type":"ReadAction","target":["https:\/\/kompozits.lv\/ru\/produkt\/razbavitel-poliuretana-sea-line\/"]}]},{"@type":"ImageObject","inLanguage":"ru-RU","@id":"https:\/\/kompozits.lv\/ru\/produkt\/razbavitel-poliuretana-sea-line\/#primaryimage","url":"https:\/\/kompozits.lv\/app\/uploads\/2020\/04\/poliuretana-lakas-skidinatajs-sea-line-thinner-250-ml-razbavitel.jpg","contentUrl":"https:\/\/kompozits.lv\/app\/uploads\/2020\/04\/poliuretana-lakas-skidinatajs-sea-line-thinner-250-ml-razbavitel.jpg","width":1000,"height":1000,"caption":"Poliurte\u0101na kr\u0101sas - lakas \u0161\u0137\u012bdin\u0101t\u0101js Sea-Line\u00ae 250 ml"},{"@type":"BreadcrumbList","@id":"https:\/\/kompozits.lv\/ru\/produkt\/razbavitel-poliuretana-sea-line\/#breadcrumb","itemListElement":[{"@type":"ListItem","position":1,"name":"\u041c\u0430\u0433\u0430\u0437\u0438\u043d","item":"https:\/\/kompozits.lv\/ru\/magazin\/"},{"@type":"ListItem","position":2,"name":"\u0420\u0430\u0437\u0431\u0430\u0432\u0438\u0442\u0435\u043b\u044c \u043f\u043e\u043b\u0438\u0443\u0440\u0435\u0442\u0430\u043d\u0430 \u0434\u043b\u044f \u043e\u043a\u0440\u0430\u0441\u043a\u0438 \u043a\u0438\u0441\u0442\u044c\u044e"}]},{"@type":"WebSite","@id":"https:\/\/kompozits.lv\/ru\/#website","url":"https:\/\/kompozits.lv\/ru\/","name":"Kompozits.lv","description":"Kompoz\u012btmateri\u0101lu lielveikals","publisher":{"@id":"https:\/\/kompozits.lv\/ru\/#organization"},"potentialAction":[{"@type":"SearchAction","target":{"@type":"EntryPoint","urlTemplate":"https:\/\/kompozits.lv\/ru\/?s={search_term_string}"},"query-input":{"@type":"PropertyValueSpecification","valueRequired":true,"valueName":"search_term_string"}}],"inLanguage":"ru-RU"},{"@type":"Organization","@id":"https:\/\/kompozits.lv\/ru\/#organization","name":"SIA Prestol Kompozits","url":"https:\/\/kompozits.lv\/ru\/","logo":{"@type":"ImageObject","inLanguage":"ru-RU","@id":"https:\/\/kompozits.lv\/ru\/#\/schema\/logo\/image\/","url":"https:\/\/kompozits.lv\/app\/uploads\/2020\/03\/kompozits1.svg","contentUrl":"https:\/\/kompozits.lv\/app\/uploads\/2020\/03\/kompozits1.svg","width":1,"height":1,"caption":"SIA Prestol Kompozits"},"image":{"@id":"https:\/\/kompozits.lv\/ru\/#\/schema\/logo\/image\/"},"sameAs":["https:\/\/www.facebook.com\/kompozits\/"]}]},"product_price_amount":"8.47","product_price_currency":"EUR","og_availability":"instock","product_availability":"instock","product_retailer_item_id":"4030110","product_condition":"new"},"_links":{"self":[{"href":"https:\/\/kompozits.lv\/ru\/wp-json\/wp\/v2\/product\/2580","targetHints":{"allow":["GET"]}}],"collection":[{"href":"https:\/\/kompozits.lv\/ru\/wp-json\/wp\/v2\/product"}],"about":[{"href":"https:\/\/kompozits.lv\/ru\/wp-json\/wp\/v2\/types\/product"}],"replies":[{"embeddable":true,"href":"https:\/\/kompozits.lv\/ru\/wp-json\/wp\/v2\/comments?post=2580"}],"wp:featuredmedia":[{"embeddable":true,"href":"https:\/\/kompozits.lv\/ru\/wp-json\/wp\/v2\/media\/4347"}],"wp:attachment":[{"href":"https:\/\/kompozits.lv\/ru\/wp-json\/wp\/v2\/media?parent=2580"}],"wp:term":[{"taxonomy":"product_brand","embeddable":true,"href":"https:\/\/kompozits.lv\/ru\/wp-json\/wp\/v2\/product_brand?post=2580"},{"taxonomy":"product_cat","embeddable":true,"href":"https:\/\/kompozits.lv\/ru\/wp-json\/wp\/v2\/product_cat?post=2580"},{"taxonomy":"product_tag","embeddable":true,"href":"https:\/\/kompozits.lv\/ru\/wp-json\/wp\/v2\/product_tag?post=2580"}],"curies":[{"name":"wp","href":"https:\/\/api.w.org\/{rel}","templated":true}]}}