{"id":3014,"date":"2020-04-29T13:49:57","date_gmt":"2020-04-29T10:49:57","guid":{"rendered":"https:\/\/kompozits.lv\/product\/%d0%b2%d0%b0%d0%ba%d1%83%d1%83%d0%bc%d0%bd%d1%8b%d0%b9-%d0%ba%d0%bb%d0%b0%d0%bf%d0%b0%d0%bd\/"},"modified":"2021-01-04T02:03:03","modified_gmt":"2021-01-04T00:03:03","slug":"vakuumnyj-klapan","status":"publish","type":"product","link":"https:\/\/kompozits.lv\/ru\/produkt\/vakuumnyj-klapan\/","title":{"rendered":"\u0412\u0430\u043a\u0443\u0443\u043c\u043d\u044b\u0439 \u043a\u043b\u0430\u043f\u0430\u043d"},"content":{"rendered":"","protected":false},"excerpt":{"rendered":"","protected":false},"featured_media":8136,"comment_status":"closed","ping_status":"closed","template":"","meta":{"_acf_changed":false},"product_brand":[],"product_cat":[176],"product_tag":[],"class_list":{"0":"post-3014","1":"product","2":"type-product","3":"status-publish","4":"has-post-thumbnail","6":"product_cat-vakuumnye-aksessuary","8":"first","9":"instock","10":"taxable","11":"shipping-taxable","12":"purchasable","13":"product-type-simple"},"acf":[],"yoast_head":"<!-- This site is optimized with the Yoast SEO Premium plugin v23.7 (Yoast SEO v26.9) - https:\/\/yoast.com\/product\/yoast-seo-premium-wordpress\/ -->\n<title>\u0412\u0430\u043a\u0443\u0443\u043c\u043d\u044b\u0439 \u043a\u043b\u0430\u043f\u0430\u043d &#8211; Kompozits.lv<\/title>\n<meta name=\"robots\" content=\"index, follow, max-snippet:-1, max-image-preview:large, max-video-preview:-1\" \/>\n<link rel=\"canonical\" href=\"https:\/\/kompozits.lv\/ru\/produkt\/vakuumnyj-klapan\/\" \/>\n<meta property=\"og:locale\" content=\"ru_RU\" \/>\n<meta property=\"og:type\" content=\"article\" \/>\n<meta property=\"og:title\" content=\"\u0412\u0430\u043a\u0443\u0443\u043c\u043d\u044b\u0439 \u043a\u043b\u0430\u043f\u0430\u043d\" \/>\n<meta property=\"og:url\" content=\"https:\/\/kompozits.lv\/ru\/produkt\/vakuumnyj-klapan\/\" \/>\n<meta property=\"og:site_name\" content=\"Kompozits.lv\" \/>\n<meta property=\"article:publisher\" content=\"https:\/\/www.facebook.com\/kompozits\/\" \/>\n<meta property=\"article:modified_time\" content=\"2021-01-04T00:03:03+00:00\" \/>\n<meta name=\"twitter:card\" content=\"summary_large_image\" \/>\n<meta name=\"twitter:label1\" content=\"Price\" \/>\n\t<meta name=\"twitter:data1\" content=\"&euro;&nbsp;2.66\" \/>\n\t<meta name=\"twitter:label2\" content=\"Availability\" \/>\n\t<meta name=\"twitter:data2\" content=\"In stock\" \/>\n<script type=\"application\/ld+json\" class=\"yoast-schema-graph\">{\"@context\":\"https:\/\/schema.org\",\"@graph\":[{\"@type\":\"WebPage\",\"@id\":\"https:\/\/kompozits.lv\/ru\/produkt\/vakuumnyj-klapan\/\",\"url\":\"https:\/\/kompozits.lv\/ru\/produkt\/vakuumnyj-klapan\/\",\"name\":\"\u0412\u0430\u043a\u0443\u0443\u043c\u043d\u044b\u0439 \u043a\u043b\u0430\u043f\u0430\u043d &#8211; Kompozits.lv\",\"isPartOf\":{\"@id\":\"https:\/\/kompozits.lv\/ru\/#website\"},\"primaryImageOfPage\":{\"@id\":\"https:\/\/kompozits.lv\/ru\/produkt\/vakuumnyj-klapan\/#primaryimage\"},\"image\":{\"@id\":\"https:\/\/kompozits.lv\/ru\/produkt\/vakuumnyj-klapan\/#primaryimage\"},\"thumbnailUrl\":\"https:\/\/kompozits.lv\/app\/uploads\/2020\/04\/infuzijas-varsts-vac-valve-12-vacuum-infusion-valve-12-1.jpg\",\"datePublished\":\"2020-04-29T10:49:57+00:00\",\"dateModified\":\"2021-01-04T00:03:03+00:00\",\"breadcrumb\":{\"@id\":\"https:\/\/kompozits.lv\/ru\/produkt\/vakuumnyj-klapan\/#breadcrumb\"},\"inLanguage\":\"ru-RU\",\"potentialAction\":[{\"@type\":\"ReadAction\",\"target\":[\"https:\/\/kompozits.lv\/ru\/produkt\/vakuumnyj-klapan\/\"]}]},{\"@type\":\"ImageObject\",\"inLanguage\":\"ru-RU\",\"@id\":\"https:\/\/kompozits.lv\/ru\/produkt\/vakuumnyj-klapan\/#primaryimage\",\"url\":\"https:\/\/kompozits.lv\/app\/uploads\/2020\/04\/infuzijas-varsts-vac-valve-12-vacuum-infusion-valve-12-1.jpg\",\"contentUrl\":\"https:\/\/kompozits.lv\/app\/uploads\/2020\/04\/infuzijas-varsts-vac-valve-12-vacuum-infusion-valve-12-1.jpg\",\"width\":1000,\"height\":1000,\"caption\":\"Inf\u016bzijas v\u0101rsts (va\u013c\u0101)\"},{\"@type\":\"BreadcrumbList\",\"@id\":\"https:\/\/kompozits.lv\/ru\/produkt\/vakuumnyj-klapan\/#breadcrumb\",\"itemListElement\":[{\"@type\":\"ListItem\",\"position\":1,\"name\":\"\u041c\u0430\u0433\u0430\u0437\u0438\u043d\",\"item\":\"https:\/\/kompozits.lv\/ru\/magazin\/\"},{\"@type\":\"ListItem\",\"position\":2,\"name\":\"\u0412\u0430\u043a\u0443\u0443\u043c\u043d\u044b\u0439 \u043a\u043b\u0430\u043f\u0430\u043d\"}]},{\"@type\":\"WebSite\",\"@id\":\"https:\/\/kompozits.lv\/ru\/#website\",\"url\":\"https:\/\/kompozits.lv\/ru\/\",\"name\":\"Kompozits.lv\",\"description\":\"Kompoz\u012btmateri\u0101lu lielveikals\",\"publisher\":{\"@id\":\"https:\/\/kompozits.lv\/ru\/#organization\"},\"potentialAction\":[{\"@type\":\"SearchAction\",\"target\":{\"@type\":\"EntryPoint\",\"urlTemplate\":\"https:\/\/kompozits.lv\/ru\/?s={search_term_string}\"},\"query-input\":{\"@type\":\"PropertyValueSpecification\",\"valueRequired\":true,\"valueName\":\"search_term_string\"}}],\"inLanguage\":\"ru-RU\"},{\"@type\":\"Organization\",\"@id\":\"https:\/\/kompozits.lv\/ru\/#organization\",\"name\":\"SIA Prestol Kompozits\",\"url\":\"https:\/\/kompozits.lv\/ru\/\",\"logo\":{\"@type\":\"ImageObject\",\"inLanguage\":\"ru-RU\",\"@id\":\"https:\/\/kompozits.lv\/ru\/#\/schema\/logo\/image\/\",\"url\":\"https:\/\/kompozits.lv\/app\/uploads\/2020\/03\/kompozits1.svg\",\"contentUrl\":\"https:\/\/kompozits.lv\/app\/uploads\/2020\/03\/kompozits1.svg\",\"width\":1,\"height\":1,\"caption\":\"SIA Prestol Kompozits\"},\"image\":{\"@id\":\"https:\/\/kompozits.lv\/ru\/#\/schema\/logo\/image\/\"},\"sameAs\":[\"https:\/\/www.facebook.com\/kompozits\/\"]}]}<\/script>\n<meta property=\"product:price:amount\" content=\"2.66\" \/>\n<meta property=\"product:price:currency\" content=\"EUR\" \/>\n<meta property=\"og:availability\" content=\"instock\" \/>\n<meta property=\"product:availability\" content=\"instock\" \/>\n<meta property=\"product:retailer_item_id\" content=\"4720110\" \/>\n<meta property=\"product:condition\" content=\"new\" \/>\n<!-- \/ Yoast SEO Premium plugin. -->","yoast_head_json":{"title":"\u0412\u0430\u043a\u0443\u0443\u043c\u043d\u044b\u0439 \u043a\u043b\u0430\u043f\u0430\u043d &#8211; Kompozits.lv","robots":{"index":"index","follow":"follow","max-snippet":"max-snippet:-1","max-image-preview":"max-image-preview:large","max-video-preview":"max-video-preview:-1"},"canonical":"https:\/\/kompozits.lv\/ru\/produkt\/vakuumnyj-klapan\/","og_locale":"ru_RU","og_type":"article","og_title":"\u0412\u0430\u043a\u0443\u0443\u043c\u043d\u044b\u0439 \u043a\u043b\u0430\u043f\u0430\u043d","og_url":"https:\/\/kompozits.lv\/ru\/produkt\/vakuumnyj-klapan\/","og_site_name":"Kompozits.lv","article_publisher":"https:\/\/www.facebook.com\/kompozits\/","article_modified_time":"2021-01-04T00:03:03+00:00","twitter_card":"summary_large_image","twitter_misc":{"Price":"&euro;&nbsp;2.66","Availability":"In stock"},"schema":{"@context":"https:\/\/schema.org","@graph":[{"@type":"WebPage","@id":"https:\/\/kompozits.lv\/ru\/produkt\/vakuumnyj-klapan\/","url":"https:\/\/kompozits.lv\/ru\/produkt\/vakuumnyj-klapan\/","name":"\u0412\u0430\u043a\u0443\u0443\u043c\u043d\u044b\u0439 \u043a\u043b\u0430\u043f\u0430\u043d &#8211; Kompozits.lv","isPartOf":{"@id":"https:\/\/kompozits.lv\/ru\/#website"},"primaryImageOfPage":{"@id":"https:\/\/kompozits.lv\/ru\/produkt\/vakuumnyj-klapan\/#primaryimage"},"image":{"@id":"https:\/\/kompozits.lv\/ru\/produkt\/vakuumnyj-klapan\/#primaryimage"},"thumbnailUrl":"https:\/\/kompozits.lv\/app\/uploads\/2020\/04\/infuzijas-varsts-vac-valve-12-vacuum-infusion-valve-12-1.jpg","datePublished":"2020-04-29T10:49:57+00:00","dateModified":"2021-01-04T00:03:03+00:00","breadcrumb":{"@id":"https:\/\/kompozits.lv\/ru\/produkt\/vakuumnyj-klapan\/#breadcrumb"},"inLanguage":"ru-RU","potentialAction":[{"@type":"ReadAction","target":["https:\/\/kompozits.lv\/ru\/produkt\/vakuumnyj-klapan\/"]}]},{"@type":"ImageObject","inLanguage":"ru-RU","@id":"https:\/\/kompozits.lv\/ru\/produkt\/vakuumnyj-klapan\/#primaryimage","url":"https:\/\/kompozits.lv\/app\/uploads\/2020\/04\/infuzijas-varsts-vac-valve-12-vacuum-infusion-valve-12-1.jpg","contentUrl":"https:\/\/kompozits.lv\/app\/uploads\/2020\/04\/infuzijas-varsts-vac-valve-12-vacuum-infusion-valve-12-1.jpg","width":1000,"height":1000,"caption":"Inf\u016bzijas v\u0101rsts (va\u013c\u0101)"},{"@type":"BreadcrumbList","@id":"https:\/\/kompozits.lv\/ru\/produkt\/vakuumnyj-klapan\/#breadcrumb","itemListElement":[{"@type":"ListItem","position":1,"name":"\u041c\u0430\u0433\u0430\u0437\u0438\u043d","item":"https:\/\/kompozits.lv\/ru\/magazin\/"},{"@type":"ListItem","position":2,"name":"\u0412\u0430\u043a\u0443\u0443\u043c\u043d\u044b\u0439 \u043a\u043b\u0430\u043f\u0430\u043d"}]},{"@type":"WebSite","@id":"https:\/\/kompozits.lv\/ru\/#website","url":"https:\/\/kompozits.lv\/ru\/","name":"Kompozits.lv","description":"Kompoz\u012btmateri\u0101lu lielveikals","publisher":{"@id":"https:\/\/kompozits.lv\/ru\/#organization"},"potentialAction":[{"@type":"SearchAction","target":{"@type":"EntryPoint","urlTemplate":"https:\/\/kompozits.lv\/ru\/?s={search_term_string}"},"query-input":{"@type":"PropertyValueSpecification","valueRequired":true,"valueName":"search_term_string"}}],"inLanguage":"ru-RU"},{"@type":"Organization","@id":"https:\/\/kompozits.lv\/ru\/#organization","name":"SIA Prestol Kompozits","url":"https:\/\/kompozits.lv\/ru\/","logo":{"@type":"ImageObject","inLanguage":"ru-RU","@id":"https:\/\/kompozits.lv\/ru\/#\/schema\/logo\/image\/","url":"https:\/\/kompozits.lv\/app\/uploads\/2020\/03\/kompozits1.svg","contentUrl":"https:\/\/kompozits.lv\/app\/uploads\/2020\/03\/kompozits1.svg","width":1,"height":1,"caption":"SIA Prestol Kompozits"},"image":{"@id":"https:\/\/kompozits.lv\/ru\/#\/schema\/logo\/image\/"},"sameAs":["https:\/\/www.facebook.com\/kompozits\/"]}]},"product_price_amount":"2.66","product_price_currency":"EUR","og_availability":"instock","product_availability":"instock","product_retailer_item_id":"4720110","product_condition":"new"},"_links":{"self":[{"href":"https:\/\/kompozits.lv\/ru\/wp-json\/wp\/v2\/product\/3014","targetHints":{"allow":["GET"]}}],"collection":[{"href":"https:\/\/kompozits.lv\/ru\/wp-json\/wp\/v2\/product"}],"about":[{"href":"https:\/\/kompozits.lv\/ru\/wp-json\/wp\/v2\/types\/product"}],"replies":[{"embeddable":true,"href":"https:\/\/kompozits.lv\/ru\/wp-json\/wp\/v2\/comments?post=3014"}],"wp:featuredmedia":[{"embeddable":true,"href":"https:\/\/kompozits.lv\/ru\/wp-json\/wp\/v2\/media\/8136"}],"wp:attachment":[{"href":"https:\/\/kompozits.lv\/ru\/wp-json\/wp\/v2\/media?parent=3014"}],"wp:term":[{"taxonomy":"product_brand","embeddable":true,"href":"https:\/\/kompozits.lv\/ru\/wp-json\/wp\/v2\/product_brand?post=3014"},{"taxonomy":"product_cat","embeddable":true,"href":"https:\/\/kompozits.lv\/ru\/wp-json\/wp\/v2\/product_cat?post=3014"},{"taxonomy":"product_tag","embeddable":true,"href":"https:\/\/kompozits.lv\/ru\/wp-json\/wp\/v2\/product_tag?post=3014"}],"curies":[{"name":"wp","href":"https:\/\/api.w.org\/{rel}","templated":true}]}}